{"id":29501,"date":"2024-05-28T15:24:03","date_gmt":"2024-05-28T18:24:03","guid":{"rendered":"https:\/\/www.institutosantosdumont.org.br\/?page_id=29501"},"modified":"2024-05-28T15:44:35","modified_gmt":"2024-05-28T18:44:35","slug":"sobre-o-ceua-isd","status":"publish","type":"page","link":"https:\/\/institutosantosdumont.org.br\/es\/sobre-o-ceua-isd\/","title":{"rendered":"Acerca de CEUA\/ISD"},"content":{"rendered":"<div data-elementor-type=\"wp-post\" data-elementor-id=\"29501\" class=\"elementor elementor-29501\" data-elementor-post-type=\"page\">\n\t\t\t\t\t\t<section class=\"elementor-section elementor-top-section elementor-element elementor-element-e0c00f1 elementor-section-boxed elementor-section-height-default elementor-section-height-default\" data-id=\"e0c00f1\" data-element_type=\"section\">\n\t\t\t\t\t\t<div class=\"elementor-container elementor-column-gap-default\">\n\t\t\t\t\t<div class=\"elementor-column elementor-col-100 elementor-top-column elementor-element elementor-element-9c626d7\" data-id=\"9c626d7\" data-element_type=\"column\">\n\t\t\t<div class=\"elementor-widget-wrap elementor-element-populated\">\n\t\t\t\t\t\t<div class=\"elementor-element elementor-element-399e008 elementor-widget elementor-widget-text-editor\" data-id=\"399e008\" data-element_type=\"widget\" data-widget_type=\"text-editor.default\">\n\t\t\t\t<div class=\"elementor-widget-container\">\n\t\t\t\t\t\t\t\t\t<p>Seg\u00fan la Resoluci\u00f3n Normativa CONCEA\/MCTI N\u00b0 51, el Comit\u00e9 de \u00c9tica en el Uso de Animales \u2013 CEUA es condici\u00f3n indispensable para que cualquier instituci\u00f3n legalmente establecida en el territorio nacional, que produzca, mantenga o utilice animales para la ense\u00f1anza o la investigaci\u00f3n cient\u00edfica, solicite acreditaci\u00f3n ante el Consejo Nacional de Control de la Experimentaci\u00f3n Animal \u2013 Concea.<\/p><p>A los CEUA les corresponde, entre otras funciones, I \u2013 cumplir y hacer cumplir, en el \u00e1mbito de sus funciones, las disposiciones de la Ley n\u00fam. las del Concea son observadas por los profesionales involucrados en la producci\u00f3n, mantenimiento o utilizaci\u00f3n de animales en. actividades de docencia o de investigaci\u00f3n cient\u00edfica.<\/p><p><b>Acreditaci\u00f3n Institucional para Actividades con Animales en la Docencia o Investigaci\u00f3n Cient\u00edfica \u2013 CIAEP<\/b><\/p><p>CNPJ: 19.176.461\/0002-29 \u2013 SUCURSAL<br \/><span style=\"color: var( --e-global-color-text ); font-family: var( --e-global-typography-text-font-family ), Sans-serif; font-weight: var( --e-global-typography-text-font-weight );\">Raz\u00f3n social: INSTITUTO DE INVESTIGACIONES ALBERTO SANTOS DUMONT<br \/><\/span><span style=\"color: var( --e-global-color-text ); font-family: var( --e-global-typography-text-font-family ), Sans-serif; font-weight: var( --e-global-typography-text-font-weight );\">Nombre de la Instituci\u00f3n: INSTITUTO INTERNACIONAL DE NEUROCIENCIAS EDMOND AND LILY SAFRA<br \/><\/span><span style=\"color: var( --e-global-color-text ); font-family: var( --e-global-typography-text-font-family ), Sans-serif; font-weight: var( --e-global-typography-text-font-weight );\">Direcci\u00f3n de la Instituci\u00f3n: Estrada Vicinal, 1560, Distrito de Jundia\u00ed, CEP 59.280-000, Maca\u00edba\/RN.<br \/><\/span><span style=\"color: var( --e-global-color-text ); font-family: var( --e-global-typography-text-font-family ), Sans-serif; font-weight: var( --e-global-typography-text-font-weight );\">Actividad: Producci\u00f3n, Mantenimiento o Utilizaci\u00f3n de Animales en Actividades de Ense\u00f1anza o Investigaci\u00f3n Cient\u00edfica.<br \/><\/span><span style=\"color: var( --e-global-color-text ); font-family: var( --e-global-typography-text-font-family ), Sans-serif; font-weight: var( --e-global-typography-text-font-weight );\">CIAEP\/CONCEA\/MCTI No.: 02.0520.2024<br \/><\/span><span style=\"color: var( --e-global-color-text ); font-family: var( --e-global-typography-text-font-family ), Sans-serif; font-weight: var( --e-global-typography-text-font-weight );\">Fecha de publicaci\u00f3n: 29\/01\/2024<br \/><\/span><span style=\"color: var( --e-global-color-text ); font-family: var( --e-global-typography-text-font-family ), Sans-serif; font-weight: var( --e-global-typography-text-font-weight );\">Vigencia CIAEP: 28\/01\/2029<\/span><\/p>\t\t\t\t\t\t\t\t<\/div>\n\t\t\t\t<\/div>\n\t\t\t\t<div class=\"elementor-element elementor-element-383c0d1 elementor-widget-divider--view-line elementor-widget elementor-widget-divider\" data-id=\"383c0d1\" data-element_type=\"widget\" data-widget_type=\"divider.default\">\n\t\t\t\t<div class=\"elementor-widget-container\">\n\t\t\t\t\t\t\t<div class=\"elementor-divider\">\n\t\t\t<span class=\"elementor-divider-separator\">\n\t\t\t\t\t\t<\/span>\n\t\t<\/div>\n\t\t\t\t\t\t<\/div>\n\t\t\t\t<\/div>\n\t\t\t\t<div class=\"elementor-element elementor-element-650e9e0 elementor-widget elementor-widget-text-editor\" data-id=\"650e9e0\" data-element_type=\"widget\" data-widget_type=\"text-editor.default\">\n\t\t\t\t<div class=\"elementor-widget-container\">\n\t\t\t\t\t\t\t\t\t<p><strong>CONTACTO<\/strong><\/p><p>Correo electr\u00f3nico: ceua@isd.org.br<br \/><span style=\"color: var( --e-global-color-text ); font-family: var( --e-global-typography-text-font-family ), Sans-serif; font-weight: var( --e-global-typography-text-font-weight );\">Tel\u00e9fono: (84) 99127-6085<\/span><\/p><p><strong>Ubicaci\u00f3n<\/strong><br \/>Instituto de Docencia e Investigaci\u00f3n Alberto Santos Dumont<br \/>Estrada Vicinal, 1560, Distrito de Jundia\u00ed, <br \/>CEP 59.280-000<br \/>Maca\u00edba, R\u00edo Grande del Norte<\/p>\t\t\t\t\t\t\t\t<\/div>\n\t\t\t\t<\/div>\n\t\t\t\t\t<\/div>\n\t\t<\/div>\n\t\t\t\t\t<\/div>\n\t\t<\/section>\n\t\t\t\t<section class=\"elementor-section elementor-top-section elementor-element elementor-element-74077e0 elementor-section-boxed elementor-section-height-default elementor-section-height-default\" data-id=\"74077e0\" data-element_type=\"section\">\n\t\t\t\t\t\t<div class=\"elementor-container elementor-column-gap-default\">\n\t\t\t\t\t<div class=\"elementor-column elementor-col-100 elementor-top-column elementor-element elementor-element-ac110ea\" data-id=\"ac110ea\" data-element_type=\"column\">\n\t\t\t<div class=\"elementor-widget-wrap elementor-element-populated\">\n\t\t\t\t\t\t<div class=\"elementor-element elementor-element-891f078 elementor-widget elementor-widget-google_maps\" data-id=\"891f078\" data-element_type=\"widget\" data-widget_type=\"google_maps.default\">\n\t\t\t\t<div class=\"elementor-widget-container\">\n\t\t\t\t\t\t\t<div class=\"elementor-custom-embed\">\n\t\t\t<iframe loading=\"lazy\"\n\t\t\t\t\tsrc=\"https:\/\/maps.google.com\/maps?q=Instituto%20Internacional%20de%20Neuroci%C3%AAncias&#038;t=m&#038;z=9&#038;output=embed&#038;iwloc=near\"\n\t\t\t\t\ttitle=\"Instituto Internacional de Neurociencias\"\n\t\t\t\t\taria-label=\"Instituto Internacional de Neurociencias\"\n\t\t\t><\/iframe>\n\t\t<\/div>\n\t\t\t\t\t\t<\/div>\n\t\t\t\t<\/div>\n\t\t\t\t\t<\/div>\n\t\t<\/div>\n\t\t\t\t\t<\/div>\n\t\t<\/section>\n\t\t\t\t<\/div>","protected":false},"excerpt":{"rendered":"<p>De acuerdo con la Resoluci\u00f3n Normativa CONCEA\/MCTI No. 51, el Comit\u00e9 de \u00c9tica en el Uso de Animales \u2013 CEUA es condici\u00f3n indispensable para que cualquier instituci\u00f3n legalmente establecida en el territorio nacional, que produzca, mantenga o utilice animales para la docencia o investigaci\u00f3n cient\u00edfica, pueda solicitar acreditaci\u00f3n ante el Consejo Nacional para el Control de la Experimentaci\u00f3n Animal \u2013 [\u2026]<\/p>","protected":false},"author":15,"featured_media":0,"parent":0,"menu_order":0,"comment_status":"closed","ping_status":"closed","template":"","meta":{"_acf_changed":false,"footnotes":""},"class_list":["post-29501","page","type-page","status-publish","hentry"],"acf":[],"_links":{"self":[{"href":"https:\/\/institutosantosdumont.org.br\/es\/wp-json\/wp\/v2\/pages\/29501","targetHints":{"allow":["GET"]}}],"collection":[{"href":"https:\/\/institutosantosdumont.org.br\/es\/wp-json\/wp\/v2\/pages"}],"about":[{"href":"https:\/\/institutosantosdumont.org.br\/es\/wp-json\/wp\/v2\/types\/page"}],"author":[{"embeddable":true,"href":"https:\/\/institutosantosdumont.org.br\/es\/wp-json\/wp\/v2\/users\/15"}],"replies":[{"embeddable":true,"href":"https:\/\/institutosantosdumont.org.br\/es\/wp-json\/wp\/v2\/comments?post=29501"}],"version-history":[{"count":0,"href":"https:\/\/institutosantosdumont.org.br\/es\/wp-json\/wp\/v2\/pages\/29501\/revisions"}],"wp:attachment":[{"href":"https:\/\/institutosantosdumont.org.br\/es\/wp-json\/wp\/v2\/media?parent=29501"}],"curies":[{"name":"wp","href":"https:\/\/api.w.org\/{rel}","templated":true}]}}