{"id":29514,"date":"2024-05-28T15:46:29","date_gmt":"2024-05-28T18:46:29","guid":{"rendered":"https:\/\/www.institutosantosdumont.org.br\/?page_id=29514"},"modified":"2024-05-28T16:06:58","modified_gmt":"2024-05-28T19:06:58","slug":"formularios-ceua-isd","status":"publish","type":"page","link":"https:\/\/institutosantosdumont.org.br\/es\/formularios-ceua-isd\/","title":{"rendered":"Formularios CEUA\/ISD"},"content":{"rendered":"<div data-elementor-type=\"wp-post\" data-elementor-id=\"29514\" class=\"elementor elementor-29514\" data-elementor-post-type=\"page\">\n\t\t\t\t\t\t<section class=\"elementor-section elementor-top-section elementor-element elementor-element-3b2ea5a elementor-section-boxed elementor-section-height-default elementor-section-height-default\" data-id=\"3b2ea5a\" data-element_type=\"section\">\n\t\t\t\t\t\t<div class=\"elementor-container elementor-column-gap-default\">\n\t\t\t\t\t<div class=\"elementor-column elementor-col-100 elementor-top-column elementor-element elementor-element-daf60cb\" data-id=\"daf60cb\" data-element_type=\"column\">\n\t\t\t<div class=\"elementor-widget-wrap elementor-element-populated\">\n\t\t\t\t\t\t<div class=\"elementor-element elementor-element-d719a14 elementor-widget elementor-widget-text-editor\" data-id=\"d719a14\" data-element_type=\"widget\" data-widget_type=\"text-editor.default\">\n\t\t\t\t<div class=\"elementor-widget-container\">\n\t\t\t\t\t\t\t\t\t<p>Haga clic en las pesta\u00f1as a continuaci\u00f3n para acceder a la lista de formularios proporcionados por CEUA\/ISD.<\/p>\t\t\t\t\t\t\t\t<\/div>\n\t\t\t\t<\/div>\n\t\t\t\t<div class=\"elementor-element elementor-element-be2912b elementor-tabs-view-horizontal elementor-widget elementor-widget-tabs\" data-id=\"be2912b\" data-element_type=\"widget\" data-widget_type=\"tabs.default\">\n\t\t\t\t<div class=\"elementor-widget-container\">\n\t\t\t\t\t\t\t<div class=\"elementor-tabs\">\n\t\t\t<div class=\"elementor-tabs-wrapper\" role=\"tablist\" >\n\t\t\t\t\t\t\t\t\t<div id=\"elementor-tab-title-1991\" class=\"elementor-tab-title elementor-tab-desktop-title\" aria-selected=\"true\" data-tab=\"1\" role=\"tab\" tabindex=\"0\" aria-controls=\"elementor-tab-content-1991\" aria-expanded=\"false\">PLANTILLAS DE FORMULARIO<\/div>\n\t\t\t\t\t\t\t<\/div>\n\t\t\t<div class=\"elementor-tabs-content-wrapper\" role=\"tablist\" aria-orientation=\"vertical\">\n\t\t\t\t\t\t\t\t\t<div class=\"elementor-tab-title elementor-tab-mobile-title\" aria-selected=\"true\" data-tab=\"1\" role=\"tab\" tabindex=\"0\" aria-controls=\"elementor-tab-content-1991\" aria-expanded=\"false\">PLANTILLAS DE FORMULARIO<\/div>\n\t\t\t\t\t<div id=\"elementor-tab-content-1991\" class=\"elementor-tab-content elementor-clearfix\" data-tab=\"1\" role=\"tabpanel\" aria-labelledby=\"elementor-tab-title-1991\" tabindex=\"0\" hidden=\"false\"><h4>Haga clic en los enlaces a continuaci\u00f3n para ver:<\/h4><p><a href=\"https:\/\/docs.google.com\/document\/d\/1VYNpZRtcitFwP2a4uj1E0-7oyw9rE47m\/edit?usp=sharing&amp;ouid=112547790956291497759&amp;rtpof=true&amp;sd=true\" target=\"_blank\" rel=\"noopener noreferrer nofollow\"><strong>Solicitud de autorizaci\u00f3n para utilizar animales en investigaci\u00f3n<\/strong><\/a><\/p><p><a href=\"https:\/\/docs.google.com\/document\/d\/1_u4vJoz70c8i4amiDjvsxUyNBEKkENA0\/edit?usp=sharing&amp;ouid=112547790956291497759&amp;rtpof=true&amp;sd=true\" target=\"_blank\" rel=\"noopener noreferrer nofollow\"><strong>Solicitud de autorizaci\u00f3n para utilizar animales en la docencia<\/strong><\/a><\/p><p><a href=\"https:\/\/docs.google.com\/document\/d\/19tk-6bJCT0yYTfZk4Zttxe34_2QwGvaf\/edit?usp=sharing&amp;ouid=112547790956291497759&amp;rtpof=true&amp;sd=true\" target=\"_blank\" rel=\"noopener noreferrer nofollow\"><strong>Adenda al protocolo aprobado por CEUA<\/strong><\/a><\/p><p><a href=\"https:\/\/docs.google.com\/document\/d\/1hxcGRt3v-41Ta96WZwIr12jmiyTsxprf\/edit?usp=sharing&amp;ouid=112547790956291497759&amp;rtpof=true&amp;sd=true\" target=\"_blank\" rel=\"noopener noreferrer nofollow\"><strong>Solicitud de pr\u00f3rroga de vigencia<\/strong><\/a><\/p><p><strong>\u00a0<\/strong><\/p><p>Los formularios deben ser enviados para an\u00e1lisis previo por parte del CEUA-ISD por correo electr\u00f3nico a ceua@isd.org.br. El plazo para que la comisi\u00f3n emita una opini\u00f3n sobre los nuevos protocolos y adendas es de 15 d\u00edas despu\u00e9s de su presentaci\u00f3n.<\/p><\/div>\n\t\t\t\t\t\t\t<\/div>\n\t\t<\/div>\n\t\t\t\t\t\t<\/div>\n\t\t\t\t<\/div>\n\t\t\t\t\t<\/div>\n\t\t<\/div>\n\t\t\t\t\t<\/div>\n\t\t<\/section>\n\t\t\t\t<\/div>","protected":false},"excerpt":{"rendered":"<p>Haga clic en las pesta\u00f1as a continuaci\u00f3n para acceder a la lista de formularios proporcionados por CEUA\/ISD. PLANTILLAS DE FORMULARIO Haga clic en los enlaces a continuaci\u00f3n para ver: Solicitud de autorizaci\u00f3n para el uso de animales en investigaci\u00f3n Solicitud de autorizaci\u00f3n para el uso de animales en docencia Adenda a un protocolo aprobado por CEUA Solicitud de pr\u00f3rroga de validez [\u2026]<\/p>","protected":false},"author":15,"featured_media":0,"parent":0,"menu_order":0,"comment_status":"closed","ping_status":"closed","template":"","meta":{"_acf_changed":false,"footnotes":""},"class_list":["post-29514","page","type-page","status-publish","hentry"],"acf":[],"_links":{"self":[{"href":"https:\/\/institutosantosdumont.org.br\/es\/wp-json\/wp\/v2\/pages\/29514","targetHints":{"allow":["GET"]}}],"collection":[{"href":"https:\/\/institutosantosdumont.org.br\/es\/wp-json\/wp\/v2\/pages"}],"about":[{"href":"https:\/\/institutosantosdumont.org.br\/es\/wp-json\/wp\/v2\/types\/page"}],"author":[{"embeddable":true,"href":"https:\/\/institutosantosdumont.org.br\/es\/wp-json\/wp\/v2\/users\/15"}],"replies":[{"embeddable":true,"href":"https:\/\/institutosantosdumont.org.br\/es\/wp-json\/wp\/v2\/comments?post=29514"}],"version-history":[{"count":0,"href":"https:\/\/institutosantosdumont.org.br\/es\/wp-json\/wp\/v2\/pages\/29514\/revisions"}],"wp:attachment":[{"href":"https:\/\/institutosantosdumont.org.br\/es\/wp-json\/wp\/v2\/media?parent=29514"}],"curies":[{"name":"wp","href":"https:\/\/api.w.org\/{rel}","templated":true}]}}