{"id":29522,"date":"2024-05-28T16:11:55","date_gmt":"2024-05-28T19:11:55","guid":{"rendered":"https:\/\/www.institutosantosdumont.org.br\/?page_id=29522"},"modified":"2024-05-28T16:19:09","modified_gmt":"2024-05-28T19:19:09","slug":"legislacao-concea","status":"publish","type":"page","link":"https:\/\/institutosantosdumont.org.br\/es\/legislacao-concea\/","title":{"rendered":"Legislaci\u00f3n CONCEA"},"content":{"rendered":"<div data-elementor-type=\"wp-post\" data-elementor-id=\"29522\" class=\"elementor elementor-29522\" data-elementor-post-type=\"page\">\n\t\t\t\t\t\t<section class=\"elementor-section elementor-top-section elementor-element elementor-element-e0c00f1 elementor-section-boxed elementor-section-height-default elementor-section-height-default\" data-id=\"e0c00f1\" data-element_type=\"section\">\n\t\t\t\t\t\t<div class=\"elementor-container elementor-column-gap-default\">\n\t\t\t\t\t<div class=\"elementor-column elementor-col-100 elementor-top-column elementor-element elementor-element-9c626d7\" data-id=\"9c626d7\" data-element_type=\"column\">\n\t\t\t<div class=\"elementor-widget-wrap elementor-element-populated\">\n\t\t\t\t\t\t<div class=\"elementor-element elementor-element-399e008 elementor-widget elementor-widget-text-editor\" data-id=\"399e008\" data-element_type=\"widget\" data-widget_type=\"text-editor.default\">\n\t\t\t\t<div class=\"elementor-widget-container\">\n\t\t\t\t\t\t\t\t\t<p>A continuaci\u00f3n se seleccionan las principales resoluciones normativas del CONCEA aplicables a las actividades realizadas en ISD. El resto de la legislaci\u00f3n del CONCEA se puede consultar en el enlace:<\/p><p>https:\/\/www.gov.br\/mcti\/pt-br\/composicao\/conselhos\/concea\/paginas\/publicacoes-legislacao-e-guia\/legislacao-do-concea<\/p><p><br><\/p><p><b>RESOLUCI\u00d3N NORMATIVA CONCEA\/MCTI N\u00b0 60, DE 2 DE MAYO DE 2023<\/b><\/p><p>https:\/\/www.in.gov.br\/en\/web\/dou\/-\/resolucao-concea-n-60-de-2-de-maio-de-2023-480851042<\/p><p>Establece las condiciones que deben observarse para la creaci\u00f3n, mantenimiento y experimentaci\u00f3n de primates no humanos mantenidos en instalaciones de instituciones educativas o de investigaci\u00f3n cient\u00edfica.<\/p><p><b><br><\/b><\/p><p><b>RESOLUCI\u00d3N NORMATIVA CONCEA\/MCTI N\u00b0 57, DEL 6 DE DICIEMBRE DE 2022<\/b><\/p><p>https:\/\/www.in.gov.br\/web\/dou\/-\/resolucao-n-57-de-6-de-dezembro-de-2022-448572294<\/p><p>Establece las condiciones que deben observarse para la creaci\u00f3n, mantenimiento y experimentaci\u00f3n de Roedores y Lagomorfos mantenidos en instalaciones de ense\u00f1anza o investigaci\u00f3n cient\u00edfica.<\/p><p><br><\/p><p><b>RESOLUCI\u00d3N NORMATIVA CONCEA\/MCTI N\u00b0 55, DE 5 DE OCTUBRE DE 2022<\/b><\/p><p>https:\/\/www.in.gov.br\/web\/dou\/-\/resolucao-n-55-de-5-de-outubro-de-2022-434869177<\/p><p>Actualiza el texto de la Directriz Brasile\u00f1a para el Cuidado y Uso de Animales en Actividades de Ense\u00f1anza o Investigaci\u00f3n Cient\u00edfica \u2013 DBCA.<\/p><p><br><\/p><p><b>RESOLUCI\u00d3N NORMATIVA CONCEA\/MCTI N\u00b0 52, DE 19 DE MAYO DE 2021<\/b><\/p><p>https:\/\/www.in.gov.br\/web\/dou\/-\/resolucao-normativa-concea-n-52-de-19-de-maio-de-2021-321640980<\/p><p>Prev\u00e9 formularios unificados para solicitar autorizaci\u00f3n para el uso de animales en la docencia o investigaci\u00f3n cient\u00edfica y para la autorizaci\u00f3n y certificaci\u00f3n de los Comit\u00e9s de \u00c9tica para el Uso de Animales \u2013 CEUAs.<\/p><p><br><\/p><p><b>RESOLUCI\u00d3N NORMATIVA CONCEA\/MCTI N\u00b0 51, DE 19 DE MAYO DE 2021<\/b><\/p><p>https:\/\/www.in.gov.br\/web\/dou\/-\/resolucao-normativa-concea-n-51-de-19-de-maio-de-2021-321534226<\/p><p>Prev\u00e9 la instalaci\u00f3n y funcionamiento de Comit\u00e9s de \u00c9tica en el Uso de Animales \u2013 CEUA y vivarios o zoosanitarios.<\/p><div><br><\/div>\t\t\t\t\t\t\t\t<\/div>\n\t\t\t\t<\/div>\n\t\t\t\t<div class=\"elementor-element elementor-element-383c0d1 elementor-widget-divider--view-line elementor-widget elementor-widget-divider\" data-id=\"383c0d1\" data-element_type=\"widget\" data-widget_type=\"divider.default\">\n\t\t\t\t<div class=\"elementor-widget-container\">\n\t\t\t\t\t\t\t<div class=\"elementor-divider\">\n\t\t\t<span class=\"elementor-divider-separator\">\n\t\t\t\t\t\t<\/span>\n\t\t<\/div>\n\t\t\t\t\t\t<\/div>\n\t\t\t\t<\/div>\n\t\t\t\t\t<\/div>\n\t\t<\/div>\n\t\t\t\t\t<\/div>\n\t\t<\/section>\n\t\t\t\t<\/div>","protected":false},"excerpt":{"rendered":"<p>A continuaci\u00f3n se presentan las principales resoluciones normativas del CONCEA aplicables a las actividades desarrolladas en el ISD. El resto de la legislaci\u00f3n del CONCEA puede consultarse en el siguiente enlace: https:\/\/www.gov.br\/mcti\/pt-br\/composicao\/conselhos\/concea\/paginas\/publicacoes-legislacao-e-guia\/legislacao-do-concea RESOLUCI\u00d3N REGLAMENTARIA CONCEA\/MCTI N.\u00ba 60, DE 2 DE MAYO DE 2023 https:\/\/www.in.gov.br\/en\/web\/dou\/-\/resolucao-concea-n-60-de-2-de-maio-de-2023-480851042 Establece las condiciones que deben observarse para la creaci\u00f3n, el mantenimiento y la experimentaci\u00f3n [\u2026]<\/p>","protected":false},"author":15,"featured_media":0,"parent":0,"menu_order":0,"comment_status":"closed","ping_status":"closed","template":"","meta":{"_acf_changed":false,"footnotes":""},"class_list":["post-29522","page","type-page","status-publish","hentry"],"acf":[],"_links":{"self":[{"href":"https:\/\/institutosantosdumont.org.br\/es\/wp-json\/wp\/v2\/pages\/29522","targetHints":{"allow":["GET"]}}],"collection":[{"href":"https:\/\/institutosantosdumont.org.br\/es\/wp-json\/wp\/v2\/pages"}],"about":[{"href":"https:\/\/institutosantosdumont.org.br\/es\/wp-json\/wp\/v2\/types\/page"}],"author":[{"embeddable":true,"href":"https:\/\/institutosantosdumont.org.br\/es\/wp-json\/wp\/v2\/users\/15"}],"replies":[{"embeddable":true,"href":"https:\/\/institutosantosdumont.org.br\/es\/wp-json\/wp\/v2\/comments?post=29522"}],"version-history":[{"count":0,"href":"https:\/\/institutosantosdumont.org.br\/es\/wp-json\/wp\/v2\/pages\/29522\/revisions"}],"wp:attachment":[{"href":"https:\/\/institutosantosdumont.org.br\/es\/wp-json\/wp\/v2\/media?parent=29522"}],"curies":[{"name":"wp","href":"https:\/\/api.w.org\/{rel}","templated":true}]}}