{"id":30316,"date":"2024-08-28T14:50:07","date_gmt":"2024-08-28T17:50:07","guid":{"rendered":"https:\/\/www.institutosantosdumont.org.br\/?page_id=30316"},"modified":"2024-08-28T15:03:36","modified_gmt":"2024-08-28T18:03:36","slug":"membros-comite-ict","status":"publish","type":"page","link":"https:\/\/institutosantosdumont.org.br\/es\/membros-comite-ict\/","title":{"rendered":"Miembros del Comit\u00e9 Institucional de Iniciaci\u00f3n Cient\u00edfica"},"content":{"rendered":"<div data-elementor-type=\"wp-post\" data-elementor-id=\"30316\" class=\"elementor elementor-30316\" data-elementor-post-type=\"page\">\n\t\t\t\t\t\t<section class=\"elementor-section elementor-top-section elementor-element elementor-element-f5f30b4 elementor-section-boxed elementor-section-height-default elementor-section-height-default\" data-id=\"f5f30b4\" data-element_type=\"section\">\n\t\t\t\t\t\t<div class=\"elementor-container elementor-column-gap-default\">\n\t\t\t\t\t<div class=\"elementor-column elementor-col-100 elementor-top-column elementor-element elementor-element-d4c94e8\" data-id=\"d4c94e8\" data-element_type=\"column\">\n\t\t\t<div class=\"elementor-widget-wrap elementor-element-populated\">\n\t\t\t\t\t\t<div class=\"elementor-element elementor-element-9143696 elementor-widget elementor-widget-text-editor\" data-id=\"9143696\" data-element_type=\"widget\" data-widget_type=\"text-editor.default\">\n\t\t\t\t<div class=\"elementor-widget-container\">\n\t\t\t\t\t\t\t\t\t<p><span style=\"font-weight: 400;\">El Comit\u00e9 Institucional de Iniciaci\u00f3n Cient\u00edfica est\u00e1 integrado por seis miembros, un coordinador, un coordinador adjunto, dos vocales y dos suplentes. El trabajo se realiza de forma voluntaria e independiente. El objetivo es organizar y dar seguimiento a las solicitudes de Iniciaci\u00f3n Cient\u00edfica, Tecnol\u00f3gica o Cient\u00edfica Junior voluntaria y coordinar los avisos cuando haya becas disponibles. Consulta a continuaci\u00f3n qui\u00e9nes son los miembros actuales.\u00a0<\/span><\/p>\t\t\t\t\t\t\t\t<\/div>\n\t\t\t\t<\/div>\n\t\t\t\t<div class=\"elementor-element elementor-element-053368e elementor-tabs-view-horizontal elementor-widget elementor-widget-tabs\" data-id=\"053368e\" data-element_type=\"widget\" data-widget_type=\"tabs.default\">\n\t\t\t\t<div class=\"elementor-widget-container\">\n\t\t\t\t\t\t\t<div class=\"elementor-tabs\">\n\t\t\t<div class=\"elementor-tabs-wrapper\" role=\"tablist\" >\n\t\t\t\t\t\t\t\t\t<div id=\"elementor-tab-title-5451\" class=\"elementor-tab-title elementor-tab-desktop-title\" aria-selected=\"true\" data-tab=\"1\" role=\"tab\" tabindex=\"0\" aria-controls=\"elementor-tab-content-5451\" aria-expanded=\"false\">TITULARES<\/div>\n\t\t\t\t\t\t\t\t\t<div id=\"elementor-tab-title-5452\" class=\"elementor-tab-title elementor-tab-desktop-title\" aria-selected=\"false\" data-tab=\"2\" role=\"tab\" tabindex=\"-1\" aria-controls=\"elementor-tab-content-5452\" aria-expanded=\"false\">SUSTITUTOS<\/div>\n\t\t\t\t\t\t\t<\/div>\n\t\t\t<div class=\"elementor-tabs-content-wrapper\" role=\"tablist\" aria-orientation=\"vertical\">\n\t\t\t\t\t\t\t\t\t<div class=\"elementor-tab-title elementor-tab-mobile-title\" aria-selected=\"true\" data-tab=\"1\" role=\"tab\" tabindex=\"0\" aria-controls=\"elementor-tab-content-5451\" aria-expanded=\"false\">TITULARES<\/div>\n\t\t\t\t\t<div id=\"elementor-tab-content-5451\" class=\"elementor-tab-content elementor-clearfix\" data-tab=\"1\" role=\"tabpanel\" aria-labelledby=\"elementor-tab-title-5451\" tabindex=\"0\" hidden=\"false\"><p>\u00a0<\/p><p><span style=\"font-family: arial, sans-serif;\"><b>Mar\u00eda Carolina Gonz\u00e1lez<\/b><\/span><span style=\"color: #000000; font-family: arial, sans-serif;\">\u00a0\u2013<span style=\"font-weight: bold;\">\u00a0<wbr \/>COORDINADOR<\/span><\/span><\/p><p><span style=\"font-family: arial, sans-serif;\"><b>Ram\u00f3n Hip\u00f3lito Lima<\/b><\/span><span style=\"color: #000000; font-family: arial, sans-serif;\"><span style=\"font-weight: bold;\">\u00a0<\/span>\u2013<span style=\"font-weight: bold;\">\u00a0COORDINADOR ADJUNTO<\/span><\/span><\/p><p><span style=\"font-family: arial, sans-serif;\"><b>Felipe Porto Fiuza<\/b><\/span><\/p><p><span style=\"font-family: arial, sans-serif;\"><b>Dennis Delisle Rodriguez<\/b><\/span><\/p><\/div>\n\t\t\t\t\t\t\t\t\t<div class=\"elementor-tab-title elementor-tab-mobile-title\" aria-selected=\"false\" data-tab=\"2\" role=\"tab\" tabindex=\"-1\" aria-controls=\"elementor-tab-content-5452\" aria-expanded=\"false\">SUSTITUTOS<\/div>\n\t\t\t\t\t<div id=\"elementor-tab-content-5452\" class=\"elementor-tab-content elementor-clearfix\" data-tab=\"2\" role=\"tabpanel\" aria-labelledby=\"elementor-tab-title-5452\" tabindex=\"0\" hidden=\"hidden\"><div><p><span style=\"color: var( --e-global-color-text ); font-weight: var( --e-global-typography-text-font-weight ); font-family: arial, sans-serif;\"><b>Andressa Radiske<\/b><\/span><\/p><p><span style=\"font-weight: var( --e-global-typography-text-font-weight ); font-family: arial, sans-serif;\"><span style=\"font-weight: bold;\">Gabriel Alves Vasiljevic Mendes<\/span><\/span><span style=\"font-weight: var( --e-global-typography-text-font-weight ); font-family: arial, sans-serif;\"><span style=\"font-weight: bold;\">\u00a0<\/span><\/span><\/p><div><span style=\"color: #000000; font-size: 14px; font-weight: var( --e-global-typography-text-font-weight ); font-family: arial, sans-serif;\">\u00a0<\/span><\/div><\/div><\/div>\n\t\t\t\t\t\t\t<\/div>\n\t\t<\/div>\n\t\t\t\t\t\t<\/div>\n\t\t\t\t<\/div>\n\t\t\t\t\t<\/div>\n\t\t<\/div>\n\t\t\t\t\t<\/div>\n\t\t<\/section>\n\t\t\t\t<\/div>","protected":false},"excerpt":{"rendered":"<p>El CEP\/ISD est\u00e1 compuesto por nueve miembros titulares y nueve suplentes. Su trabajo se realiza de forma voluntaria e independiente, con un mandato de tres a\u00f1os. Su objetivo es defender los intereses de los participantes en la investigaci\u00f3n, su integridad y dignidad, contribuyendo al desarrollo de la investigaci\u00f3n dentro de los est\u00e1ndares \u00e9ticos. A continuaci\u00f3n, conozca qui\u00e9nes son [\u2026]<\/p>","protected":false},"author":15,"featured_media":0,"parent":0,"menu_order":0,"comment_status":"closed","ping_status":"closed","template":"","meta":{"_acf_changed":false,"footnotes":""},"class_list":["post-30316","page","type-page","status-publish","hentry"],"acf":[],"_links":{"self":[{"href":"https:\/\/institutosantosdumont.org.br\/es\/wp-json\/wp\/v2\/pages\/30316","targetHints":{"allow":["GET"]}}],"collection":[{"href":"https:\/\/institutosantosdumont.org.br\/es\/wp-json\/wp\/v2\/pages"}],"about":[{"href":"https:\/\/institutosantosdumont.org.br\/es\/wp-json\/wp\/v2\/types\/page"}],"author":[{"embeddable":true,"href":"https:\/\/institutosantosdumont.org.br\/es\/wp-json\/wp\/v2\/users\/15"}],"replies":[{"embeddable":true,"href":"https:\/\/institutosantosdumont.org.br\/es\/wp-json\/wp\/v2\/comments?post=30316"}],"version-history":[{"count":0,"href":"https:\/\/institutosantosdumont.org.br\/es\/wp-json\/wp\/v2\/pages\/30316\/revisions"}],"wp:attachment":[{"href":"https:\/\/institutosantosdumont.org.br\/es\/wp-json\/wp\/v2\/media?parent=30316"}],"curies":[{"name":"wp","href":"https:\/\/api.w.org\/{rel}","templated":true}]}}