{"id":30848,"date":"2024-11-01T16:29:58","date_gmt":"2024-11-01T19:29:58","guid":{"rendered":"https:\/\/www.institutosantosdumont.org.br\/?page_id=30848"},"modified":"2025-01-06T16:41:44","modified_gmt":"2025-01-06T19:41:44","slug":"semana-do-cerebro-brain-week-2024","status":"publish","type":"page","link":"https:\/\/institutosantosdumont.org.br\/es\/semana-do-cerebro-brain-week-2024\/","title":{"rendered":"Semana del Cerebro \u2013 Semana de Concientizaci\u00f3n sobre el Cerebro 2024"},"content":{"rendered":"<div data-elementor-type=\"wp-page\" data-elementor-id=\"30848\" class=\"elementor elementor-30848\" data-elementor-post-type=\"page\">\n\t\t\t\t<div class=\"elementor-element elementor-element-8777659 e-flex e-con-boxed e-con e-parent\" data-id=\"8777659\" data-element_type=\"container\">\n\t\t\t\t\t<div class=\"e-con-inner\">\n\t\t\t\t<div class=\"elementor-element elementor-element-0a5073e elementor-widget elementor-widget-image\" data-id=\"0a5073e\" data-element_type=\"widget\" data-widget_type=\"image.default\">\n\t\t\t\t<div class=\"elementor-widget-container\">\n\t\t\t\t\t\t\t\t\t\t\t\t\t\t\t<img fetchpriority=\"high\" decoding=\"async\" width=\"768\" height=\"432\" src=\"https:\/\/institutosantosdumont.org.br\/wp-content\/uploads\/2025\/01\/Artes-horizontais-e-mail-14-768x432.png\" class=\"attachment-medium_large size-medium_large wp-image-31340\" alt=\"\" srcset=\"https:\/\/institutosantosdumont.org.br\/wp-content\/uploads\/2025\/01\/Artes-horizontais-e-mail-14-768x432.png 768w, https:\/\/institutosantosdumont.org.br\/wp-content\/uploads\/2025\/01\/Artes-horizontais-e-mail-14-300x169.png 300w, https:\/\/institutosantosdumont.org.br\/wp-content\/uploads\/2025\/01\/Artes-horizontais-e-mail-14-1024x576.png 1024w, https:\/\/institutosantosdumont.org.br\/wp-content\/uploads\/2025\/01\/Artes-horizontais-e-mail-14-1536x864.png 1536w, https:\/\/institutosantosdumont.org.br\/wp-content\/uploads\/2025\/01\/Artes-horizontais-e-mail-14-2048x1152.png 2048w, https:\/\/institutosantosdumont.org.br\/wp-content\/uploads\/2025\/01\/Artes-horizontais-e-mail-14-18x10.png 18w\" sizes=\"(max-width: 768px) 100vw, 768px\" \/>\t\t\t\t\t\t\t\t\t\t\t\t\t\t\t<\/div>\n\t\t\t\t<\/div>\n\t\t\t\t<div class=\"elementor-element elementor-element-3d9bccf elementor-widget elementor-widget-heading\" data-id=\"3d9bccf\" data-element_type=\"widget\" data-widget_type=\"heading.default\">\n\t\t\t\t<div class=\"elementor-widget-container\">\n\t\t\t\t\t<h2 class=\"elementor-heading-title elementor-size-default\">En<\/h2>\t\t\t\t<\/div>\n\t\t\t\t<\/div>\n\t\t\t\t<div class=\"elementor-element elementor-element-26638f0 elementor-widget elementor-widget-text-editor\" data-id=\"26638f0\" data-element_type=\"widget\" data-widget_type=\"text-editor.default\">\n\t\t\t\t<div class=\"elementor-widget-container\">\n\t\t\t\t\t\t\t\t\t<p>ISD Brain Week 2024 cont\u00f3 con estudiantes de educaci\u00f3n b\u00e1sica y primaria de la red p\u00fablica Maca\u00edba con la oportunidad de desentra\u00f1ar los misterios del cerebro y conocer el universo de las neurociencias.<\/p><p><span style=\"color: var( --e-global-color-text ); font-family: var( --e-global-typography-text-font-family ), Sans-serif; font-weight: var( --e-global-typography-text-font-weight ); text-align: var(--text-align);\">Con el tema \u201cNeuroingenier\u00eda: conectando el cerebro con la tecnolog\u00eda\u201d, el proyecto ISD est\u00e1 entre los 8 seleccionados en Brasil y los 103 seleccionados a nivel mundial.\u00a0<\/span><span style=\"color: var( --e-global-color-text ); font-family: var( --e-global-typography-text-font-family ), Sans-serif; font-weight: var( --e-global-typography-text-font-weight ); text-align: var(--text-align);\">El programa incluye talleres sobre la actividad el\u00e9ctrica del cerebro, interfaz cerebro-m\u00e1quina y actividades como control computacional.<\/span><\/p><p><span style=\"color: var( --e-global-color-text ); font-family: var( --e-global-typography-text-font-family ), Sans-serif; font-weight: var( --e-global-typography-text-font-weight ); text-align: var(--text-align);\">El evento tambi\u00e9n incluye actividades en el Centro de Lanzamiento de Barreira do Inferno (CLBI) y en el Centro de Investigaci\u00f3n y Educaci\u00f3n en Salud Anita Garibaldi del ISD.<\/span><\/p><p>La Semana del Cerebro de ISD cuenta con el apoyo de la Brain Research Organization (IBRO) y la Fundaci\u00f3n Dana y tiene como principal objetivo ampliar y acercar el conocimiento cient\u00edfico al p\u00fablico en general, con actividades que involucran diferentes tem\u00e1ticas. \u00a1En ISD, la programaci\u00f3n incluye interfaz cerebro-m\u00e1quina, control computacional y mucho m\u00e1s!<\/p>\t\t\t\t\t\t\t\t<\/div>\n\t\t\t\t<\/div>\n\t\t\t\t<div class=\"elementor-element elementor-element-48d7abe elementor-widget-divider--view-line elementor-widget elementor-widget-divider\" data-id=\"48d7abe\" data-element_type=\"widget\" data-widget_type=\"divider.default\">\n\t\t\t\t<div class=\"elementor-widget-container\">\n\t\t\t\t\t\t\t<div class=\"elementor-divider\">\n\t\t\t<span class=\"elementor-divider-separator\">\n\t\t\t\t\t\t<\/span>\n\t\t<\/div>\n\t\t\t\t\t\t<\/div>\n\t\t\t\t<\/div>\n\t\t\t\t<div class=\"elementor-element elementor-element-6941b33 elementor-widget elementor-widget-heading\" data-id=\"6941b33\" data-element_type=\"widget\" data-widget_type=\"heading.default\">\n\t\t\t\t<div class=\"elementor-widget-container\">\n\t\t\t\t\t<h2 class=\"elementor-heading-title elementor-size-default\">Cronograma<\/h2>\t\t\t\t<\/div>\n\t\t\t\t<\/div>\n\t\t\t\t\t<\/div>\n\t\t\t\t<\/div>\n\t\t<div class=\"elementor-element elementor-element-399ce1b e-flex e-con-boxed e-con e-parent\" data-id=\"399ce1b\" data-element_type=\"container\">\n\t\t\t\t\t<div class=\"e-con-inner\">\n\t\t\t\t<div class=\"elementor-element elementor-element-aa53c76 elementor-widget elementor-widget-image\" data-id=\"aa53c76\" data-element_type=\"widget\" data-widget_type=\"image.default\">\n\t\t\t\t<div class=\"elementor-widget-container\">\n\t\t\t\t\t\t\t\t\t\t\t\t\t\t\t<img decoding=\"async\" width=\"768\" height=\"524\" src=\"https:\/\/institutosantosdumont.org.br\/wp-content\/uploads\/2025\/01\/Neuroengineering-Connecting-Brains-and-Technology-Brain-Awareness-Week-2024-2-768x524.png\" class=\"attachment-medium_large size-medium_large wp-image-31339\" alt=\"\" srcset=\"https:\/\/institutosantosdumont.org.br\/wp-content\/uploads\/2025\/01\/Neuroengineering-Connecting-Brains-and-Technology-Brain-Awareness-Week-2024-2-768x524.png 768w, https:\/\/institutosantosdumont.org.br\/wp-content\/uploads\/2025\/01\/Neuroengineering-Connecting-Brains-and-Technology-Brain-Awareness-Week-2024-2-300x205.png 300w, https:\/\/institutosantosdumont.org.br\/wp-content\/uploads\/2025\/01\/Neuroengineering-Connecting-Brains-and-Technology-Brain-Awareness-Week-2024-2-1024x698.png 1024w, https:\/\/institutosantosdumont.org.br\/wp-content\/uploads\/2025\/01\/Neuroengineering-Connecting-Brains-and-Technology-Brain-Awareness-Week-2024-2-1536x1047.png 1536w, https:\/\/institutosantosdumont.org.br\/wp-content\/uploads\/2025\/01\/Neuroengineering-Connecting-Brains-and-Technology-Brain-Awareness-Week-2024-2-2048x1396.png 2048w, https:\/\/institutosantosdumont.org.br\/wp-content\/uploads\/2025\/01\/Neuroengineering-Connecting-Brains-and-Technology-Brain-Awareness-Week-2024-2-18x12.png 18w\" sizes=\"(max-width: 768px) 100vw, 768px\" \/>\t\t\t\t\t\t\t\t\t\t\t\t\t\t\t<\/div>\n\t\t\t\t<\/div>\n\t\t\t\t<div class=\"elementor-element elementor-element-ac46536 elementor-align-center elementor-widget elementor-widget-button\" data-id=\"ac46536\" data-element_type=\"widget\" data-widget_type=\"button.default\">\n\t\t\t\t<div class=\"elementor-widget-container\">\n\t\t\t\t\t\t\t\t\t<div class=\"elementor-button-wrapper\">\n\t\t\t\t\t<a class=\"elementor-button elementor-button-link elementor-size-sm\" href=\"https:\/\/institutosantosdumont.org.br\/wp-content\/uploads\/2025\/01\/Neuroengineering-Connecting-Brains-and-Technology-Brain-Awareness-Week-2024-1.png\">\n\t\t\t\t\t\t<span class=\"elementor-button-content-wrapper\">\n\t\t\t\t\t\t<span class=\"elementor-button-icon\">\n\t\t\t\t<i aria-hidden=\"true\" class=\"fas fa-book\"><\/i>\t\t\t<\/span>\n\t\t\t\t\t\t\t\t\t<span class=\"elementor-button-text\">Haga clic aqu\u00ed para ver el horario en ingl\u00e9s.<\/span>\n\t\t\t\t\t<\/span>\n\t\t\t\t\t<\/a>\n\t\t\t\t<\/div>\n\t\t\t\t\t\t\t\t<\/div>\n\t\t\t\t<\/div>\n\t\t\t\t<div class=\"elementor-element elementor-element-48b6d80 elementor-widget elementor-widget-heading\" data-id=\"48b6d80\" data-element_type=\"widget\" data-widget_type=\"heading.default\">\n\t\t\t\t<div class=\"elementor-widget-container\">\n\t\t\t\t\t<h2 class=\"elementor-heading-title elementor-size-default\">Actividades<\/h2>\t\t\t\t<\/div>\n\t\t\t\t<\/div>\n\t\t\t\t<div class=\"elementor-element elementor-element-4d83d1f elementor-widget elementor-widget-text-editor\" data-id=\"4d83d1f\" data-element_type=\"widget\" data-widget_type=\"text-editor.default\">\n\t\t\t\t<div class=\"elementor-widget-container\">\n\t\t\t\t\t\t\t\t\t<p>\u00a0<\/p><ul><li>\u00bfC\u00f3mo codifica el cerebro la memoria?<\/li><li>Pintar el cerebro<\/li><li>Leer la actividad el\u00e9ctrica del cerebro<\/li><li>Controlar la computadora con movimientos oculares<\/li><li>Interfaz cerebro-m\u00e1quina en la era de la tecnolog\u00eda<\/li><li>Sinfon\u00eda neuronal: c\u00f3mo suenan nuestros procesos cerebrales<\/li><li>Descubriendo lo invisible: explorando el mundo microsc\u00f3pico<\/li><li>C\u00f3mo la rob\u00f3tica ayuda a revelar los misterios del cosmos y el cerebro<\/li><li>Telescopios y microscopios: explorando lo desconocido<\/li><\/ul>\t\t\t\t\t\t\t\t<\/div>\n\t\t\t\t<\/div>\n\t\t\t\t<div class=\"elementor-element elementor-element-885ae76 elementor-widget-divider--view-line elementor-widget elementor-widget-divider\" data-id=\"885ae76\" data-element_type=\"widget\" data-widget_type=\"divider.default\">\n\t\t\t\t<div class=\"elementor-widget-container\">\n\t\t\t\t\t\t\t<div class=\"elementor-divider\">\n\t\t\t<span class=\"elementor-divider-separator\">\n\t\t\t\t\t\t<\/span>\n\t\t<\/div>\n\t\t\t\t\t\t<\/div>\n\t\t\t\t<\/div>\n\t\t\t\t<div class=\"elementor-element elementor-element-b227d01 elementor-widget elementor-widget-heading\" data-id=\"b227d01\" data-element_type=\"widget\" data-widget_type=\"heading.default\">\n\t\t\t\t<div class=\"elementor-widget-container\">\n\t\t\t\t\t<h2 class=\"elementor-heading-title elementor-size-default\">Galer\u00eda de fotos<\/h2>\t\t\t\t<\/div>\n\t\t\t\t<\/div>\n\t\t\t\t<div class=\"elementor-element elementor-element-547b903 elementor-widget elementor-widget-gallery\" data-id=\"547b903\" data-element_type=\"widget\" data-settings=\"{&quot;lazyload&quot;:&quot;yes&quot;,&quot;gallery_layout&quot;:&quot;grid&quot;,&quot;columns&quot;:4,&quot;columns_tablet&quot;:2,&quot;columns_mobile&quot;:1,&quot;gap&quot;:{&quot;unit&quot;:&quot;px&quot;,&quot;size&quot;:10,&quot;sizes&quot;:[]},&quot;gap_tablet&quot;:{&quot;unit&quot;:&quot;px&quot;,&quot;size&quot;:10,&quot;sizes&quot;:[]},&quot;gap_mobile&quot;:{&quot;unit&quot;:&quot;px&quot;,&quot;size&quot;:10,&quot;sizes&quot;:[]},&quot;link_to&quot;:&quot;file&quot;,&quot;aspect_ratio&quot;:&quot;3:2&quot;,&quot;overlay_background&quot;:&quot;yes&quot;,&quot;content_hover_animation&quot;:&quot;fade-in&quot;}\" data-widget_type=\"gallery.default\">\n\t\t\t\t<div class=\"elementor-widget-container\">\n\t\t\t\t\t\t\t<div class=\"elementor-gallery__container\">\n\t\t\t\t\t\t\t<a class=\"e-gallery-item elementor-gallery-item elementor-animated-content\" href=\"https:\/\/institutosantosdumont.org.br\/wp-content\/uploads\/2025\/01\/IMG_0551-scaled.jpg\" data-elementor-open-lightbox=\"yes\" data-elementor-lightbox-slideshow=\"547b903\" data-elementor-lightbox-title=\"IMG_0551\" data-e-action-hash=\"#elementor-action%3Aaction%3Dlightbox%26settings%3DeyJpZCI6MzEzMTIsInVybCI6Imh0dHBzOlwvXC9pbnN0aXR1dG9zYW50b3NkdW1vbnQub3JnLmJyXC93cC1jb250ZW50XC91cGxvYWRzXC8yMDI1XC8wMVwvSU1HXzA1NTEtc2NhbGVkLmpwZyIsInNsaWRlc2hvdyI6IjU0N2I5MDMifQ%3D%3D\">\n\t\t\t\t\t<div class=\"e-gallery-image elementor-gallery-item__image\" data-thumbnail=\"https:\/\/institutosantosdumont.org.br\/wp-content\/uploads\/2025\/01\/IMG_0551-300x200.jpg\" data-width=\"300\" data-height=\"200\" aria-label=\"\" role=\"img\" ><\/div>\n\t\t\t\t\t\t\t\t\t\t\t<div class=\"elementor-gallery-item__overlay\"><\/div>\n\t\t\t\t\t\t\t\t\t\t\t\t\t\t<\/a>\n\t\t\t\t\t\t\t<a class=\"e-gallery-item elementor-gallery-item elementor-animated-content\" href=\"https:\/\/institutosantosdumont.org.br\/wp-content\/uploads\/2025\/01\/IMG_0563-scaled.jpg\" data-elementor-open-lightbox=\"yes\" data-elementor-lightbox-slideshow=\"547b903\" data-elementor-lightbox-title=\"IMG_0563\" data-e-action-hash=\"#elementor-action%3Aaction%3Dlightbox%26settings%3DeyJpZCI6MzEzMTMsInVybCI6Imh0dHBzOlwvXC9pbnN0aXR1dG9zYW50b3NkdW1vbnQub3JnLmJyXC93cC1jb250ZW50XC91cGxvYWRzXC8yMDI1XC8wMVwvSU1HXzA1NjMtc2NhbGVkLmpwZyIsInNsaWRlc2hvdyI6IjU0N2I5MDMifQ%3D%3D\">\n\t\t\t\t\t<div class=\"e-gallery-image elementor-gallery-item__image\" data-thumbnail=\"https:\/\/institutosantosdumont.org.br\/wp-content\/uploads\/2025\/01\/IMG_0563-300x200.jpg\" data-width=\"300\" data-height=\"200\" aria-label=\"\" role=\"img\" ><\/div>\n\t\t\t\t\t\t\t\t\t\t\t<div class=\"elementor-gallery-item__overlay\"><\/div>\n\t\t\t\t\t\t\t\t\t\t\t\t\t\t<\/a>\n\t\t\t\t\t\t\t<a class=\"e-gallery-item elementor-gallery-item elementor-animated-content\" href=\"https:\/\/institutosantosdumont.org.br\/wp-content\/uploads\/2025\/01\/IMG_0573-1-scaled.jpg\" data-elementor-open-lightbox=\"yes\" data-elementor-lightbox-slideshow=\"547b903\" data-elementor-lightbox-title=\"IMG_0573 (1)\" data-e-action-hash=\"#elementor-action%3Aaction%3Dlightbox%26settings%3DeyJpZCI6MzEzMTUsInVybCI6Imh0dHBzOlwvXC9pbnN0aXR1dG9zYW50b3NkdW1vbnQub3JnLmJyXC93cC1jb250ZW50XC91cGxvYWRzXC8yMDI1XC8wMVwvSU1HXzA1NzMtMS1zY2FsZWQuanBnIiwic2xpZGVzaG93IjoiNTQ3YjkwMyJ9\">\n\t\t\t\t\t<div class=\"e-gallery-image elementor-gallery-item__image\" data-thumbnail=\"https:\/\/institutosantosdumont.org.br\/wp-content\/uploads\/2025\/01\/IMG_0573-1-300x200.jpg\" data-width=\"300\" data-height=\"200\" aria-label=\"\" role=\"img\" ><\/div>\n\t\t\t\t\t\t\t\t\t\t\t<div class=\"elementor-gallery-item__overlay\"><\/div>\n\t\t\t\t\t\t\t\t\t\t\t\t\t\t<\/a>\n\t\t\t\t\t\t\t<a class=\"e-gallery-item elementor-gallery-item elementor-animated-content\" href=\"https:\/\/institutosantosdumont.org.br\/wp-content\/uploads\/2025\/01\/IMG_0610-scaled.jpg\" data-elementor-open-lightbox=\"yes\" data-elementor-lightbox-slideshow=\"547b903\" data-elementor-lightbox-title=\"IMG_0610\" data-e-action-hash=\"#elementor-action%3Aaction%3Dlightbox%26settings%3DeyJpZCI6MzEzMTYsInVybCI6Imh0dHBzOlwvXC9pbnN0aXR1dG9zYW50b3NkdW1vbnQub3JnLmJyXC93cC1jb250ZW50XC91cGxvYWRzXC8yMDI1XC8wMVwvSU1HXzA2MTAtc2NhbGVkLmpwZyIsInNsaWRlc2hvdyI6IjU0N2I5MDMifQ%3D%3D\">\n\t\t\t\t\t<div class=\"e-gallery-image elementor-gallery-item__image\" data-thumbnail=\"https:\/\/institutosantosdumont.org.br\/wp-content\/uploads\/2025\/01\/IMG_0610-300x200.jpg\" data-width=\"300\" data-height=\"200\" aria-label=\"\" role=\"img\" ><\/div>\n\t\t\t\t\t\t\t\t\t\t\t<div class=\"elementor-gallery-item__overlay\"><\/div>\n\t\t\t\t\t\t\t\t\t\t\t\t\t\t<\/a>\n\t\t\t\t\t\t\t<a class=\"e-gallery-item elementor-gallery-item elementor-animated-content\" href=\"https:\/\/institutosantosdumont.org.br\/wp-content\/uploads\/2025\/01\/IMG_4194-scaled.jpg\" data-elementor-open-lightbox=\"yes\" data-elementor-lightbox-slideshow=\"547b903\" data-elementor-lightbox-title=\"IMG_4194\" data-e-action-hash=\"#elementor-action%3Aaction%3Dlightbox%26settings%3DeyJpZCI6MzEzMTksInVybCI6Imh0dHBzOlwvXC9pbnN0aXR1dG9zYW50b3NkdW1vbnQub3JnLmJyXC93cC1jb250ZW50XC91cGxvYWRzXC8yMDI1XC8wMVwvSU1HXzQxOTQtc2NhbGVkLmpwZyIsInNsaWRlc2hvdyI6IjU0N2I5MDMifQ%3D%3D\">\n\t\t\t\t\t<div class=\"e-gallery-image elementor-gallery-item__image\" data-thumbnail=\"https:\/\/institutosantosdumont.org.br\/wp-content\/uploads\/2025\/01\/IMG_4194-300x200.jpg\" data-width=\"300\" data-height=\"200\" aria-label=\"\" role=\"img\" ><\/div>\n\t\t\t\t\t\t\t\t\t\t\t<div class=\"elementor-gallery-item__overlay\"><\/div>\n\t\t\t\t\t\t\t\t\t\t\t\t\t\t<\/a>\n\t\t\t\t\t\t\t<a class=\"e-gallery-item elementor-gallery-item elementor-animated-content\" href=\"https:\/\/institutosantosdumont.org.br\/wp-content\/uploads\/2025\/01\/IMG_4142-scaled.jpg\" data-elementor-open-lightbox=\"yes\" data-elementor-lightbox-slideshow=\"547b903\" data-elementor-lightbox-title=\"IMG_4142\" data-e-action-hash=\"#elementor-action%3Aaction%3Dlightbox%26settings%3DeyJpZCI6MzEzMjAsInVybCI6Imh0dHBzOlwvXC9pbnN0aXR1dG9zYW50b3NkdW1vbnQub3JnLmJyXC93cC1jb250ZW50XC91cGxvYWRzXC8yMDI1XC8wMVwvSU1HXzQxNDItc2NhbGVkLmpwZyIsInNsaWRlc2hvdyI6IjU0N2I5MDMifQ%3D%3D\">\n\t\t\t\t\t<div class=\"e-gallery-image elementor-gallery-item__image\" data-thumbnail=\"https:\/\/institutosantosdumont.org.br\/wp-content\/uploads\/2025\/01\/IMG_4142-300x200.jpg\" data-width=\"300\" data-height=\"200\" aria-label=\"\" role=\"img\" ><\/div>\n\t\t\t\t\t\t\t\t\t\t\t<div class=\"elementor-gallery-item__overlay\"><\/div>\n\t\t\t\t\t\t\t\t\t\t\t\t\t\t<\/a>\n\t\t\t\t\t\t\t<a class=\"e-gallery-item elementor-gallery-item elementor-animated-content\" href=\"https:\/\/institutosantosdumont.org.br\/wp-content\/uploads\/2025\/01\/WhatsApp-Image-2025-01-03-at-22.25.00-scaled.jpeg\" data-elementor-open-lightbox=\"yes\" data-elementor-lightbox-slideshow=\"547b903\" data-elementor-lightbox-title=\"WhatsApp Image 2025-01-03 at 22.25.00\" data-e-action-hash=\"#elementor-action%3Aaction%3Dlightbox%26settings%3DeyJpZCI6MzEzNDIsInVybCI6Imh0dHBzOlwvXC9pbnN0aXR1dG9zYW50b3NkdW1vbnQub3JnLmJyXC93cC1jb250ZW50XC91cGxvYWRzXC8yMDI1XC8wMVwvV2hhdHNBcHAtSW1hZ2UtMjAyNS0wMS0wMy1hdC0yMi4yNS4wMC1zY2FsZWQuanBlZyIsInNsaWRlc2hvdyI6IjU0N2I5MDMifQ%3D%3D\">\n\t\t\t\t\t<div class=\"e-gallery-image elementor-gallery-item__image\" data-thumbnail=\"https:\/\/institutosantosdumont.org.br\/wp-content\/uploads\/2025\/01\/WhatsApp-Image-2025-01-03-at-22.25.00-300x199.jpeg\" data-width=\"300\" data-height=\"199\" aria-label=\"\" role=\"img\" ><\/div>\n\t\t\t\t\t\t\t\t\t\t\t<div class=\"elementor-gallery-item__overlay\"><\/div>\n\t\t\t\t\t\t\t\t\t\t\t\t\t\t<\/a>\n\t\t\t\t\t\t\t<a class=\"e-gallery-item elementor-gallery-item elementor-animated-content\" href=\"https:\/\/institutosantosdumont.org.br\/wp-content\/uploads\/2025\/01\/IMG_0598-scaled.jpg\" data-elementor-open-lightbox=\"yes\" data-elementor-lightbox-slideshow=\"547b903\" data-elementor-lightbox-title=\"IMG_0598\" data-e-action-hash=\"#elementor-action%3Aaction%3Dlightbox%26settings%3DeyJpZCI6MzEzNDEsInVybCI6Imh0dHBzOlwvXC9pbnN0aXR1dG9zYW50b3NkdW1vbnQub3JnLmJyXC93cC1jb250ZW50XC91cGxvYWRzXC8yMDI1XC8wMVwvSU1HXzA1OTgtc2NhbGVkLmpwZyIsInNsaWRlc2hvdyI6IjU0N2I5MDMifQ%3D%3D\">\n\t\t\t\t\t<div class=\"e-gallery-image elementor-gallery-item__image\" data-thumbnail=\"https:\/\/institutosantosdumont.org.br\/wp-content\/uploads\/2025\/01\/IMG_0598-300x200.jpg\" data-width=\"300\" data-height=\"200\" aria-label=\"\" role=\"img\" ><\/div>\n\t\t\t\t\t\t\t\t\t\t\t<div class=\"elementor-gallery-item__overlay\"><\/div>\n\t\t\t\t\t\t\t\t\t\t\t\t\t\t<\/a>\n\t\t\t\t\t<\/div>\n\t\t\t\t\t<\/div>\n\t\t\t\t<\/div>\n\t\t\t\t<div class=\"elementor-element elementor-element-ad8054d elementor-widget-divider--view-line elementor-widget elementor-widget-divider\" data-id=\"ad8054d\" data-element_type=\"widget\" data-widget_type=\"divider.default\">\n\t\t\t\t<div class=\"elementor-widget-container\">\n\t\t\t\t\t\t\t<div class=\"elementor-divider\">\n\t\t\t<span class=\"elementor-divider-separator\">\n\t\t\t\t\t\t<\/span>\n\t\t<\/div>\n\t\t\t\t\t\t<\/div>\n\t\t\t\t<\/div>\n\t\t\t\t<div class=\"elementor-element elementor-element-c57913e elementor-widget elementor-widget-heading\" data-id=\"c57913e\" data-element_type=\"widget\" data-widget_type=\"heading.default\">\n\t\t\t\t<div class=\"elementor-widget-container\">\n\t\t\t\t\t<h2 class=\"elementor-heading-title elementor-size-default\">Descubra m\u00e1s<\/h2>\t\t\t\t<\/div>\n\t\t\t\t<\/div>\n\t\t\t\t\t<\/div>\n\t\t\t\t<\/div>\n\t\t<div class=\"elementor-element elementor-element-1c21519 e-flex e-con-boxed e-con e-parent\" data-id=\"1c21519\" data-element_type=\"container\">\n\t\t\t\t\t<div class=\"e-con-inner\">\n\t\t\t\t<div class=\"elementor-element elementor-element-f2dda7e elementor-widget elementor-widget-video\" data-id=\"f2dda7e\" data-element_type=\"widget\" data-settings=\"{&quot;youtube_url&quot;:&quot;https:\\\/\\\/youtu.be\\\/psjOW21A9yo&quot;,&quot;video_type&quot;:&quot;youtube&quot;,&quot;controls&quot;:&quot;yes&quot;}\" data-widget_type=\"video.default\">\n\t\t\t\t<div class=\"elementor-widget-container\">\n\t\t\t\t\t\t\t<div class=\"elementor-wrapper elementor-open-inline\">\n\t\t\t<div class=\"elementor-video\"><\/div>\t\t<\/div>\n\t\t\t\t\t\t<\/div>\n\t\t\t\t<\/div>\n\t\t\t\t<div class=\"elementor-element elementor-element-22c194b elementor-widget-divider--view-line elementor-widget elementor-widget-divider\" data-id=\"22c194b\" data-element_type=\"widget\" data-widget_type=\"divider.default\">\n\t\t\t\t<div class=\"elementor-widget-container\">\n\t\t\t\t\t\t\t<div class=\"elementor-divider\">\n\t\t\t<span class=\"elementor-divider-separator\">\n\t\t\t\t\t\t<\/span>\n\t\t<\/div>\n\t\t\t\t\t\t<\/div>\n\t\t\t\t<\/div>\n\t\t\t\t<div class=\"elementor-element elementor-element-d7cebb3 elementor-widget elementor-widget-heading\" data-id=\"d7cebb3\" data-element_type=\"widget\" data-widget_type=\"heading.default\">\n\t\t\t\t<div class=\"elementor-widget-container\">\n\t\t\t\t\t<h2 class=\"elementor-heading-title elementor-size-default\">Apoyo<\/h2>\t\t\t\t<\/div>\n\t\t\t\t<\/div>\n\t\t\t\t<div class=\"elementor-element elementor-element-d1cfb80 elementor-widget elementor-widget-text-editor\" data-id=\"d1cfb80\" data-element_type=\"widget\" data-widget_type=\"text-editor.default\">\n\t\t\t\t<div class=\"elementor-widget-container\">\n\t\t\t\t\t\t\t\t\t<p><b>Organizaci\u00f3n de Investigaci\u00f3n del Cerebro \u2013 IBRO<br><\/b><i><a href=\"https:\/\/ibro.org\/\" target=\"_blank\" rel=\"noopener noreferrer nofollow\" data-saferedirecturl=\"https:\/\/www.google.com\/url?q=https:\/\/ibro.org\/&amp;source=gmail&amp;ust=1736268596353000&amp;usg=AOvVaw3csexJ2rF6pvZ-vX3rhyKW\">https:\/\/ibro.org\/<\/a><br><\/i>@ibro_insta<\/p>\n<p><b>Fundaci\u00f3n Dana<br><\/b><i><a href=\"https:\/\/dana.org\/brain-awareness-week\/\" target=\"_blank\" rel=\"noopener noreferrer nofollow\" data-saferedirecturl=\"https:\/\/www.google.com\/url?q=https:\/\/dana.org\/brain-awareness-week\/&amp;source=gmail&amp;ust=1736268596353000&amp;usg=AOvVaw0x9S4hPqPYwguA28wJY5mX\">https:\/\/dana.org\/brain-<wbr>semana de concientizaci\u00f3n\/<\/a><br><\/i>@fundaciondana<\/p>\n<p><b>Sociedad Brasile\u00f1a de Neurociencias y Comportamiento \u2013 SBNec<br><\/b><a href=\"https:\/\/www.sbnec.org.br\/\" target=\"_blank\" rel=\"noopener noreferrer nofollow\" data-saferedirecturl=\"https:\/\/www.google.com\/url?q=https:\/\/www.sbnec.org.br\/&amp;source=gmail&amp;ust=1736268596353000&amp;usg=AOvVaw3giytV5kzF0ihTy0pcEkeS\"><i>https:\/\/www.sbnec.org.br\/<\/i><\/a><\/p>\t\t\t\t\t\t\t\t<\/div>\n\t\t\t\t<\/div>\n\t\t\t\t\t<\/div>\n\t\t\t\t<\/div>\n\t\t\t\t<\/div>","protected":false},"excerpt":{"rendered":"<p>La Semana del Cerebro del ISD 2024 brind\u00f3 a estudiantes de primaria y secundaria del sistema escolar p\u00fablico de Maca\u00edba la oportunidad de desentra\u00f1ar los misterios del cerebro y aprender sobre el universo de la neurociencia. Con el tema &quot;Neuroingenier\u00eda: conectando el cerebro con la tecnolog\u00eda&quot;, el proyecto del ISD se encuentra entre los 8 seleccionados [\u2026]<\/p>","protected":false},"author":17,"featured_media":30849,"parent":0,"menu_order":0,"comment_status":"closed","ping_status":"closed","template":"","meta":{"_acf_changed":false,"footnotes":""},"class_list":["post-30848","page","type-page","status-publish","has-post-thumbnail","hentry"],"acf":[],"_links":{"self":[{"href":"https:\/\/institutosantosdumont.org.br\/es\/wp-json\/wp\/v2\/pages\/30848","targetHints":{"allow":["GET"]}}],"collection":[{"href":"https:\/\/institutosantosdumont.org.br\/es\/wp-json\/wp\/v2\/pages"}],"about":[{"href":"https:\/\/institutosantosdumont.org.br\/es\/wp-json\/wp\/v2\/types\/page"}],"author":[{"embeddable":true,"href":"https:\/\/institutosantosdumont.org.br\/es\/wp-json\/wp\/v2\/users\/17"}],"replies":[{"embeddable":true,"href":"https:\/\/institutosantosdumont.org.br\/es\/wp-json\/wp\/v2\/comments?post=30848"}],"version-history":[{"count":0,"href":"https:\/\/institutosantosdumont.org.br\/es\/wp-json\/wp\/v2\/pages\/30848\/revisions"}],"wp:featuredmedia":[{"embeddable":true,"href":"https:\/\/institutosantosdumont.org.br\/es\/wp-json\/wp\/v2\/media\/30849"}],"wp:attachment":[{"href":"https:\/\/institutosantosdumont.org.br\/es\/wp-json\/wp\/v2\/media?parent=30848"}],"curies":[{"name":"wp","href":"https:\/\/api.w.org\/{rel}","templated":true}]}}