{"id":31102,"date":"2024-12-03T16:10:12","date_gmt":"2024-12-03T19:10:12","guid":{"rendered":"https:\/\/www.institutosantosdumont.org.br\/?page_id=31102"},"modified":"2026-02-05T14:45:01","modified_gmt":"2026-02-05T17:45:01","slug":"cartilhas-informativas","status":"publish","type":"page","link":"https:\/\/institutosantosdumont.org.br\/es\/cartilhas-informativas\/","title":{"rendered":"Folletos informativos"},"content":{"rendered":"<div data-elementor-type=\"wp-page\" data-elementor-id=\"31102\" class=\"elementor elementor-31102\" data-elementor-post-type=\"page\">\n\t\t\t\t<div class=\"elementor-element elementor-element-bcb5224 e-flex e-con-boxed e-con e-parent\" data-id=\"bcb5224\" data-element_type=\"container\">\n\t\t\t\t\t<div class=\"e-con-inner\">\n\t\t\t\t<div class=\"elementor-element elementor-element-4372f05 elementor-widget elementor-widget-heading\" data-id=\"4372f05\" data-element_type=\"widget\" data-widget_type=\"heading.default\">\n\t\t\t\t<div class=\"elementor-widget-container\">\n\t\t\t\t\t<h2 class=\"elementor-heading-title elementor-size-default\">Gu\u00eda b\u00e1sica de etiqueta inclusiva<\/h2>\t\t\t\t<\/div>\n\t\t\t\t<\/div>\n\t\t\t\t<div class=\"elementor-element elementor-element-33fbe56 elementor-widget elementor-widget-text-editor\" data-id=\"33fbe56\" data-element_type=\"widget\" data-widget_type=\"text-editor.default\">\n\t\t\t\t<div class=\"elementor-widget-container\">\n\t\t\t\t\t\t\t\t\t<p>Elaborada por residentes de la 5ta promoci\u00f3n de la Residencia Multiprofesional en Atenci\u00f3n de Salud para Personas con Discapacidad de ISD en 2022, la Gu\u00eda de Etiqueta Inclusiva contiene lineamientos generales sobre el trato, la comunicaci\u00f3n y la accesibilidad en el contexto de la experiencia de las personas con discapacidad. Consulte la gu\u00eda a continuaci\u00f3n:<\/p>\t\t\t\t\t\t\t\t<\/div>\n\t\t\t\t<\/div>\n\t\t\t\t<div class=\"elementor-element elementor-element-ff8bac7 elementor-align-center elementor-widget elementor-widget-button\" data-id=\"ff8bac7\" data-element_type=\"widget\" data-widget_type=\"button.default\">\n\t\t\t\t<div class=\"elementor-widget-container\">\n\t\t\t\t\t\t\t\t\t<div class=\"elementor-button-wrapper\">\n\t\t\t\t\t<a class=\"elementor-button elementor-button-link elementor-size-sm\" href=\"https:\/\/institutosantosdumont.org.br\/wp-content\/uploads\/2024\/12\/Etiqueta-inclusiva-trabalhando-o-capacitismo.pdf\">\n\t\t\t\t\t\t<span class=\"elementor-button-content-wrapper\">\n\t\t\t\t\t\t\t\t\t<span class=\"elementor-button-text\">haga clic aqu\u00ed<\/span>\n\t\t\t\t\t<\/span>\n\t\t\t\t\t<\/a>\n\t\t\t\t<\/div>\n\t\t\t\t\t\t\t\t<\/div>\n\t\t\t\t<\/div>\n\t\t\t\t\t<\/div>\n\t\t\t\t<\/div>\n\t\t<div class=\"elementor-element elementor-element-ae81f74 e-flex e-con-boxed e-con e-parent\" data-id=\"ae81f74\" data-element_type=\"container\">\n\t\t\t\t\t<div class=\"e-con-inner\">\n\t\t\t\t<div class=\"elementor-element elementor-element-3fae2a4 elementor-widget elementor-widget-heading\" data-id=\"3fae2a4\" data-element_type=\"widget\" data-widget_type=\"heading.default\">\n\t\t\t\t<div class=\"elementor-widget-container\">\n\t\t\t\t\t<h2 class=\"elementor-heading-title elementor-size-default\">Gu\u00eda para prevenir y combatir el acoso moral y sexual y la discriminaci\u00f3n<\/h2>\t\t\t\t<\/div>\n\t\t\t\t<\/div>\n\t\t\t\t<div class=\"elementor-element elementor-element-00377f2 elementor-widget elementor-widget-text-editor\" data-id=\"00377f2\" data-element_type=\"widget\" data-widget_type=\"text-editor.default\">\n\t\t\t\t<div class=\"elementor-widget-container\">\n\t\t\t\t\t\t\t\t\t<p>Inspirada en el Convenio 190 y la Recomendaci\u00f3n 206 de la Organizaci\u00f3n Internacional del Trabajo (OIT), esta gu\u00eda tiene como objetivo aclarar las mejores pr\u00e1cticas para adoptar y aplicar un enfoque inclusivo, integrado y sensible al g\u00e9nero en los entornos de trabajo, educaci\u00f3n, investigaci\u00f3n y cuidado.<\/p><p>Est\u00e1 destinado a toda la comunidad ISD, incluidos: empleados, aprendices, pasantes, residentes, estudiantes, becarios, voluntarios y proveedores de servicios (subcontratados).<\/p><p>\u00a0<\/p>\t\t\t\t\t\t\t\t<\/div>\n\t\t\t\t<\/div>\n\t\t\t\t<div class=\"elementor-element elementor-element-85ae3c2 elementor-align-center elementor-widget elementor-widget-button\" data-id=\"85ae3c2\" data-element_type=\"widget\" data-widget_type=\"button.default\">\n\t\t\t\t<div class=\"elementor-widget-container\">\n\t\t\t\t\t\t\t\t\t<div class=\"elementor-button-wrapper\">\n\t\t\t\t\t<a class=\"elementor-button elementor-button-link elementor-size-sm\" href=\"https:\/\/institutosantosdumont.org.br\/wp-content\/uploads\/2026\/02\/CARTILHA-PREVENCAO-AO-ASSEDIO-E-A-DISCRIMINACAO.pdf\">\n\t\t\t\t\t\t<span class=\"elementor-button-content-wrapper\">\n\t\t\t\t\t\t\t\t\t<span class=\"elementor-button-text\">haga clic aqu\u00ed<\/span>\n\t\t\t\t\t<\/span>\n\t\t\t\t\t<\/a>\n\t\t\t\t<\/div>\n\t\t\t\t\t\t\t\t<\/div>\n\t\t\t\t<\/div>\n\t\t\t\t\t<\/div>\n\t\t\t\t<\/div>\n\t\t\t\t<\/div>","protected":false},"excerpt":{"rendered":"<p>Gu\u00eda b\u00e1sica de etiqueta inclusiva. Elaborada por los residentes de la quinta promoci\u00f3n del Programa de Residencia Multiprofesional en Atenci\u00f3n Sanitaria para Personas con Discapacidades del ISD en 2022, la Gu\u00eda de Etiqueta Inclusiva contiene pautas generales sobre el trato, la comunicaci\u00f3n y la accesibilidad en el contexto de la experiencia vivida por las personas con discapacidades. Consulte la gu\u00eda a continuaci\u00f3n: Haga clic aqu\u00ed Folleto [\u2026]<\/p>","protected":false},"author":17,"featured_media":0,"parent":0,"menu_order":0,"comment_status":"closed","ping_status":"closed","template":"","meta":{"_acf_changed":false,"footnotes":""},"class_list":["post-31102","page","type-page","status-publish","hentry"],"acf":[],"_links":{"self":[{"href":"https:\/\/institutosantosdumont.org.br\/es\/wp-json\/wp\/v2\/pages\/31102","targetHints":{"allow":["GET"]}}],"collection":[{"href":"https:\/\/institutosantosdumont.org.br\/es\/wp-json\/wp\/v2\/pages"}],"about":[{"href":"https:\/\/institutosantosdumont.org.br\/es\/wp-json\/wp\/v2\/types\/page"}],"author":[{"embeddable":true,"href":"https:\/\/institutosantosdumont.org.br\/es\/wp-json\/wp\/v2\/users\/17"}],"replies":[{"embeddable":true,"href":"https:\/\/institutosantosdumont.org.br\/es\/wp-json\/wp\/v2\/comments?post=31102"}],"version-history":[{"count":9,"href":"https:\/\/institutosantosdumont.org.br\/es\/wp-json\/wp\/v2\/pages\/31102\/revisions"}],"predecessor-version":[{"id":34463,"href":"https:\/\/institutosantosdumont.org.br\/es\/wp-json\/wp\/v2\/pages\/31102\/revisions\/34463"}],"wp:attachment":[{"href":"https:\/\/institutosantosdumont.org.br\/es\/wp-json\/wp\/v2\/media?parent=31102"}],"curies":[{"name":"wp","href":"https:\/\/api.w.org\/{rel}","templated":true}]}}