{"id":31158,"date":"2024-12-10T11:30:45","date_gmt":"2024-12-10T14:30:45","guid":{"rendered":"https:\/\/www.institutosantosdumont.org.br\/?page_id=31158"},"modified":"2024-12-16T09:54:14","modified_gmt":"2024-12-16T12:54:14","slug":"x-simposio-de-neuroengenharia","status":"publish","type":"page","link":"https:\/\/institutosantosdumont.org.br\/es\/x-simposio-de-neuroengenharia\/","title":{"rendered":"X Simposio de Neuroingenier\u00eda"},"content":{"rendered":"<div data-elementor-type=\"wp-page\" data-elementor-id=\"31158\" class=\"elementor elementor-31158\" data-elementor-post-type=\"page\">\n\t\t\t\t\t\t<section class=\"elementor-section elementor-top-section elementor-element elementor-element-6af1a2f elementor-section-boxed elementor-section-height-default elementor-section-height-default\" data-id=\"6af1a2f\" data-element_type=\"section\">\n\t\t\t\t\t\t<div class=\"elementor-container elementor-column-gap-default\">\n\t\t\t\t\t<div class=\"elementor-column elementor-col-100 elementor-top-column elementor-element elementor-element-1a45de8\" data-id=\"1a45de8\" data-element_type=\"column\">\n\t\t\t<div class=\"elementor-widget-wrap elementor-element-populated\">\n\t\t\t\t<div class=\"elementor-element elementor-element-6ee5068 e-flex e-con-boxed e-con e-parent\" data-id=\"6ee5068\" data-element_type=\"container\">\n\t\t\t\t\t<div class=\"e-con-inner\">\n\t\t\t\t\t<\/div>\n\t\t\t\t<\/div>\n\t\t\t\t<div class=\"elementor-element elementor-element-dc5f7dc elementor-widget elementor-widget-text-editor\" data-id=\"dc5f7dc\" data-element_type=\"widget\" data-widget_type=\"text-editor.default\">\n\t\t\t\t<div class=\"elementor-widget-container\">\n\t\t\t\t\t\t\t\t\t<p><a href=\"https:\/\/institutosantosdumont.org.br\/wp-content\/uploads\/2024\/05\/Logo-Simposio-Neuroengenharia-2024-eng_date.png\"><img fetchpriority=\"high\" decoding=\"async\" class=\"aligncenter wp-image-29136\" src=\"https:\/\/institutosantosdumont.org.br\/wp-content\/uploads\/2024\/05\/Logo-Simposio-Neuroengenharia-2024-eng_date-1024x382.png\" alt=\"\" width=\"430\" height=\"160\" srcset=\"https:\/\/institutosantosdumont.org.br\/wp-content\/uploads\/2024\/05\/Logo-Simposio-Neuroengenharia-2024-eng_date-1024x382.png 1024w, https:\/\/institutosantosdumont.org.br\/wp-content\/uploads\/2024\/05\/Logo-Simposio-Neuroengenharia-2024-eng_date-300x112.png 300w, https:\/\/institutosantosdumont.org.br\/wp-content\/uploads\/2024\/05\/Logo-Simposio-Neuroengenharia-2024-eng_date-768x286.png 768w, https:\/\/institutosantosdumont.org.br\/wp-content\/uploads\/2024\/05\/Logo-Simposio-Neuroengenharia-2024-eng_date-1536x573.png 1536w, https:\/\/institutosantosdumont.org.br\/wp-content\/uploads\/2024\/05\/Logo-Simposio-Neuroengenharia-2024-eng_date-18x7.png 18w, https:\/\/institutosantosdumont.org.br\/wp-content\/uploads\/2024\/05\/Logo-Simposio-Neuroengenharia-2024-eng_date.png 1920w\" sizes=\"(max-width: 430px) 100vw, 430px\" \/><\/a><\/p><p>\u00a0<\/p><p>El X Simposio de Neuroingenier\u00eda tuvo lugar el <strong>12-14 de noviembre de 2024<\/strong>, en R\u00edo Grande del Norte, Brasil. Este foro internacional promueve una oportunidad para que investigadores, educadores, profesionales y consumidores compartan conocimientos, innovaciones y desarrollos recientes, aplicaciones cl\u00ednicas y no cl\u00ednicas de animales a humanos, en todos los aspectos de la neuroingenier\u00eda, la neurociencia y la rehabilitaci\u00f3n.<\/p><p>El Simposio de Neuroingenier\u00eda (SN), lanzado en 2015 por ISD, surgi\u00f3 del inter\u00e9s en integrar a nuestra comunidad local de estudiantes e investigadores de neuroingenier\u00eda con la comunidad cient\u00edfica nacional e internacional.<\/p><p>En su d\u00e9cima versi\u00f3n, el evento se centrar\u00e1 en c\u00f3mo la neuroingenier\u00eda puede ayudar a la salud de las personas con discapacidad, tanto en el contexto de la rehabilitaci\u00f3n como en el aumento de la calidad de vida. Esto se desarrollar\u00e1 en las \u00e1reas tem\u00e1ticas de Biomec\u00e1nica, Neuromodulaci\u00f3n, Serious Games, Interfaces Cerebro-M\u00e1quina, Interfaces Hombre-M\u00e1quina, Rob\u00f3tica en Rehabilitaci\u00f3n, Procesamiento de Se\u00f1ales, Comunicaci\u00f3n Aumentativa y Alternativa, Neurofisiolog\u00eda, Electrofisiolog\u00eda y Neuroanatom\u00eda.<\/p><p>Adem\u00e1s, debido a la consolidaci\u00f3n del simposio como un evento tradicional, incrementaremos la asistencia nacional e internacional, que ya incluye Am\u00e9rica Latina y Norte, Europa y Asia.<\/p><p><b>Env\u00edos<\/b><\/p><p>Se invita a los autores a realizar una presentaci\u00f3n al Simposio de Neuroingenier\u00eda. Todas las presentaciones ser\u00e1n evaluadas por el Comit\u00e9 para determinar si cumplen con los objetivos y el alcance de este Simposio. Aquellos que se consideren aptos ser\u00e1n enviados para una revisi\u00f3n por pares antes de determinar si ser\u00e1n aceptados o no.<\/p><p>El comit\u00e9 cient\u00edfico env\u00eda Res\u00famenes (2 p\u00e1ginas) y Art\u00edculos Completos Regulares (4 p\u00e1ginas) con contribuciones te\u00f3ricas y pr\u00e1cticas a las siguientes \u00e1reas t\u00e9cnicas (aunque no limitadas a ellas):<\/p><p>Temas principales:<\/p><ol><li>Biomec\u00e1nica y an\u00e1lisis de movimientos en rehabilitaci\u00f3n.<\/li><li>Neuromodulaci\u00f3n y avances en sistemas neuroprot\u00e9sicos y de estimulaci\u00f3n el\u00e9ctrica funcional.<\/li><li>Realidad virtual y juegos serios en neuroingenier\u00eda<\/li><li>\u00a0Interfaces cerebro-m\u00e1quina en asistencia y rehabilitaci\u00f3n<\/li><li>Sensores e Instrumentaci\u00f3n \u2013 avances y aplicaciones<\/li><li>Interfaces hombre-m\u00e1quina en asistencia y rehabilitaci\u00f3n<\/li><li>Exoesqueletos y Rob\u00f3tica en rehabilitaci\u00f3n<\/li><li>Neurotecnolog\u00eda y sus aplicaciones cl\u00ednicas.<\/li><li>La ciencia cognitiva y sus aplicaciones cl\u00ednicas.<\/li><li>Procesamiento de se\u00f1ales y datos para Neurotecnolog\u00eda y An\u00e1lisis<\/li><li>Comunicaci\u00f3n Aumentativa y Alternativa<\/li><li>Neurofisiolog\u00eda y electrofisiolog\u00eda.<\/li><li>Neuroanatom\u00eda y An\u00e1lisis de Im\u00e1genes<\/li><\/ol><div>\u00a0<\/div>\t\t\t\t\t\t\t\t<\/div>\n\t\t\t\t<\/div>\n\t\t\t\t\t<\/div>\n\t\t<\/div>\n\t\t\t\t\t<\/div>\n\t\t<\/section>\n\t\t\t\t<section class=\"elementor-section elementor-top-section elementor-element elementor-element-bb911e6 elementor-section-boxed elementor-section-height-default elementor-section-height-default\" data-id=\"bb911e6\" data-element_type=\"section\">\n\t\t\t\t\t\t<div class=\"elementor-container elementor-column-gap-default\">\n\t\t\t\t\t<div class=\"elementor-column elementor-col-100 elementor-top-column elementor-element elementor-element-35dd972\" data-id=\"35dd972\" data-element_type=\"column\">\n\t\t\t<div class=\"elementor-widget-wrap elementor-element-populated\">\n\t\t\t\t\t\t<div class=\"elementor-element elementor-element-4dd3bcc elementor-widget elementor-widget-spacer\" data-id=\"4dd3bcc\" data-element_type=\"widget\" data-widget_type=\"spacer.default\">\n\t\t\t\t<div class=\"elementor-widget-container\">\n\t\t\t\t\t\t\t<div class=\"elementor-spacer\">\n\t\t\t<div class=\"elementor-spacer-inner\"><\/div>\n\t\t<\/div>\n\t\t\t\t\t\t<\/div>\n\t\t\t\t<\/div>\n\t\t\t\t<div class=\"elementor-element elementor-element-94573bd elementor-button-success elementor-align-center elementor-widget elementor-widget-button\" data-id=\"94573bd\" data-element_type=\"widget\" data-widget_type=\"button.default\">\n\t\t\t\t<div class=\"elementor-widget-container\">\n\t\t\t\t\t\t\t\t\t<div class=\"elementor-button-wrapper\">\n\t\t\t\t\t<a class=\"elementor-button elementor-button-link elementor-size-md\" href=\"https:\/\/institutosantosdumont.org.br\/es\/eventos\/anais-do-simposio\/\">\n\t\t\t\t\t\t<span class=\"elementor-button-content-wrapper\">\n\t\t\t\t\t\t\t\t\t<span class=\"elementor-button-text\">Actas del simposio<\/span>\n\t\t\t\t\t<\/span>\n\t\t\t\t\t<\/a>\n\t\t\t\t<\/div>\n\t\t\t\t\t\t\t\t<\/div>\n\t\t\t\t<\/div>\n\t\t\t\t<div class=\"elementor-element elementor-element-8a59c8a elementor-widget elementor-widget-spacer\" data-id=\"8a59c8a\" data-element_type=\"widget\" data-widget_type=\"spacer.default\">\n\t\t\t\t<div class=\"elementor-widget-container\">\n\t\t\t\t\t\t\t<div class=\"elementor-spacer\">\n\t\t\t<div class=\"elementor-spacer-inner\"><\/div>\n\t\t<\/div>\n\t\t\t\t\t\t<\/div>\n\t\t\t\t<\/div>\n\t\t\t\t<div class=\"elementor-element elementor-element-5a1d9c8 elementor-widget-divider--view-line elementor-widget elementor-widget-divider\" data-id=\"5a1d9c8\" data-element_type=\"widget\" data-widget_type=\"divider.default\">\n\t\t\t\t<div class=\"elementor-widget-container\">\n\t\t\t\t\t\t\t<div class=\"elementor-divider\">\n\t\t\t<span class=\"elementor-divider-separator\">\n\t\t\t\t\t\t<\/span>\n\t\t<\/div>\n\t\t\t\t\t\t<\/div>\n\t\t\t\t<\/div>\n\t\t<div class=\"elementor-element elementor-element-4eb9834 e-flex e-con-boxed e-con e-parent\" data-id=\"4eb9834\" data-element_type=\"container\">\n\t\t\t\t\t<div class=\"e-con-inner\">\n\t\t\t\t<div class=\"elementor-element elementor-element-eb82542 elementor-widget elementor-widget-text-editor\" data-id=\"eb82542\" data-element_type=\"widget\" data-widget_type=\"text-editor.default\">\n\t\t\t\t<div class=\"elementor-widget-container\">\n\t\t\t\t\t\t\t\t\t<p><strong>FECHAS Y ENLACES IMPORTANTES:<\/strong><\/p>\t\t\t\t\t\t\t\t<\/div>\n\t\t\t\t<\/div>\n\t\t\t\t<div class=\"elementor-element elementor-element-e2783c8 e-n-tabs-mobile elementor-widget elementor-widget-n-tabs\" data-id=\"e2783c8\" data-element_type=\"widget\" data-settings=\"{&quot;tabs_justify_horizontal&quot;:&quot;start&quot;,&quot;horizontal_scroll&quot;:&quot;disable&quot;}\" data-widget_type=\"nested-tabs.default\">\n\t\t\t\t<div class=\"elementor-widget-container\">\n\t\t\t\t\t\t\t<div class=\"e-n-tabs\" data-widget-number=\"237470664\" aria-label=\"Pesta\u00f1as. Abr\u00ed items con Enter o la Barra Espaciadora; cerr\u00e1 con Esc y naveg\u00e1 utilizando el teclado de flechas.\" data-no-translation-aria-label=\"\">\n\t\t\t<div class=\"e-n-tabs-heading\" role=\"tablist\">\n\t\t\t\t\t<button id=\"e-n-tab-title-2374706641\" data-tab-title-id=\"e-n-tab-title-2374706641\" class=\"e-n-tab-title\" aria-selected=\"true\" data-tab-index=\"1\" role=\"tab\" tabindex=\"0\" aria-controls=\"e-n-tab-content-2374706641\" style=\"--n-tabs-title-order: 1;\">\n\t\t\t\t\t\t<span class=\"e-n-tab-title-text\">\n\t\t\t\tInscripciones\t\t\t<\/span>\n\t\t<\/button>\n\t\t\t\t<button id=\"e-n-tab-title-2374706642\" data-tab-title-id=\"e-n-tab-title-2374706642\" class=\"e-n-tab-title\" aria-selected=\"false\" data-tab-index=\"2\" role=\"tab\" tabindex=\"-1\" aria-controls=\"e-n-tab-content-2374706642\" style=\"--n-tabs-title-order: 2;\">\n\t\t\t\t\t\t<span class=\"e-n-tab-title-text\">\n\t\t\t\tDesaf\u00edo de im\u00e1genes motoras\t\t\t<\/span>\n\t\t<\/button>\n\t\t\t\t<button id=\"e-n-tab-title-2374706643\" data-tab-title-id=\"e-n-tab-title-2374706643\" class=\"e-n-tab-title\" aria-selected=\"false\" data-tab-index=\"3\" role=\"tab\" tabindex=\"-1\" aria-controls=\"e-n-tab-content-2374706643\" style=\"--n-tabs-title-order: 3;\">\n\t\t\t\t\t\t<span class=\"e-n-tab-title-text\">\n\t\t\t\tArt\u00edculo completo y res\u00famenes\t\t\t<\/span>\n\t\t<\/button>\n\t\t\t\t<button id=\"e-n-tab-title-2374706644\" data-tab-title-id=\"e-n-tab-title-2374706644\" class=\"e-n-tab-title\" aria-selected=\"false\" data-tab-index=\"4\" role=\"tab\" tabindex=\"-1\" aria-controls=\"e-n-tab-content-2374706644\" style=\"--n-tabs-title-order: 4;\">\n\t\t\t\t\t\t<span class=\"e-n-tab-title-text\">\n\t\t\t\tTutorial de propuestas\t\t\t<\/span>\n\t\t<\/button>\n\t\t\t\t\t<\/div>\n\t\t\t<div class=\"e-n-tabs-content\">\n\t\t\t\t<div id=\"e-n-tab-content-2374706641\" role=\"tabpanel\" aria-labelledby=\"e-n-tab-title-2374706641\" data-tab-index=\"1\" style=\"--n-tabs-title-order: 1;\" class=\"e-active elementor-element elementor-element-0983680 e-flex e-con-boxed e-con e-child\" data-id=\"0983680\" data-element_type=\"container\">\n\t\t\t\t\t<div class=\"e-con-inner\">\n\t\t\t\t<div class=\"elementor-element elementor-element-0069daf elementor-button-success elementor-align-center elementor-widget elementor-widget-button\" data-id=\"0069daf\" data-element_type=\"widget\" data-widget_type=\"button.default\">\n\t\t\t\t<div class=\"elementor-widget-container\">\n\t\t\t\t\t\t\t\t\t<div class=\"elementor-button-wrapper\">\n\t\t\t\t\t<a class=\"elementor-button elementor-button-link elementor-size-sm\" href=\"https:\/\/eventos.congresse.me\/xns\/edicoes\/XNS\" target=\"_blank\" rel=\"noopener noreferrer nofollow\">\n\t\t\t\t\t\t<span class=\"elementor-button-content-wrapper\">\n\t\t\t\t\t\t\t\t\t<span class=\"elementor-button-text\">Congreso.me<\/span>\n\t\t\t\t\t<\/span>\n\t\t\t\t\t<\/a>\n\t\t\t\t<\/div>\n\t\t\t\t\t\t\t\t<\/div>\n\t\t\t\t<\/div>\n\t\t\t\t\t<\/div>\n\t\t\t\t<\/div>\n\t\t<div id=\"e-n-tab-content-2374706642\" role=\"tabpanel\" aria-labelledby=\"e-n-tab-title-2374706642\" data-tab-index=\"2\" style=\"--n-tabs-title-order: 2;\" class=\"elementor-element elementor-element-a34313a e-flex e-con-boxed e-con e-child\" data-id=\"a34313a\" data-element_type=\"container\">\n\t\t\t\t\t<div class=\"e-con-inner\">\n\t\t\t\t<div class=\"elementor-element elementor-element-4c987fd elementor-widget elementor-widget-text-editor\" data-id=\"4c987fd\" data-element_type=\"widget\" data-widget_type=\"text-editor.default\">\n\t\t\t\t<div class=\"elementor-widget-container\">\n\t\t\t\t\t\t\t\t\t<p>El objetivo de este concurso es promover el desarrollo de modelos precisos de aprendizaje autom\u00e1tico para la detecci\u00f3n de im\u00e1genes motoras humanas de las extremidades superiores mediante se\u00f1ales de electroencefalograf\u00eda (EEG) recopiladas de 16 electrodos de superficie del cuero cabelludo de cinco sujetos.\u00a0<\/p><p>Estas se\u00f1ales se recogieron durante seis sesiones experimentales con 80 ensayos de im\u00e1genes motoras, 40 correspondientes a la imaginaci\u00f3n de la mano izquierda y 40 correspondientes a la imaginaci\u00f3n de la mano derecha.<\/p>\t\t\t\t\t\t\t\t<\/div>\n\t\t\t\t<\/div>\n\t\t\t\t<div class=\"elementor-element elementor-element-926c0ef elementor-button-success elementor-align-center elementor-widget elementor-widget-button\" data-id=\"926c0ef\" data-element_type=\"widget\" data-widget_type=\"button.default\">\n\t\t\t\t<div class=\"elementor-widget-container\">\n\t\t\t\t\t\t\t\t\t<div class=\"elementor-button-wrapper\">\n\t\t\t\t\t<a class=\"elementor-button elementor-button-link elementor-size-sm\" href=\"https:\/\/www.kaggle.com\/t\/440b9c4cab3342d28bcc786ceffc0ff6\" target=\"_blank\" rel=\"noopener noreferrer nofollow\">\n\t\t\t\t\t\t<span class=\"elementor-button-content-wrapper\">\n\t\t\t\t\t\t\t\t\t<span class=\"elementor-button-text\">Haga clic aqu\u00ed para obtener m\u00e1s informaci\u00f3n<\/span>\n\t\t\t\t\t<\/span>\n\t\t\t\t\t<\/a>\n\t\t\t\t<\/div>\n\t\t\t\t\t\t\t\t<\/div>\n\t\t\t\t<\/div>\n\t\t\t\t\t<\/div>\n\t\t\t\t<\/div>\n\t\t<div id=\"e-n-tab-content-2374706643\" role=\"tabpanel\" aria-labelledby=\"e-n-tab-title-2374706643\" data-tab-index=\"3\" style=\"--n-tabs-title-order: 3;\" class=\"elementor-element elementor-element-7f93734 e-con-full e-flex e-con e-child\" data-id=\"7f93734\" data-element_type=\"container\">\n\t\t<div class=\"elementor-element elementor-element-6af24b0 e-flex e-con-boxed e-con e-child\" data-id=\"6af24b0\" data-element_type=\"container\">\n\t\t\t\t\t<div class=\"e-con-inner\">\n\t\t\t\t<div class=\"elementor-element elementor-element-bf0a2f5 elementor-widget elementor-widget-text-editor\" data-id=\"bf0a2f5\" data-element_type=\"widget\" data-widget_type=\"text-editor.default\">\n\t\t\t\t<div class=\"elementor-widget-container\">\n\t\t\t\t\t\t\t\t\t<ul><li><strong>Env\u00edo:<\/strong> Desde el 13 de mayo<span style=\"font-weight: 400;\">al 10 de septiembre\u00a0<\/span><\/li><li><strong>Primera nota de aceptaci\u00f3n:<\/strong> 24 de septiembre de 2024<\/li><li><strong>Presentaci\u00f3n final:<\/strong> 1 de octubre de 2024<\/li><li><strong>Nota de aceptaci\u00f3n final:<\/strong> 4 de octubre de 2024<\/li><\/ul><div>\u00a0<\/div>\t\t\t\t\t\t\t\t<\/div>\n\t\t\t\t<\/div>\n\t\t\t\t\t<\/div>\n\t\t\t\t<\/div>\n\t\t\t\t<\/div>\n\t\t<div id=\"e-n-tab-content-2374706644\" role=\"tabpanel\" aria-labelledby=\"e-n-tab-title-2374706644\" data-tab-index=\"4\" style=\"--n-tabs-title-order: 4;\" class=\"elementor-element elementor-element-b7e134c e-con-full e-flex e-con e-child\" data-id=\"b7e134c\" data-element_type=\"container\">\n\t\t<div class=\"elementor-element elementor-element-4d136c8 e-flex e-con-boxed e-con e-child\" data-id=\"4d136c8\" data-element_type=\"container\">\n\t\t\t\t\t<div class=\"e-con-inner\">\n\t\t\t\t<div class=\"elementor-element elementor-element-953008d elementor-widget elementor-widget-text-editor\" data-id=\"953008d\" data-element_type=\"widget\" data-widget_type=\"text-editor.default\">\n\t\t\t\t<div class=\"elementor-widget-container\">\n\t\t\t\t\t\t\t\t\t<ul>\n<li><strong>Env\u00edo:<\/strong> Del 13 de mayo al 26 de agosto<\/li>\n<li><strong style=\"background-color: transparent; color: var( --e-global-color-text ); font-family: var( --e-global-typography-text-font-family ), Sans-serif; text-align: var(--text-align);\">Nota de aceptaci\u00f3n:<\/strong><span style=\"background-color: transparent; color: var( --e-global-color-text ); font-family: var( --e-global-typography-text-font-family ), Sans-serif; font-weight: var( --e-global-typography-text-font-weight ); text-align: var(--text-align);\"> 30 de agosto de 2024<\/span><\/li>\n<\/ul>\n<div>&nbsp;<\/div>\t\t\t\t\t\t\t\t<\/div>\n\t\t\t\t<\/div>\n\t\t\t\t\t<\/div>\n\t\t\t\t<\/div>\n\t\t\t\t<\/div>\n\t\t\t\t\t<\/div>\n\t\t<\/div>\n\t\t\t\t\t\t<\/div>\n\t\t\t\t<\/div>\n\t\t\t\t\t<\/div>\n\t\t\t\t<\/div>\n\t\t\t\t\t<\/div>\n\t\t<\/div>\n\t\t\t\t\t<\/div>\n\t\t<\/section>\n\t\t\t\t<\/div>","protected":false},"excerpt":{"rendered":"<p>\u00a0 El X Simposio de Neuroingenier\u00eda se celebr\u00f3 del 12 al 14 de noviembre de 2024 en Rio Grande do Norte, Brasil. Este foro internacional ofrece a investigadores, educadores, profesionales y consumidores la oportunidad de compartir conocimientos, innovaciones y desarrollos recientes, as\u00ed como aplicaciones cl\u00ednicas y no cl\u00ednicas, desde animales hasta humanos, en todos los aspectos de la neuroingenier\u00eda, la neurociencia y la rehabilitaci\u00f3n. El Simposio de Neuroingenier\u00eda [\u2026]<\/p>","protected":false},"author":17,"featured_media":0,"parent":0,"menu_order":0,"comment_status":"closed","ping_status":"closed","template":"","meta":{"_acf_changed":false,"footnotes":""},"class_list":["post-31158","page","type-page","status-publish","hentry"],"acf":[],"_links":{"self":[{"href":"https:\/\/institutosantosdumont.org.br\/es\/wp-json\/wp\/v2\/pages\/31158","targetHints":{"allow":["GET"]}}],"collection":[{"href":"https:\/\/institutosantosdumont.org.br\/es\/wp-json\/wp\/v2\/pages"}],"about":[{"href":"https:\/\/institutosantosdumont.org.br\/es\/wp-json\/wp\/v2\/types\/page"}],"author":[{"embeddable":true,"href":"https:\/\/institutosantosdumont.org.br\/es\/wp-json\/wp\/v2\/users\/17"}],"replies":[{"embeddable":true,"href":"https:\/\/institutosantosdumont.org.br\/es\/wp-json\/wp\/v2\/comments?post=31158"}],"version-history":[{"count":1,"href":"https:\/\/institutosantosdumont.org.br\/es\/wp-json\/wp\/v2\/pages\/31158\/revisions"}],"predecessor-version":[{"id":31652,"href":"https:\/\/institutosantosdumont.org.br\/es\/wp-json\/wp\/v2\/pages\/31158\/revisions\/31652"}],"wp:attachment":[{"href":"https:\/\/institutosantosdumont.org.br\/es\/wp-json\/wp\/v2\/media?parent=31158"}],"curies":[{"name":"wp","href":"https:\/\/api.w.org\/{rel}","templated":true}]}}