{"id":31526,"date":"2025-02-03T14:59:11","date_gmt":"2025-02-03T17:59:11","guid":{"rendered":"https:\/\/institutosantosdumont.org.br\/?page_id=31526"},"modified":"2025-02-03T16:52:50","modified_gmt":"2025-02-03T19:52:50","slug":"feira-de-ciencias-e-mostras-cientificas-do-isd-19a-snct","status":"publish","type":"page","link":"https:\/\/institutosantosdumont.org.br\/es\/feira-de-ciencias-e-mostras-cientificas-do-isd-19a-snct\/","title":{"rendered":"Feria de Ciencias y Exposiciones Cient\u00edficas del ISD \u2013 19\u00b0 SNCT"},"content":{"rendered":"<div data-elementor-type=\"wp-page\" data-elementor-id=\"31526\" class=\"elementor elementor-31526\" data-elementor-post-type=\"page\">\n\t\t\t\t<div class=\"elementor-element elementor-element-8777659 e-flex e-con-boxed e-con e-parent\" data-id=\"8777659\" data-element_type=\"container\">\n\t\t\t\t\t<div class=\"e-con-inner\">\n\t\t\t\t<div class=\"elementor-element elementor-element-0a5073e elementor-widget elementor-widget-image\" data-id=\"0a5073e\" data-element_type=\"widget\" data-widget_type=\"image.default\">\n\t\t\t\t<div class=\"elementor-widget-container\">\n\t\t\t\t\t\t\t\t\t\t\t\t\t\t\t<img fetchpriority=\"high\" decoding=\"async\" width=\"768\" height=\"432\" src=\"https:\/\/institutosantosdumont.org.br\/wp-content\/uploads\/2025\/02\/Artes-horizontais-e-mail-768x432.png\" class=\"attachment-medium_large size-medium_large wp-image-31528\" alt=\"\" srcset=\"https:\/\/institutosantosdumont.org.br\/wp-content\/uploads\/2025\/02\/Artes-horizontais-e-mail-768x432.png 768w, https:\/\/institutosantosdumont.org.br\/wp-content\/uploads\/2025\/02\/Artes-horizontais-e-mail-300x169.png 300w, https:\/\/institutosantosdumont.org.br\/wp-content\/uploads\/2025\/02\/Artes-horizontais-e-mail-1024x576.png 1024w, https:\/\/institutosantosdumont.org.br\/wp-content\/uploads\/2025\/02\/Artes-horizontais-e-mail-1536x864.png 1536w, https:\/\/institutosantosdumont.org.br\/wp-content\/uploads\/2025\/02\/Artes-horizontais-e-mail-2048x1152.png 2048w, https:\/\/institutosantosdumont.org.br\/wp-content\/uploads\/2025\/02\/Artes-horizontais-e-mail-18x10.png 18w\" sizes=\"(max-width: 768px) 100vw, 768px\" \/>\t\t\t\t\t\t\t\t\t\t\t\t\t\t\t<\/div>\n\t\t\t\t<\/div>\n\t\t\t\t<div class=\"elementor-element elementor-element-26638f0 elementor-widget elementor-widget-text-editor\" data-id=\"26638f0\" data-element_type=\"widget\" data-widget_type=\"text-editor.default\">\n\t\t\t\t<div class=\"elementor-widget-container\">\n\t\t\t\t\t\t\t\t\t<p>M\u00e1s de 500 estudiantes de escuelas p\u00fablicas y privadas de la Gran Natal participaron de la Feria de Ciencias y Exposiciones Cient\u00edficas en el Instituto Santos Dumont (ISD) durante la primera semana de octubre. El evento, apoyado por el Consejo Nacional de Desarrollo Cient\u00edfico y Tecnol\u00f3gico (CNPq) y el Ministerio de Ciencia, Tecnolog\u00eda e Innovaci\u00f3n (MCTI), reuni\u00f3 a ni\u00f1os y adolescentes en torno a actividades como minicursos, visitas a laboratorios, exposici\u00f3n de carteles y premiaci\u00f3n. de trabajo. destacado.<\/p>\t\t\t\t\t\t\t\t<\/div>\n\t\t\t\t<\/div>\n\t\t\t\t<div class=\"elementor-element elementor-element-7033e9c elementor-align-center elementor-widget elementor-widget-button\" data-id=\"7033e9c\" data-element_type=\"widget\" data-widget_type=\"button.default\">\n\t\t\t\t<div class=\"elementor-widget-container\">\n\t\t\t\t\t\t\t\t\t<div class=\"elementor-button-wrapper\">\n\t\t\t\t\t<a class=\"elementor-button elementor-button-link elementor-size-sm\" href=\"https:\/\/www.institutosantosdumont.org.br\/wp-content\/uploads\/2022\/09\/Normas_Feira-de-Ciencias-e-Mostras-Cient%C3%ADficas-ISD.pdf\" target=\"_blank\" rel=\"noopener noreferrer nofollow\">\n\t\t\t\t\t\t<span class=\"elementor-button-content-wrapper\">\n\t\t\t\t\t\t<span class=\"elementor-button-icon\">\n\t\t\t\t<i aria-hidden=\"true\" class=\"fas fa-book\"><\/i>\t\t\t<\/span>\n\t\t\t\t\t\t\t\t\t<span class=\"elementor-button-text\">Anuncio y horario<\/span>\n\t\t\t\t\t<\/span>\n\t\t\t\t\t<\/a>\n\t\t\t\t<\/div>\n\t\t\t\t\t\t\t\t<\/div>\n\t\t\t\t<\/div>\n\t\t\t\t<div class=\"elementor-element elementor-element-e876e27 elementor-align-center elementor-widget elementor-widget-button\" data-id=\"e876e27\" data-element_type=\"widget\" data-widget_type=\"button.default\">\n\t\t\t\t<div class=\"elementor-widget-container\">\n\t\t\t\t\t\t\t\t\t<div class=\"elementor-button-wrapper\">\n\t\t\t\t\t<a class=\"elementor-button elementor-button-link elementor-size-sm\" href=\"https:\/\/institutosantosdumont.org.br\/es\/isd-recebe-mais-de-500-estudantes-em-sua-primeira-feira-de-ciencias\/\">\n\t\t\t\t\t\t<span class=\"elementor-button-content-wrapper\">\n\t\t\t\t\t\t<span class=\"elementor-button-icon\">\n\t\t\t\t<i aria-hidden=\"true\" class=\"fas fa-book\"><\/i>\t\t\t<\/span>\n\t\t\t\t\t\t\t\t\t<span class=\"elementor-button-text\">Obras premiadas<\/span>\n\t\t\t\t\t<\/span>\n\t\t\t\t\t<\/a>\n\t\t\t\t<\/div>\n\t\t\t\t\t\t\t\t<\/div>\n\t\t\t\t<\/div>\n\t\t\t\t<div class=\"elementor-element elementor-element-c18a332 elementor-align-center elementor-widget elementor-widget-button\" data-id=\"c18a332\" data-element_type=\"widget\" data-widget_type=\"button.default\">\n\t\t\t\t<div class=\"elementor-widget-container\">\n\t\t\t\t\t\t\t\t\t<div class=\"elementor-button-wrapper\">\n\t\t\t\t\t<a class=\"elementor-button elementor-button-link elementor-size-sm\" href=\"https:\/\/institutosantosdumont.org.br\/es\/feira-de-ciencias-e-mostras-cientificas-do-isd-20a-snct\/\">\n\t\t\t\t\t\t<span class=\"elementor-button-content-wrapper\">\n\t\t\t\t\t\t<span class=\"elementor-button-icon\">\n\t\t\t\t<i aria-hidden=\"true\" class=\"fas fa-book\"><\/i>\t\t\t<\/span>\n\t\t\t\t\t\t\t\t\t<span class=\"elementor-button-text\">Edici\u00f3n 2023<\/span>\n\t\t\t\t\t<\/span>\n\t\t\t\t\t<\/a>\n\t\t\t\t<\/div>\n\t\t\t\t\t\t\t\t<\/div>\n\t\t\t\t<\/div>\n\t\t\t\t<div class=\"elementor-element elementor-element-8fbf7aa elementor-widget elementor-widget-image\" data-id=\"8fbf7aa\" data-element_type=\"widget\" data-widget_type=\"image.default\">\n\t\t\t\t<div class=\"elementor-widget-container\">\n\t\t\t\t\t\t\t\t\t\t\t\t\t\t\t<img decoding=\"async\" width=\"768\" height=\"432\" src=\"https:\/\/institutosantosdumont.org.br\/wp-content\/uploads\/2025\/02\/Artes-horizontais-e-mail-2-768x432.png\" class=\"attachment-medium_large size-medium_large wp-image-31530\" alt=\"\" srcset=\"https:\/\/institutosantosdumont.org.br\/wp-content\/uploads\/2025\/02\/Artes-horizontais-e-mail-2-768x432.png 768w, https:\/\/institutosantosdumont.org.br\/wp-content\/uploads\/2025\/02\/Artes-horizontais-e-mail-2-300x169.png 300w, https:\/\/institutosantosdumont.org.br\/wp-content\/uploads\/2025\/02\/Artes-horizontais-e-mail-2-1024x576.png 1024w, https:\/\/institutosantosdumont.org.br\/wp-content\/uploads\/2025\/02\/Artes-horizontais-e-mail-2-1536x864.png 1536w, https:\/\/institutosantosdumont.org.br\/wp-content\/uploads\/2025\/02\/Artes-horizontais-e-mail-2-2048x1152.png 2048w, https:\/\/institutosantosdumont.org.br\/wp-content\/uploads\/2025\/02\/Artes-horizontais-e-mail-2-18x10.png 18w\" sizes=\"(max-width: 768px) 100vw, 768px\" \/>\t\t\t\t\t\t\t\t\t\t\t\t\t\t\t<\/div>\n\t\t\t\t<\/div>\n\t\t\t\t<div class=\"elementor-element elementor-element-3d9bccf elementor-widget elementor-widget-heading\" data-id=\"3d9bccf\" data-element_type=\"widget\" data-widget_type=\"heading.default\">\n\t\t\t\t<div class=\"elementor-widget-container\">\n\t\t\t\t\t<h2 class=\"elementor-heading-title elementor-size-default\">Galer\u00eda<\/h2>\t\t\t\t<\/div>\n\t\t\t\t<\/div>\n\t\t\t\t<div class=\"elementor-element elementor-element-5c53f97 elementor-widget elementor-widget-image-gallery\" data-id=\"5c53f97\" data-element_type=\"widget\" data-widget_type=\"image-gallery.default\">\n\t\t\t\t<div class=\"elementor-widget-container\">\n\t\t\t\t\t\t\t<div class=\"elementor-image-gallery\">\n\t\t\t<div id='gallery-1' class='gallery galleryid-31526 gallery-columns-2 gallery-size-medium'><figure class='gallery-item'>\n\t\t\t<div class='gallery-icon landscape'>\n\t\t\t\t<a data-elementor-open-lightbox=\"yes\" data-elementor-lightbox-slideshow=\"5c53f97\" data-elementor-lightbox-title=\"IMG_5116\" data-e-action-hash=\"#elementor-action%3Aaction%3Dlightbox%26settings%3DeyJpZCI6MzE1MzEsInVybCI6Imh0dHBzOlwvXC9pbnN0aXR1dG9zYW50b3NkdW1vbnQub3JnLmJyXC93cC1jb250ZW50XC91cGxvYWRzXC8yMDI1XC8wMlwvSU1HXzUxMTYtc2NhbGVkLmpwZyIsInNsaWRlc2hvdyI6IjVjNTNmOTcifQ%3D%3D\" href='https:\/\/institutosantosdumont.org.br\/wp-content\/uploads\/2025\/02\/IMG_5116-scaled.jpg'><img decoding=\"async\" width=\"300\" height=\"225\" src=\"https:\/\/institutosantosdumont.org.br\/wp-content\/uploads\/2025\/02\/IMG_5116-300x225.jpg\" class=\"attachment-medium size-medium\" alt=\"\" srcset=\"https:\/\/institutosantosdumont.org.br\/wp-content\/uploads\/2025\/02\/IMG_5116-300x225.jpg 300w, https:\/\/institutosantosdumont.org.br\/wp-content\/uploads\/2025\/02\/IMG_5116-1024x768.jpg 1024w, https:\/\/institutosantosdumont.org.br\/wp-content\/uploads\/2025\/02\/IMG_5116-768x576.jpg 768w, https:\/\/institutosantosdumont.org.br\/wp-content\/uploads\/2025\/02\/IMG_5116-1536x1152.jpg 1536w, https:\/\/institutosantosdumont.org.br\/wp-content\/uploads\/2025\/02\/IMG_5116-2048x1536.jpg 2048w, https:\/\/institutosantosdumont.org.br\/wp-content\/uploads\/2025\/02\/IMG_5116-16x12.jpg 16w\" sizes=\"(max-width: 300px) 100vw, 300px\" \/><\/a>\n\t\t\t<\/div><\/figure><figure class='gallery-item'>\n\t\t\t<div class='gallery-icon landscape'>\n\t\t\t\t<a data-elementor-open-lightbox=\"yes\" data-elementor-lightbox-slideshow=\"5c53f97\" data-elementor-lightbox-title=\"IMG_5110\" data-e-action-hash=\"#elementor-action%3Aaction%3Dlightbox%26settings%3DeyJpZCI6MzE1MzIsInVybCI6Imh0dHBzOlwvXC9pbnN0aXR1dG9zYW50b3NkdW1vbnQub3JnLmJyXC93cC1jb250ZW50XC91cGxvYWRzXC8yMDI1XC8wMlwvSU1HXzUxMTAtc2NhbGVkLmpwZyIsInNsaWRlc2hvdyI6IjVjNTNmOTcifQ%3D%3D\" href='https:\/\/institutosantosdumont.org.br\/wp-content\/uploads\/2025\/02\/IMG_5110-scaled.jpg'><img loading=\"lazy\" decoding=\"async\" width=\"300\" height=\"225\" src=\"https:\/\/institutosantosdumont.org.br\/wp-content\/uploads\/2025\/02\/IMG_5110-300x225.jpg\" class=\"attachment-medium size-medium\" alt=\"\" srcset=\"https:\/\/institutosantosdumont.org.br\/wp-content\/uploads\/2025\/02\/IMG_5110-300x225.jpg 300w, https:\/\/institutosantosdumont.org.br\/wp-content\/uploads\/2025\/02\/IMG_5110-1024x768.jpg 1024w, https:\/\/institutosantosdumont.org.br\/wp-content\/uploads\/2025\/02\/IMG_5110-768x576.jpg 768w, https:\/\/institutosantosdumont.org.br\/wp-content\/uploads\/2025\/02\/IMG_5110-1536x1152.jpg 1536w, https:\/\/institutosantosdumont.org.br\/wp-content\/uploads\/2025\/02\/IMG_5110-2048x1536.jpg 2048w, https:\/\/institutosantosdumont.org.br\/wp-content\/uploads\/2025\/02\/IMG_5110-16x12.jpg 16w\" sizes=\"(max-width: 300px) 100vw, 300px\" \/><\/a>\n\t\t\t<\/div><\/figure><figure class='gallery-item'>\n\t\t\t<div class='gallery-icon landscape'>\n\t\t\t\t<a data-elementor-open-lightbox=\"yes\" data-elementor-lightbox-slideshow=\"5c53f97\" data-elementor-lightbox-title=\"IMG_4391\" data-e-action-hash=\"#elementor-action%3Aaction%3Dlightbox%26settings%3DeyJpZCI6MzE1MzMsInVybCI6Imh0dHBzOlwvXC9pbnN0aXR1dG9zYW50b3NkdW1vbnQub3JnLmJyXC93cC1jb250ZW50XC91cGxvYWRzXC8yMDI1XC8wMlwvSU1HXzQzOTEtc2NhbGVkLmpwZyIsInNsaWRlc2hvdyI6IjVjNTNmOTcifQ%3D%3D\" href='https:\/\/institutosantosdumont.org.br\/wp-content\/uploads\/2025\/02\/IMG_4391-scaled.jpg'><img loading=\"lazy\" decoding=\"async\" width=\"300\" height=\"225\" src=\"https:\/\/institutosantosdumont.org.br\/wp-content\/uploads\/2025\/02\/IMG_4391-300x225.jpg\" class=\"attachment-medium size-medium\" alt=\"\" srcset=\"https:\/\/institutosantosdumont.org.br\/wp-content\/uploads\/2025\/02\/IMG_4391-300x225.jpg 300w, https:\/\/institutosantosdumont.org.br\/wp-content\/uploads\/2025\/02\/IMG_4391-1024x768.jpg 1024w, https:\/\/institutosantosdumont.org.br\/wp-content\/uploads\/2025\/02\/IMG_4391-768x576.jpg 768w, https:\/\/institutosantosdumont.org.br\/wp-content\/uploads\/2025\/02\/IMG_4391-1536x1152.jpg 1536w, https:\/\/institutosantosdumont.org.br\/wp-content\/uploads\/2025\/02\/IMG_4391-2048x1536.jpg 2048w, https:\/\/institutosantosdumont.org.br\/wp-content\/uploads\/2025\/02\/IMG_4391-16x12.jpg 16w\" sizes=\"(max-width: 300px) 100vw, 300px\" \/><\/a>\n\t\t\t<\/div><\/figure><figure class='gallery-item'>\n\t\t\t<div class='gallery-icon landscape'>\n\t\t\t\t<a data-elementor-open-lightbox=\"yes\" data-elementor-lightbox-slideshow=\"5c53f97\" data-elementor-lightbox-title=\"IMG_4392\" data-e-action-hash=\"#elementor-action%3Aaction%3Dlightbox%26settings%3DeyJpZCI6MzE1MzQsInVybCI6Imh0dHBzOlwvXC9pbnN0aXR1dG9zYW50b3NkdW1vbnQub3JnLmJyXC93cC1jb250ZW50XC91cGxvYWRzXC8yMDI1XC8wMlwvSU1HXzQzOTItc2NhbGVkLmpwZyIsInNsaWRlc2hvdyI6IjVjNTNmOTcifQ%3D%3D\" href='https:\/\/institutosantosdumont.org.br\/wp-content\/uploads\/2025\/02\/IMG_4392-scaled.jpg'><img loading=\"lazy\" decoding=\"async\" width=\"300\" height=\"225\" src=\"https:\/\/institutosantosdumont.org.br\/wp-content\/uploads\/2025\/02\/IMG_4392-300x225.jpg\" class=\"attachment-medium size-medium\" alt=\"\" srcset=\"https:\/\/institutosantosdumont.org.br\/wp-content\/uploads\/2025\/02\/IMG_4392-300x225.jpg 300w, https:\/\/institutosantosdumont.org.br\/wp-content\/uploads\/2025\/02\/IMG_4392-1024x768.jpg 1024w, https:\/\/institutosantosdumont.org.br\/wp-content\/uploads\/2025\/02\/IMG_4392-768x576.jpg 768w, https:\/\/institutosantosdumont.org.br\/wp-content\/uploads\/2025\/02\/IMG_4392-1536x1152.jpg 1536w, https:\/\/institutosantosdumont.org.br\/wp-content\/uploads\/2025\/02\/IMG_4392-2048x1536.jpg 2048w, https:\/\/institutosantosdumont.org.br\/wp-content\/uploads\/2025\/02\/IMG_4392-16x12.jpg 16w\" sizes=\"(max-width: 300px) 100vw, 300px\" \/><\/a>\n\t\t\t<\/div><\/figure><figure class='gallery-item'>\n\t\t\t<div class='gallery-icon landscape'>\n\t\t\t\t<a data-elementor-open-lightbox=\"yes\" data-elementor-lightbox-slideshow=\"5c53f97\" data-elementor-lightbox-title=\"IMG_4370\" data-e-action-hash=\"#elementor-action%3Aaction%3Dlightbox%26settings%3DeyJpZCI6MzE1MzUsInVybCI6Imh0dHBzOlwvXC9pbnN0aXR1dG9zYW50b3NkdW1vbnQub3JnLmJyXC93cC1jb250ZW50XC91cGxvYWRzXC8yMDI1XC8wMlwvSU1HXzQzNzAtc2NhbGVkLmpwZyIsInNsaWRlc2hvdyI6IjVjNTNmOTcifQ%3D%3D\" href='https:\/\/institutosantosdumont.org.br\/wp-content\/uploads\/2025\/02\/IMG_4370-scaled.jpg'><img loading=\"lazy\" decoding=\"async\" width=\"300\" height=\"225\" src=\"https:\/\/institutosantosdumont.org.br\/wp-content\/uploads\/2025\/02\/IMG_4370-300x225.jpg\" class=\"attachment-medium size-medium\" alt=\"\" srcset=\"https:\/\/institutosantosdumont.org.br\/wp-content\/uploads\/2025\/02\/IMG_4370-300x225.jpg 300w, https:\/\/institutosantosdumont.org.br\/wp-content\/uploads\/2025\/02\/IMG_4370-1024x768.jpg 1024w, https:\/\/institutosantosdumont.org.br\/wp-content\/uploads\/2025\/02\/IMG_4370-768x576.jpg 768w, https:\/\/institutosantosdumont.org.br\/wp-content\/uploads\/2025\/02\/IMG_4370-1536x1152.jpg 1536w, https:\/\/institutosantosdumont.org.br\/wp-content\/uploads\/2025\/02\/IMG_4370-2048x1536.jpg 2048w, https:\/\/institutosantosdumont.org.br\/wp-content\/uploads\/2025\/02\/IMG_4370-16x12.jpg 16w\" sizes=\"(max-width: 300px) 100vw, 300px\" \/><\/a>\n\t\t\t<\/div><\/figure><figure class='gallery-item'>\n\t\t\t<div class='gallery-icon landscape'>\n\t\t\t\t<a data-elementor-open-lightbox=\"yes\" data-elementor-lightbox-slideshow=\"5c53f97\" data-elementor-lightbox-title=\"IMG_0037\" data-e-action-hash=\"#elementor-action%3Aaction%3Dlightbox%26settings%3DeyJpZCI6MzE1MzYsInVybCI6Imh0dHBzOlwvXC9pbnN0aXR1dG9zYW50b3NkdW1vbnQub3JnLmJyXC93cC1jb250ZW50XC91cGxvYWRzXC8yMDI1XC8wMlwvSU1HXzAwMzctc2NhbGVkLmpwZyIsInNsaWRlc2hvdyI6IjVjNTNmOTcifQ%3D%3D\" href='https:\/\/institutosantosdumont.org.br\/wp-content\/uploads\/2025\/02\/IMG_0037-scaled.jpg'><img loading=\"lazy\" decoding=\"async\" width=\"300\" height=\"200\" src=\"https:\/\/institutosantosdumont.org.br\/wp-content\/uploads\/2025\/02\/IMG_0037-300x200.jpg\" class=\"attachment-medium size-medium\" alt=\"\" srcset=\"https:\/\/institutosantosdumont.org.br\/wp-content\/uploads\/2025\/02\/IMG_0037-300x200.jpg 300w, https:\/\/institutosantosdumont.org.br\/wp-content\/uploads\/2025\/02\/IMG_0037-1024x683.jpg 1024w, https:\/\/institutosantosdumont.org.br\/wp-content\/uploads\/2025\/02\/IMG_0037-768x512.jpg 768w, https:\/\/institutosantosdumont.org.br\/wp-content\/uploads\/2025\/02\/IMG_0037-1536x1024.jpg 1536w, https:\/\/institutosantosdumont.org.br\/wp-content\/uploads\/2025\/02\/IMG_0037-2048x1365.jpg 2048w, https:\/\/institutosantosdumont.org.br\/wp-content\/uploads\/2025\/02\/IMG_0037-18x12.jpg 18w\" sizes=\"(max-width: 300px) 100vw, 300px\" \/><\/a>\n\t\t\t<\/div><\/figure>\n\t\t<\/div>\n\t\t<\/div>\n\t\t\t\t\t\t<\/div>\n\t\t\t\t<\/div>\n\t\t\t\t\t<\/div>\n\t\t\t\t<\/div>\n\t\t\t\t<\/div>","protected":false},"excerpt":{"rendered":"<p>M\u00e1s de 500 estudiantes de escuelas p\u00fablicas y privadas del Gran Natal participaron en la Feria de Ciencias y Exposiciones Cient\u00edficas celebrada en el Instituto Santos Dumont (ISD) durante la primera semana de octubre. El evento, apoyado por el Consejo Nacional de Desarrollo Cient\u00edfico y Tecnol\u00f3gico (CNPq) y el Ministerio de Ciencia, Tecnolog\u00eda e Innovaci\u00f3n (MCTI), reuni\u00f3 a ni\u00f1os y [\u2026]<\/p>","protected":false},"author":17,"featured_media":30225,"parent":0,"menu_order":0,"comment_status":"closed","ping_status":"closed","template":"","meta":{"_acf_changed":false,"footnotes":""},"class_list":["post-31526","page","type-page","status-publish","has-post-thumbnail","hentry"],"acf":[],"_links":{"self":[{"href":"https:\/\/institutosantosdumont.org.br\/es\/wp-json\/wp\/v2\/pages\/31526","targetHints":{"allow":["GET"]}}],"collection":[{"href":"https:\/\/institutosantosdumont.org.br\/es\/wp-json\/wp\/v2\/pages"}],"about":[{"href":"https:\/\/institutosantosdumont.org.br\/es\/wp-json\/wp\/v2\/types\/page"}],"author":[{"embeddable":true,"href":"https:\/\/institutosantosdumont.org.br\/es\/wp-json\/wp\/v2\/users\/17"}],"replies":[{"embeddable":true,"href":"https:\/\/institutosantosdumont.org.br\/es\/wp-json\/wp\/v2\/comments?post=31526"}],"version-history":[{"count":13,"href":"https:\/\/institutosantosdumont.org.br\/es\/wp-json\/wp\/v2\/pages\/31526\/revisions"}],"predecessor-version":[{"id":31577,"href":"https:\/\/institutosantosdumont.org.br\/es\/wp-json\/wp\/v2\/pages\/31526\/revisions\/31577"}],"wp:featuredmedia":[{"embeddable":true,"href":"https:\/\/institutosantosdumont.org.br\/es\/wp-json\/wp\/v2\/media\/30225"}],"wp:attachment":[{"href":"https:\/\/institutosantosdumont.org.br\/es\/wp-json\/wp\/v2\/media?parent=31526"}],"curies":[{"name":"wp","href":"https:\/\/api.w.org\/{rel}","templated":true}]}}