{"id":31547,"date":"2025-02-03T16:35:23","date_gmt":"2025-02-03T19:35:23","guid":{"rendered":"https:\/\/institutosantosdumont.org.br\/?page_id=31547"},"modified":"2025-02-03T16:55:26","modified_gmt":"2025-02-03T19:55:26","slug":"feira-de-ciencias-e-mostras-cientificas-do-isd-18a-snct","status":"publish","type":"page","link":"https:\/\/institutosantosdumont.org.br\/es\/feira-de-ciencias-e-mostras-cientificas-do-isd-18a-snct\/","title":{"rendered":"18\u00aa Semana Nacional de Ciencia y Tecnolog\u00eda en ISD"},"content":{"rendered":"<div data-elementor-type=\"wp-page\" data-elementor-id=\"31547\" class=\"elementor elementor-31547\" data-elementor-post-type=\"page\">\n\t\t\t\t<div class=\"elementor-element elementor-element-8777659 e-flex e-con-boxed e-con e-parent\" data-id=\"8777659\" data-element_type=\"container\">\n\t\t\t\t\t<div class=\"e-con-inner\">\n\t\t\t\t<div class=\"elementor-element elementor-element-0a5073e elementor-widget elementor-widget-image\" data-id=\"0a5073e\" data-element_type=\"widget\" data-widget_type=\"image.default\">\n\t\t\t\t<div class=\"elementor-widget-container\">\n\t\t\t\t\t\t\t\t\t\t\t\t\t\t\t<img fetchpriority=\"high\" decoding=\"async\" width=\"748\" height=\"423\" src=\"https:\/\/institutosantosdumont.org.br\/wp-content\/uploads\/2025\/02\/2441e286-0971-46b5-a090-c4fb4e6b712a.jpeg\" class=\"attachment-medium_large size-medium_large wp-image-31579\" alt=\"\" srcset=\"https:\/\/institutosantosdumont.org.br\/wp-content\/uploads\/2025\/02\/2441e286-0971-46b5-a090-c4fb4e6b712a.jpeg 748w, https:\/\/institutosantosdumont.org.br\/wp-content\/uploads\/2025\/02\/2441e286-0971-46b5-a090-c4fb4e6b712a-300x170.jpeg 300w, https:\/\/institutosantosdumont.org.br\/wp-content\/uploads\/2025\/02\/2441e286-0971-46b5-a090-c4fb4e6b712a-18x10.jpeg 18w\" sizes=\"(max-width: 748px) 100vw, 748px\" \/>\t\t\t\t\t\t\t\t\t\t\t\t\t\t\t<\/div>\n\t\t\t\t<\/div>\n\t\t\t\t<div class=\"elementor-element elementor-element-26638f0 elementor-widget elementor-widget-text-editor\" data-id=\"26638f0\" data-element_type=\"widget\" data-widget_type=\"text-editor.default\">\n\t\t\t\t<div class=\"elementor-widget-container\">\n\t\t\t\t\t\t\t\t\t<p>El Instituto Santos Dumont (ISD) abri\u00f3 las puertas del Instituto Internacional de Neurociencias Edmond y Lily Safra (IIN-ELS), una de sus unidades ubicada en Maca\u00edba (RN), a estudiantes de la red p\u00fablica de educaci\u00f3n de municipios de la Regi\u00f3n Metropolitana de Natal, en el marco de la 18\u00aa Semana Nacional de Ciencia y Tecnolog\u00eda (SNCT).\u00a0<\/p><p>A partir del 22 de noviembre de 2021, estudiantes de Parnamirim y Maca\u00edba pudieron experimentar actividades que involucran realidad virtual, electr\u00f3nica, microscop\u00eda y aprender m\u00e1s sobre c\u00f3mo funciona el cerebro humano, en actividades impartidas por estudiantes de maestr\u00eda y de Iniciaci\u00f3n Cient\u00edfica del Instituto.\u00a0<\/p>\t\t\t\t\t\t\t\t<\/div>\n\t\t\t\t<\/div>\n\t\t\t\t<div class=\"elementor-element elementor-element-7033e9c elementor-align-center elementor-widget elementor-widget-button\" data-id=\"7033e9c\" data-element_type=\"widget\" data-widget_type=\"button.default\">\n\t\t\t\t<div class=\"elementor-widget-container\">\n\t\t\t\t\t\t\t\t\t<div class=\"elementor-button-wrapper\">\n\t\t\t\t\t<a class=\"elementor-button elementor-size-sm\" role=\"button\">\n\t\t\t\t\t\t<span class=\"elementor-button-content-wrapper\">\n\t\t\t\t\t\t<span class=\"elementor-button-icon\">\n\t\t\t\t<i aria-hidden=\"true\" class=\"fas fa-book\"><\/i>\t\t\t<\/span>\n\t\t\t\t\t\t\t\t\t<span class=\"elementor-button-text\">Anuncio y horario<\/span>\n\t\t\t\t\t<\/span>\n\t\t\t\t\t<\/a>\n\t\t\t\t<\/div>\n\t\t\t\t\t\t\t\t<\/div>\n\t\t\t\t<\/div>\n\t\t\t\t<div class=\"elementor-element elementor-element-e876e27 elementor-align-center elementor-widget elementor-widget-button\" data-id=\"e876e27\" data-element_type=\"widget\" data-widget_type=\"button.default\">\n\t\t\t\t<div class=\"elementor-widget-container\">\n\t\t\t\t\t\t\t\t\t<div class=\"elementor-button-wrapper\">\n\t\t\t\t\t<a class=\"elementor-button elementor-button-link elementor-size-sm\" href=\"https:\/\/institutosantosdumont.org.br\/es\/isd-recebe-estudantes-da-rede-publica-de-educacao-na-18a-edicao-da-semana-nacional-de-ciencia-e-tecnologia\/\">\n\t\t\t\t\t\t<span class=\"elementor-button-content-wrapper\">\n\t\t\t\t\t\t<span class=\"elementor-button-icon\">\n\t\t\t\t<i aria-hidden=\"true\" class=\"fas fa-book\"><\/i>\t\t\t<\/span>\n\t\t\t\t\t\t\t\t\t<span class=\"elementor-button-text\">Noticias de eventos<\/span>\n\t\t\t\t\t<\/span>\n\t\t\t\t\t<\/a>\n\t\t\t\t<\/div>\n\t\t\t\t\t\t\t\t<\/div>\n\t\t\t\t<\/div>\n\t\t\t\t<div class=\"elementor-element elementor-element-c18a332 elementor-align-center elementor-widget elementor-widget-button\" data-id=\"c18a332\" data-element_type=\"widget\" data-widget_type=\"button.default\">\n\t\t\t\t<div class=\"elementor-widget-container\">\n\t\t\t\t\t\t\t\t\t<div class=\"elementor-button-wrapper\">\n\t\t\t\t\t<a class=\"elementor-button elementor-button-link elementor-size-sm\" href=\"https:\/\/institutosantosdumont.org.br\/es\/feira-de-ciencias-e-mostras-cientificas-do-isd-19a-snct\/\">\n\t\t\t\t\t\t<span class=\"elementor-button-content-wrapper\">\n\t\t\t\t\t\t<span class=\"elementor-button-icon\">\n\t\t\t\t<i aria-hidden=\"true\" class=\"fas fa-book\"><\/i>\t\t\t<\/span>\n\t\t\t\t\t\t\t\t\t<span class=\"elementor-button-text\">Edici\u00f3n 2022<\/span>\n\t\t\t\t\t<\/span>\n\t\t\t\t\t<\/a>\n\t\t\t\t<\/div>\n\t\t\t\t\t\t\t\t<\/div>\n\t\t\t\t<\/div>\n\t\t\t\t<div class=\"elementor-element elementor-element-3d9bccf elementor-widget elementor-widget-heading\" data-id=\"3d9bccf\" data-element_type=\"widget\" data-widget_type=\"heading.default\">\n\t\t\t\t<div class=\"elementor-widget-container\">\n\t\t\t\t\t<h2 class=\"elementor-heading-title elementor-size-default\">Galer\u00eda<\/h2>\t\t\t\t<\/div>\n\t\t\t\t<\/div>\n\t\t\t\t<div class=\"elementor-element elementor-element-5c53f97 elementor-widget elementor-widget-image-gallery\" data-id=\"5c53f97\" data-element_type=\"widget\" data-widget_type=\"image-gallery.default\">\n\t\t\t\t<div class=\"elementor-widget-container\">\n\t\t\t\t\t\t\t<div class=\"elementor-image-gallery\">\n\t\t\t<div id='gallery-1' class='gallery galleryid-31547 gallery-columns-3 gallery-size-medium'><figure class='gallery-item'>\n\t\t\t<div class='gallery-icon landscape'>\n\t\t\t\t<a data-elementor-open-lightbox=\"yes\" data-elementor-lightbox-slideshow=\"5c53f97\" data-elementor-lightbox-title=\"IMG_9942\" data-e-action-hash=\"#elementor-action%3Aaction%3Dlightbox%26settings%3DeyJpZCI6MzE1NTQsInVybCI6Imh0dHBzOlwvXC9pbnN0aXR1dG9zYW50b3NkdW1vbnQub3JnLmJyXC93cC1jb250ZW50XC91cGxvYWRzXC8yMDI1XC8wMlwvSU1HXzk5NDItc2NhbGVkLmpwZyIsInNsaWRlc2hvdyI6IjVjNTNmOTcifQ%3D%3D\" href='https:\/\/institutosantosdumont.org.br\/wp-content\/uploads\/2025\/02\/IMG_9942-scaled.jpg'><img width=\"300\" height=\"200\" src=\"https:\/\/institutosantosdumont.org.br\/wp-content\/uploads\/2025\/02\/IMG_9942-300x200.jpg\" class=\"attachment-medium size-medium\" alt=\"\" decoding=\"async\" srcset=\"https:\/\/institutosantosdumont.org.br\/wp-content\/uploads\/2025\/02\/IMG_9942-300x200.jpg 300w, https:\/\/institutosantosdumont.org.br\/wp-content\/uploads\/2025\/02\/IMG_9942-1024x683.jpg 1024w, https:\/\/institutosantosdumont.org.br\/wp-content\/uploads\/2025\/02\/IMG_9942-768x512.jpg 768w, https:\/\/institutosantosdumont.org.br\/wp-content\/uploads\/2025\/02\/IMG_9942-1536x1024.jpg 1536w, https:\/\/institutosantosdumont.org.br\/wp-content\/uploads\/2025\/02\/IMG_9942-2048x1365.jpg 2048w, https:\/\/institutosantosdumont.org.br\/wp-content\/uploads\/2025\/02\/IMG_9942-18x12.jpg 18w\" sizes=\"(max-width: 300px) 100vw, 300px\" \/><\/a>\n\t\t\t<\/div><\/figure><figure class='gallery-item'>\n\t\t\t<div class='gallery-icon landscape'>\n\t\t\t\t<a data-elementor-open-lightbox=\"yes\" data-elementor-lightbox-slideshow=\"5c53f97\" data-elementor-lightbox-title=\"IMG_9955\" data-e-action-hash=\"#elementor-action%3Aaction%3Dlightbox%26settings%3DeyJpZCI6MzE1NTUsInVybCI6Imh0dHBzOlwvXC9pbnN0aXR1dG9zYW50b3NkdW1vbnQub3JnLmJyXC93cC1jb250ZW50XC91cGxvYWRzXC8yMDI1XC8wMlwvSU1HXzk5NTUtc2NhbGVkLmpwZyIsInNsaWRlc2hvdyI6IjVjNTNmOTcifQ%3D%3D\" href='https:\/\/institutosantosdumont.org.br\/wp-content\/uploads\/2025\/02\/IMG_9955-scaled.jpg'><img width=\"300\" height=\"200\" src=\"https:\/\/institutosantosdumont.org.br\/wp-content\/uploads\/2025\/02\/IMG_9955-300x200.jpg\" class=\"attachment-medium size-medium\" alt=\"\" decoding=\"async\" srcset=\"https:\/\/institutosantosdumont.org.br\/wp-content\/uploads\/2025\/02\/IMG_9955-300x200.jpg 300w, https:\/\/institutosantosdumont.org.br\/wp-content\/uploads\/2025\/02\/IMG_9955-1024x683.jpg 1024w, https:\/\/institutosantosdumont.org.br\/wp-content\/uploads\/2025\/02\/IMG_9955-768x512.jpg 768w, https:\/\/institutosantosdumont.org.br\/wp-content\/uploads\/2025\/02\/IMG_9955-1536x1024.jpg 1536w, https:\/\/institutosantosdumont.org.br\/wp-content\/uploads\/2025\/02\/IMG_9955-2048x1365.jpg 2048w, https:\/\/institutosantosdumont.org.br\/wp-content\/uploads\/2025\/02\/IMG_9955-18x12.jpg 18w\" sizes=\"(max-width: 300px) 100vw, 300px\" \/><\/a>\n\t\t\t<\/div><\/figure><figure class='gallery-item'>\n\t\t\t<div class='gallery-icon landscape'>\n\t\t\t\t<a data-elementor-open-lightbox=\"yes\" data-elementor-lightbox-slideshow=\"5c53f97\" data-elementor-lightbox-title=\"IMG_9974\" data-e-action-hash=\"#elementor-action%3Aaction%3Dlightbox%26settings%3DeyJpZCI6MzE1NTYsInVybCI6Imh0dHBzOlwvXC9pbnN0aXR1dG9zYW50b3NkdW1vbnQub3JnLmJyXC93cC1jb250ZW50XC91cGxvYWRzXC8yMDI1XC8wMlwvSU1HXzk5NzQtc2NhbGVkLmpwZyIsInNsaWRlc2hvdyI6IjVjNTNmOTcifQ%3D%3D\" href='https:\/\/institutosantosdumont.org.br\/wp-content\/uploads\/2025\/02\/IMG_9974-scaled.jpg'><img loading=\"lazy\" width=\"300\" height=\"200\" src=\"https:\/\/institutosantosdumont.org.br\/wp-content\/uploads\/2025\/02\/IMG_9974-300x200.jpg\" class=\"attachment-medium size-medium\" alt=\"\" decoding=\"async\" srcset=\"https:\/\/institutosantosdumont.org.br\/wp-content\/uploads\/2025\/02\/IMG_9974-300x200.jpg 300w, https:\/\/institutosantosdumont.org.br\/wp-content\/uploads\/2025\/02\/IMG_9974-1024x683.jpg 1024w, https:\/\/institutosantosdumont.org.br\/wp-content\/uploads\/2025\/02\/IMG_9974-768x512.jpg 768w, https:\/\/institutosantosdumont.org.br\/wp-content\/uploads\/2025\/02\/IMG_9974-1536x1024.jpg 1536w, https:\/\/institutosantosdumont.org.br\/wp-content\/uploads\/2025\/02\/IMG_9974-2048x1365.jpg 2048w, https:\/\/institutosantosdumont.org.br\/wp-content\/uploads\/2025\/02\/IMG_9974-18x12.jpg 18w\" sizes=\"(max-width: 300px) 100vw, 300px\" \/><\/a>\n\t\t\t<\/div><\/figure><figure class='gallery-item'>\n\t\t\t<div class='gallery-icon landscape'>\n\t\t\t\t<a data-elementor-open-lightbox=\"yes\" data-elementor-lightbox-slideshow=\"5c53f97\" data-elementor-lightbox-title=\"IMG_9908\" data-e-action-hash=\"#elementor-action%3Aaction%3Dlightbox%26settings%3DeyJpZCI6MzE1NTcsInVybCI6Imh0dHBzOlwvXC9pbnN0aXR1dG9zYW50b3NkdW1vbnQub3JnLmJyXC93cC1jb250ZW50XC91cGxvYWRzXC8yMDI1XC8wMlwvSU1HXzk5MDgtc2NhbGVkLmpwZyIsInNsaWRlc2hvdyI6IjVjNTNmOTcifQ%3D%3D\" href='https:\/\/institutosantosdumont.org.br\/wp-content\/uploads\/2025\/02\/IMG_9908-scaled.jpg'><img loading=\"lazy\" width=\"300\" height=\"200\" src=\"https:\/\/institutosantosdumont.org.br\/wp-content\/uploads\/2025\/02\/IMG_9908-300x200.jpg\" class=\"attachment-medium size-medium\" alt=\"\" decoding=\"async\" srcset=\"https:\/\/institutosantosdumont.org.br\/wp-content\/uploads\/2025\/02\/IMG_9908-300x200.jpg 300w, https:\/\/institutosantosdumont.org.br\/wp-content\/uploads\/2025\/02\/IMG_9908-1024x683.jpg 1024w, https:\/\/institutosantosdumont.org.br\/wp-content\/uploads\/2025\/02\/IMG_9908-768x512.jpg 768w, https:\/\/institutosantosdumont.org.br\/wp-content\/uploads\/2025\/02\/IMG_9908-1536x1024.jpg 1536w, https:\/\/institutosantosdumont.org.br\/wp-content\/uploads\/2025\/02\/IMG_9908-2048x1365.jpg 2048w, https:\/\/institutosantosdumont.org.br\/wp-content\/uploads\/2025\/02\/IMG_9908-18x12.jpg 18w\" sizes=\"(max-width: 300px) 100vw, 300px\" \/><\/a>\n\t\t\t<\/div><\/figure><figure class='gallery-item'>\n\t\t\t<div class='gallery-icon portrait'>\n\t\t\t\t<a data-elementor-open-lightbox=\"yes\" data-elementor-lightbox-slideshow=\"5c53f97\" data-elementor-lightbox-title=\"IMG_9861\" data-e-action-hash=\"#elementor-action%3Aaction%3Dlightbox%26settings%3DeyJpZCI6MzE1NTgsInVybCI6Imh0dHBzOlwvXC9pbnN0aXR1dG9zYW50b3NkdW1vbnQub3JnLmJyXC93cC1jb250ZW50XC91cGxvYWRzXC8yMDI1XC8wMlwvSU1HXzk4NjEtc2NhbGVkLmpwZyIsInNsaWRlc2hvdyI6IjVjNTNmOTcifQ%3D%3D\" href='https:\/\/institutosantosdumont.org.br\/wp-content\/uploads\/2025\/02\/IMG_9861-scaled.jpg'><img loading=\"lazy\" width=\"200\" height=\"300\" src=\"https:\/\/institutosantosdumont.org.br\/wp-content\/uploads\/2025\/02\/IMG_9861-200x300.jpg\" class=\"attachment-medium size-medium\" alt=\"\" decoding=\"async\" srcset=\"https:\/\/institutosantosdumont.org.br\/wp-content\/uploads\/2025\/02\/IMG_9861-200x300.jpg 200w, https:\/\/institutosantosdumont.org.br\/wp-content\/uploads\/2025\/02\/IMG_9861-683x1024.jpg 683w, https:\/\/institutosantosdumont.org.br\/wp-content\/uploads\/2025\/02\/IMG_9861-768x1152.jpg 768w, https:\/\/institutosantosdumont.org.br\/wp-content\/uploads\/2025\/02\/IMG_9861-1024x1536.jpg 1024w, https:\/\/institutosantosdumont.org.br\/wp-content\/uploads\/2025\/02\/IMG_9861-1365x2048.jpg 1365w, https:\/\/institutosantosdumont.org.br\/wp-content\/uploads\/2025\/02\/IMG_9861-8x12.jpg 8w, https:\/\/institutosantosdumont.org.br\/wp-content\/uploads\/2025\/02\/IMG_9861-scaled.jpg 1707w\" sizes=\"(max-width: 200px) 100vw, 200px\" \/><\/a>\n\t\t\t<\/div><\/figure><figure class='gallery-item'>\n\t\t\t<div class='gallery-icon landscape'>\n\t\t\t\t<a data-elementor-open-lightbox=\"yes\" data-elementor-lightbox-slideshow=\"5c53f97\" data-elementor-lightbox-title=\"IMG_9858\" data-e-action-hash=\"#elementor-action%3Aaction%3Dlightbox%26settings%3DeyJpZCI6MzE1NTksInVybCI6Imh0dHBzOlwvXC9pbnN0aXR1dG9zYW50b3NkdW1vbnQub3JnLmJyXC93cC1jb250ZW50XC91cGxvYWRzXC8yMDI1XC8wMlwvSU1HXzk4NTgtc2NhbGVkLmpwZyIsInNsaWRlc2hvdyI6IjVjNTNmOTcifQ%3D%3D\" href='https:\/\/institutosantosdumont.org.br\/wp-content\/uploads\/2025\/02\/IMG_9858-scaled.jpg'><img loading=\"lazy\" width=\"300\" height=\"200\" src=\"https:\/\/institutosantosdumont.org.br\/wp-content\/uploads\/2025\/02\/IMG_9858-300x200.jpg\" class=\"attachment-medium size-medium\" alt=\"\" decoding=\"async\" srcset=\"https:\/\/institutosantosdumont.org.br\/wp-content\/uploads\/2025\/02\/IMG_9858-300x200.jpg 300w, https:\/\/institutosantosdumont.org.br\/wp-content\/uploads\/2025\/02\/IMG_9858-1024x683.jpg 1024w, https:\/\/institutosantosdumont.org.br\/wp-content\/uploads\/2025\/02\/IMG_9858-768x512.jpg 768w, https:\/\/institutosantosdumont.org.br\/wp-content\/uploads\/2025\/02\/IMG_9858-1536x1024.jpg 1536w, https:\/\/institutosantosdumont.org.br\/wp-content\/uploads\/2025\/02\/IMG_9858-2048x1365.jpg 2048w, https:\/\/institutosantosdumont.org.br\/wp-content\/uploads\/2025\/02\/IMG_9858-18x12.jpg 18w\" sizes=\"(max-width: 300px) 100vw, 300px\" \/><\/a>\n\t\t\t<\/div><\/figure><figure class='gallery-item'>\n\t\t\t<div class='gallery-icon landscape'>\n\t\t\t\t<a data-elementor-open-lightbox=\"yes\" data-elementor-lightbox-slideshow=\"5c53f97\" data-elementor-lightbox-title=\"IMG_9849\" data-e-action-hash=\"#elementor-action%3Aaction%3Dlightbox%26settings%3DeyJpZCI6MzE1NjAsInVybCI6Imh0dHBzOlwvXC9pbnN0aXR1dG9zYW50b3NkdW1vbnQub3JnLmJyXC93cC1jb250ZW50XC91cGxvYWRzXC8yMDI1XC8wMlwvSU1HXzk4NDktc2NhbGVkLmpwZyIsInNsaWRlc2hvdyI6IjVjNTNmOTcifQ%3D%3D\" href='https:\/\/institutosantosdumont.org.br\/wp-content\/uploads\/2025\/02\/IMG_9849-scaled.jpg'><img loading=\"lazy\" width=\"300\" height=\"200\" src=\"https:\/\/institutosantosdumont.org.br\/wp-content\/uploads\/2025\/02\/IMG_9849-300x200.jpg\" class=\"attachment-medium size-medium\" alt=\"\" decoding=\"async\" srcset=\"https:\/\/institutosantosdumont.org.br\/wp-content\/uploads\/2025\/02\/IMG_9849-300x200.jpg 300w, https:\/\/institutosantosdumont.org.br\/wp-content\/uploads\/2025\/02\/IMG_9849-1024x683.jpg 1024w, https:\/\/institutosantosdumont.org.br\/wp-content\/uploads\/2025\/02\/IMG_9849-768x512.jpg 768w, https:\/\/institutosantosdumont.org.br\/wp-content\/uploads\/2025\/02\/IMG_9849-1536x1024.jpg 1536w, https:\/\/institutosantosdumont.org.br\/wp-content\/uploads\/2025\/02\/IMG_9849-2048x1365.jpg 2048w, https:\/\/institutosantosdumont.org.br\/wp-content\/uploads\/2025\/02\/IMG_9849-18x12.jpg 18w\" sizes=\"(max-width: 300px) 100vw, 300px\" \/><\/a>\n\t\t\t<\/div><\/figure><figure class='gallery-item'>\n\t\t\t<div class='gallery-icon landscape'>\n\t\t\t\t<a data-elementor-open-lightbox=\"yes\" data-elementor-lightbox-slideshow=\"5c53f97\" data-elementor-lightbox-title=\"IMG_9835\" data-e-action-hash=\"#elementor-action%3Aaction%3Dlightbox%26settings%3DeyJpZCI6MzE1NjEsInVybCI6Imh0dHBzOlwvXC9pbnN0aXR1dG9zYW50b3NkdW1vbnQub3JnLmJyXC93cC1jb250ZW50XC91cGxvYWRzXC8yMDI1XC8wMlwvSU1HXzk4MzUtc2NhbGVkLmpwZyIsInNsaWRlc2hvdyI6IjVjNTNmOTcifQ%3D%3D\" href='https:\/\/institutosantosdumont.org.br\/wp-content\/uploads\/2025\/02\/IMG_9835-scaled.jpg'><img loading=\"lazy\" width=\"300\" height=\"200\" src=\"https:\/\/institutosantosdumont.org.br\/wp-content\/uploads\/2025\/02\/IMG_9835-300x200.jpg\" class=\"attachment-medium size-medium\" alt=\"\" decoding=\"async\" srcset=\"https:\/\/institutosantosdumont.org.br\/wp-content\/uploads\/2025\/02\/IMG_9835-300x200.jpg 300w, https:\/\/institutosantosdumont.org.br\/wp-content\/uploads\/2025\/02\/IMG_9835-1024x683.jpg 1024w, https:\/\/institutosantosdumont.org.br\/wp-content\/uploads\/2025\/02\/IMG_9835-768x512.jpg 768w, https:\/\/institutosantosdumont.org.br\/wp-content\/uploads\/2025\/02\/IMG_9835-1536x1024.jpg 1536w, https:\/\/institutosantosdumont.org.br\/wp-content\/uploads\/2025\/02\/IMG_9835-2048x1365.jpg 2048w, https:\/\/institutosantosdumont.org.br\/wp-content\/uploads\/2025\/02\/IMG_9835-18x12.jpg 18w\" sizes=\"(max-width: 300px) 100vw, 300px\" \/><\/a>\n\t\t\t<\/div><\/figure><figure class='gallery-item'>\n\t\t\t<div class='gallery-icon landscape'>\n\t\t\t\t<a data-elementor-open-lightbox=\"yes\" data-elementor-lightbox-slideshow=\"5c53f97\" data-elementor-lightbox-title=\"IMG_9823\" data-e-action-hash=\"#elementor-action%3Aaction%3Dlightbox%26settings%3DeyJpZCI6MzE1NjIsInVybCI6Imh0dHBzOlwvXC9pbnN0aXR1dG9zYW50b3NkdW1vbnQub3JnLmJyXC93cC1jb250ZW50XC91cGxvYWRzXC8yMDI1XC8wMlwvSU1HXzk4MjMtc2NhbGVkLmpwZyIsInNsaWRlc2hvdyI6IjVjNTNmOTcifQ%3D%3D\" href='https:\/\/institutosantosdumont.org.br\/wp-content\/uploads\/2025\/02\/IMG_9823-scaled.jpg'><img loading=\"lazy\" width=\"300\" height=\"200\" src=\"https:\/\/institutosantosdumont.org.br\/wp-content\/uploads\/2025\/02\/IMG_9823-300x200.jpg\" class=\"attachment-medium size-medium\" alt=\"\" decoding=\"async\" srcset=\"https:\/\/institutosantosdumont.org.br\/wp-content\/uploads\/2025\/02\/IMG_9823-300x200.jpg 300w, https:\/\/institutosantosdumont.org.br\/wp-content\/uploads\/2025\/02\/IMG_9823-1024x683.jpg 1024w, https:\/\/institutosantosdumont.org.br\/wp-content\/uploads\/2025\/02\/IMG_9823-768x512.jpg 768w, https:\/\/institutosantosdumont.org.br\/wp-content\/uploads\/2025\/02\/IMG_9823-1536x1024.jpg 1536w, https:\/\/institutosantosdumont.org.br\/wp-content\/uploads\/2025\/02\/IMG_9823-2048x1365.jpg 2048w, https:\/\/institutosantosdumont.org.br\/wp-content\/uploads\/2025\/02\/IMG_9823-18x12.jpg 18w\" sizes=\"(max-width: 300px) 100vw, 300px\" \/><\/a>\n\t\t\t<\/div><\/figure><figure class='gallery-item'>\n\t\t\t<div class='gallery-icon landscape'>\n\t\t\t\t<a data-elementor-open-lightbox=\"yes\" data-elementor-lightbox-slideshow=\"5c53f97\" data-elementor-lightbox-title=\"IMG_9820\" data-e-action-hash=\"#elementor-action%3Aaction%3Dlightbox%26settings%3DeyJpZCI6MzE1NjMsInVybCI6Imh0dHBzOlwvXC9pbnN0aXR1dG9zYW50b3NkdW1vbnQub3JnLmJyXC93cC1jb250ZW50XC91cGxvYWRzXC8yMDI1XC8wMlwvSU1HXzk4MjAtc2NhbGVkLmpwZyIsInNsaWRlc2hvdyI6IjVjNTNmOTcifQ%3D%3D\" href='https:\/\/institutosantosdumont.org.br\/wp-content\/uploads\/2025\/02\/IMG_9820-scaled.jpg'><img loading=\"lazy\" width=\"300\" height=\"200\" src=\"https:\/\/institutosantosdumont.org.br\/wp-content\/uploads\/2025\/02\/IMG_9820-300x200.jpg\" class=\"attachment-medium size-medium\" alt=\"\" decoding=\"async\" srcset=\"https:\/\/institutosantosdumont.org.br\/wp-content\/uploads\/2025\/02\/IMG_9820-300x200.jpg 300w, https:\/\/institutosantosdumont.org.br\/wp-content\/uploads\/2025\/02\/IMG_9820-1024x683.jpg 1024w, https:\/\/institutosantosdumont.org.br\/wp-content\/uploads\/2025\/02\/IMG_9820-768x512.jpg 768w, https:\/\/institutosantosdumont.org.br\/wp-content\/uploads\/2025\/02\/IMG_9820-1536x1024.jpg 1536w, https:\/\/institutosantosdumont.org.br\/wp-content\/uploads\/2025\/02\/IMG_9820-2048x1365.jpg 2048w, https:\/\/institutosantosdumont.org.br\/wp-content\/uploads\/2025\/02\/IMG_9820-18x12.jpg 18w\" sizes=\"(max-width: 300px) 100vw, 300px\" \/><\/a>\n\t\t\t<\/div><\/figure><figure class='gallery-item'>\n\t\t\t<div class='gallery-icon landscape'>\n\t\t\t\t<a data-elementor-open-lightbox=\"yes\" data-elementor-lightbox-slideshow=\"5c53f97\" data-elementor-lightbox-title=\"IMG_9816\" data-e-action-hash=\"#elementor-action%3Aaction%3Dlightbox%26settings%3DeyJpZCI6MzE1NjQsInVybCI6Imh0dHBzOlwvXC9pbnN0aXR1dG9zYW50b3NkdW1vbnQub3JnLmJyXC93cC1jb250ZW50XC91cGxvYWRzXC8yMDI1XC8wMlwvSU1HXzk4MTYtc2NhbGVkLmpwZyIsInNsaWRlc2hvdyI6IjVjNTNmOTcifQ%3D%3D\" href='https:\/\/institutosantosdumont.org.br\/wp-content\/uploads\/2025\/02\/IMG_9816-scaled.jpg'><img loading=\"lazy\" width=\"300\" height=\"200\" src=\"https:\/\/institutosantosdumont.org.br\/wp-content\/uploads\/2025\/02\/IMG_9816-300x200.jpg\" class=\"attachment-medium size-medium\" alt=\"\" decoding=\"async\" srcset=\"https:\/\/institutosantosdumont.org.br\/wp-content\/uploads\/2025\/02\/IMG_9816-300x200.jpg 300w, https:\/\/institutosantosdumont.org.br\/wp-content\/uploads\/2025\/02\/IMG_9816-1024x683.jpg 1024w, https:\/\/institutosantosdumont.org.br\/wp-content\/uploads\/2025\/02\/IMG_9816-768x512.jpg 768w, https:\/\/institutosantosdumont.org.br\/wp-content\/uploads\/2025\/02\/IMG_9816-1536x1024.jpg 1536w, https:\/\/institutosantosdumont.org.br\/wp-content\/uploads\/2025\/02\/IMG_9816-2048x1365.jpg 2048w, https:\/\/institutosantosdumont.org.br\/wp-content\/uploads\/2025\/02\/IMG_9816-18x12.jpg 18w\" sizes=\"(max-width: 300px) 100vw, 300px\" \/><\/a>\n\t\t\t<\/div><\/figure><figure class='gallery-item'>\n\t\t\t<div class='gallery-icon landscape'>\n\t\t\t\t<a data-elementor-open-lightbox=\"yes\" data-elementor-lightbox-slideshow=\"5c53f97\" data-elementor-lightbox-title=\"IMG_9812\" data-e-action-hash=\"#elementor-action%3Aaction%3Dlightbox%26settings%3DeyJpZCI6MzE1NjUsInVybCI6Imh0dHBzOlwvXC9pbnN0aXR1dG9zYW50b3NkdW1vbnQub3JnLmJyXC93cC1jb250ZW50XC91cGxvYWRzXC8yMDI1XC8wMlwvSU1HXzk4MTItc2NhbGVkLmpwZyIsInNsaWRlc2hvdyI6IjVjNTNmOTcifQ%3D%3D\" href='https:\/\/institutosantosdumont.org.br\/wp-content\/uploads\/2025\/02\/IMG_9812-scaled.jpg'><img loading=\"lazy\" width=\"300\" height=\"200\" src=\"https:\/\/institutosantosdumont.org.br\/wp-content\/uploads\/2025\/02\/IMG_9812-300x200.jpg\" class=\"attachment-medium size-medium\" alt=\"\" decoding=\"async\" srcset=\"https:\/\/institutosantosdumont.org.br\/wp-content\/uploads\/2025\/02\/IMG_9812-300x200.jpg 300w, https:\/\/institutosantosdumont.org.br\/wp-content\/uploads\/2025\/02\/IMG_9812-1024x683.jpg 1024w, https:\/\/institutosantosdumont.org.br\/wp-content\/uploads\/2025\/02\/IMG_9812-768x512.jpg 768w, https:\/\/institutosantosdumont.org.br\/wp-content\/uploads\/2025\/02\/IMG_9812-1536x1024.jpg 1536w, https:\/\/institutosantosdumont.org.br\/wp-content\/uploads\/2025\/02\/IMG_9812-2048x1365.jpg 2048w, https:\/\/institutosantosdumont.org.br\/wp-content\/uploads\/2025\/02\/IMG_9812-18x12.jpg 18w\" sizes=\"(max-width: 300px) 100vw, 300px\" \/><\/a>\n\t\t\t<\/div><\/figure>\n\t\t<\/div>\n\t\t<\/div>\n\t\t\t\t\t\t<\/div>\n\t\t\t\t<\/div>\n\t\t\t\t\t<\/div>\n\t\t\t\t<\/div>\n\t\t\t\t<\/div>","protected":false},"excerpt":{"rendered":"<p>El Instituto Santos Dumont (ISD) abri\u00f3 las puertas del Instituto Internacional de Neurociencias Edmond y Lily Safra (IIN-ELS), una de sus unidades ubicada en Maca\u00edba (RN), a estudiantes de la red p\u00fablica de educaci\u00f3n de los municipios de la Regi\u00f3n Metropolitana de Natal, en el marco de la 18.\u00aa Semana Nacional de Ciencia y Tecnolog\u00eda (SNCT). A partir del [\u2026]<\/p>","protected":false},"author":10,"featured_media":30225,"parent":0,"menu_order":0,"comment_status":"closed","ping_status":"closed","template":"","meta":{"_acf_changed":false,"footnotes":""},"class_list":["post-31547","page","type-page","status-publish","has-post-thumbnail","hentry"],"acf":[],"_links":{"self":[{"href":"https:\/\/institutosantosdumont.org.br\/es\/wp-json\/wp\/v2\/pages\/31547","targetHints":{"allow":["GET"]}}],"collection":[{"href":"https:\/\/institutosantosdumont.org.br\/es\/wp-json\/wp\/v2\/pages"}],"about":[{"href":"https:\/\/institutosantosdumont.org.br\/es\/wp-json\/wp\/v2\/types\/page"}],"author":[{"embeddable":true,"href":"https:\/\/institutosantosdumont.org.br\/es\/wp-json\/wp\/v2\/users\/10"}],"replies":[{"embeddable":true,"href":"https:\/\/institutosantosdumont.org.br\/es\/wp-json\/wp\/v2\/comments?post=31547"}],"version-history":[{"count":11,"href":"https:\/\/institutosantosdumont.org.br\/es\/wp-json\/wp\/v2\/pages\/31547\/revisions"}],"predecessor-version":[{"id":31582,"href":"https:\/\/institutosantosdumont.org.br\/es\/wp-json\/wp\/v2\/pages\/31547\/revisions\/31582"}],"wp:featuredmedia":[{"embeddable":true,"href":"https:\/\/institutosantosdumont.org.br\/es\/wp-json\/wp\/v2\/media\/30225"}],"wp:attachment":[{"href":"https:\/\/institutosantosdumont.org.br\/es\/wp-json\/wp\/v2\/media?parent=31547"}],"curies":[{"name":"wp","href":"https:\/\/api.w.org\/{rel}","templated":true}]}}