{"id":31911,"date":"2025-03-24T10:07:36","date_gmt":"2025-03-24T13:07:36","guid":{"rendered":"https:\/\/institutosantosdumont.org.br\/?page_id=31911"},"modified":"2025-03-24T14:36:26","modified_gmt":"2025-03-24T17:36:26","slug":"equipe-ppgn","status":"publish","type":"page","link":"https:\/\/institutosantosdumont.org.br\/es\/equipe-ppgn\/","title":{"rendered":"Equipo PPGN"},"content":{"rendered":"<div data-elementor-type=\"wp-post\" data-elementor-id=\"31911\" class=\"elementor elementor-31911\" data-elementor-post-type=\"page\">\n\t\t\t\t\t\t<section class=\"elementor-section elementor-top-section elementor-element elementor-element-f5f30b4 elementor-section-boxed elementor-section-height-default elementor-section-height-default\" data-id=\"f5f30b4\" data-element_type=\"section\">\n\t\t\t\t\t\t<div class=\"elementor-container elementor-column-gap-default\">\n\t\t\t\t\t<div class=\"elementor-column elementor-col-100 elementor-top-column elementor-element elementor-element-d4c94e8\" data-id=\"d4c94e8\" data-element_type=\"column\">\n\t\t\t<div class=\"elementor-widget-wrap elementor-element-populated\">\n\t\t\t\t\t\t<div class=\"elementor-element elementor-element-9143696 elementor-widget elementor-widget-text-editor\" data-id=\"9143696\" data-element_type=\"widget\" data-widget_type=\"text-editor.default\">\n\t\t\t\t<div class=\"elementor-widget-container\">\n\t\t\t\t\t\t\t\t\t<p><span style=\"font-weight: 400;\">El equipo del Programa de Postgrado en Neuroingenier\u00eda est\u00e1 compuesto por el Comit\u00e9 de Postgrado (CPG) y el Comit\u00e9 Permanente de Becas (CPB), ambos secretariados por la Secretar\u00eda de Investigaci\u00f3n y Postgrado.<\/span><\/p>\t\t\t\t\t\t\t\t<\/div>\n\t\t\t\t<\/div>\n\t\t\t\t<div class=\"elementor-element elementor-element-053368e elementor-tabs-view-horizontal elementor-widget elementor-widget-tabs\" data-id=\"053368e\" data-element_type=\"widget\" data-widget_type=\"tabs.default\">\n\t\t\t\t<div class=\"elementor-widget-container\">\n\t\t\t\t\t\t\t<div class=\"elementor-tabs\">\n\t\t\t<div class=\"elementor-tabs-wrapper\" role=\"tablist\" >\n\t\t\t\t\t\t\t\t\t<div id=\"elementor-tab-title-5451\" class=\"elementor-tab-title elementor-tab-desktop-title\" aria-selected=\"true\" data-tab=\"1\" role=\"tab\" tabindex=\"0\" aria-controls=\"elementor-tab-content-5451\" aria-expanded=\"false\">Productos de consumo masivo<\/div>\n\t\t\t\t\t\t\t\t\t<div id=\"elementor-tab-title-5452\" class=\"elementor-tab-title elementor-tab-desktop-title\" aria-selected=\"false\" data-tab=\"2\" role=\"tab\" tabindex=\"-1\" aria-controls=\"elementor-tab-content-5452\" aria-expanded=\"false\">CPB<\/div>\n\t\t\t\t\t\t\t\t\t<div id=\"elementor-tab-title-5453\" class=\"elementor-tab-title elementor-tab-desktop-title\" aria-selected=\"false\" data-tab=\"3\" role=\"tab\" tabindex=\"-1\" aria-controls=\"elementor-tab-content-5453\" aria-expanded=\"false\">Oficina de Investigaci\u00f3n y Estudios de Posgrado<\/div>\n\t\t\t\t\t\t\t<\/div>\n\t\t\t<div class=\"elementor-tabs-content-wrapper\" role=\"tablist\" aria-orientation=\"vertical\">\n\t\t\t\t\t\t\t\t\t<div class=\"elementor-tab-title elementor-tab-mobile-title\" aria-selected=\"true\" data-tab=\"1\" role=\"tab\" tabindex=\"0\" aria-controls=\"elementor-tab-content-5451\" aria-expanded=\"false\">Productos de consumo masivo<\/div>\n\t\t\t\t\t<div id=\"elementor-tab-content-5451\" class=\"elementor-tab-content elementor-clearfix\" data-tab=\"1\" role=\"tabpanel\" aria-labelledby=\"elementor-tab-title-5451\" tabindex=\"0\" hidden=\"false\"><p>\u00a0<\/p><p><strong>TITULARES<br \/><\/strong><br \/><span style=\"font-family: arial, sans-serif;\"><b>Mar\u00eda Carolina Gonz\u00e1lez<\/b><\/span><span style=\"font-family: arial, sans-serif;\">\u00a0\u2013 Biotecnolog\u00eda<b>\u00a0<\/b><\/span><wbr \/><span style=\"font-family: arial, sans-serif;\"><b>COORDINADOR<\/b><\/span><\/p><p><span style=\"font-family: arial, sans-serif;\"><b>Ram\u00f3n Hip\u00f3lito Lima<\/b><\/span><span style=\"color: #000000; font-family: arial, sans-serif; font-weight: bold;\">\u00a0<\/span><span style=\"font-family: arial, sans-serif;\">\u2013 Ciencias Biol\u00f3gicas<b>\u00a0COORDINADOR ADJUNTO<\/b><\/span><\/p><p><span style=\"font-family: arial, sans-serif;\"><b>Felipe Porto Fiuza\u00a0<\/b>\u2013\u00a0<\/span><span style=\"font-family: arial, sans-serif;\">Ciencias Biol\u00f3gicas<\/span><\/p><p><span style=\"font-family: arial, sans-serif;\"><span style=\"font-weight: bold;\">Dennis Delisle Rodriguez\u00a0<\/span>- Ingenier\u00eda<\/span><\/p><p><span style=\"font-family: arial, sans-serif;\"><b>Iasmim Alves da Rocha<\/b><\/span><span style=\"font-family: arial, sans-serif;\"><span style=\"font-weight: bold;\">\u00a0<\/span>- Fisioterapia <b>REPRESENTANTE ESTUDIANTIL<\/b><\/span><\/p><p><b>SUSTITUTOS<\/b><\/p><div><p><span style=\"color: var( --e-global-color-text ); font-weight: var( --e-global-typography-text-font-weight ); font-family: arial, sans-serif;\"><span style=\"font-weight: bold;\">Andressa Radiske\u00a0<\/span>\u2013\u00a0<\/span><span style=\"color: var( --e-global-color-text ); font-weight: var( --e-global-typography-text-font-weight ); font-family: arial, sans-serif;\">Ciencias Biol\u00f3gicas<\/span><\/p><p><span style=\"font-family: arial, sans-serif;\"><span style=\"font-weight: bold;\">Gabriel Alves Vasiljevic Mendes\u00a0<\/span>- Ingenier\u00eda<\/span><\/p><p><span style=\"font-family: arial, sans-serif;\"><b>Liohana Mar\u00eda Bezerra da Silva<\/b><\/span><span style=\"font-family: arial, sans-serif; font-weight: bold;\">\u00a0<\/span><span style=\"font-family: arial, sans-serif;\">\u2013 Ciencia y tecnolog\u00eda\u00a0<b>REPRESENTANTE ESTUDIANTIL<\/b><\/span><\/p><\/div><div style=\"color: #222222; font-family: Arial, Helvetica, sans-serif; font-size: small;\">\u00a0<\/div><\/div>\n\t\t\t\t\t\t\t\t\t<div class=\"elementor-tab-title elementor-tab-mobile-title\" aria-selected=\"false\" data-tab=\"2\" role=\"tab\" tabindex=\"-1\" aria-controls=\"elementor-tab-content-5452\" aria-expanded=\"false\">CPB<\/div>\n\t\t\t\t\t<div id=\"elementor-tab-content-5452\" class=\"elementor-tab-content elementor-clearfix\" data-tab=\"2\" role=\"tabpanel\" aria-labelledby=\"elementor-tab-title-5452\" tabindex=\"0\" hidden=\"hidden\"><div><p><strong>TITULARES<br \/><\/strong><br \/><span style=\"font-family: arial, sans-serif;\"><b>Mar\u00eda Carolina Gonz\u00e1lez<\/b><\/span><span style=\"font-family: arial, sans-serif;\">\u00a0\u2013 Biotecnolog\u00eda<b>\u00a0<\/b><\/span><wbr \/><span style=\"font-family: arial, sans-serif;\"><b>COORDINADOR<\/b><\/span><\/p><p><span style=\"font-family: arial, sans-serif;\"><b>Ram\u00f3n Hip\u00f3lito Lima<\/b><\/span><span style=\"color: #000000; font-family: arial, sans-serif; font-weight: bold;\">\u00a0<\/span><span style=\"font-family: arial, sans-serif;\">\u2013 Ciencias Biol\u00f3gicas<b>\u00a0COORDINADOR ADJUNTO<\/b><\/span><\/p><p><span style=\"font-family: arial, sans-serif;\"><b>Felipe Porto Fiuza<\/b><\/span><span style=\"color: #000000; font-family: arial, sans-serif; font-weight: bold;\">\u00a0<\/span><span style=\"font-family: arial, sans-serif;\">\u2013 Ciencias Biol\u00f3gicas<\/span><\/p><p><span style=\"font-family: arial, sans-serif;\"><b>Andressa Radiske<\/b><\/span><span style=\"color: #000000; font-family: arial, sans-serif; font-weight: bold;\">\u00a0<\/span><span style=\"font-family: arial, sans-serif;\">\u2013 Ciencias Biol\u00f3gicas<\/span><\/p><p><span style=\"font-family: arial, sans-serif; font-weight: bold;\">Wellydo Kesllowd Marinho Escari\u00e3o <\/span><span style=\"font-family: arial, sans-serif;\">- Fisioterapia <b>REPRESENTANTE ESTUDIANTIL<\/b><\/span><\/p><p>\u00a0<\/p><p><strong>SUSTITUTOS<\/strong><\/p><p>Fabricio Lima Brasil \u2013 Ingenier\u00eda El\u00e9ctrica<b><br \/><\/b><\/p><p><span style=\"font-family: arial, sans-serif;\"><b>Carolina Cunha do Esp\u00edrito Santo <\/b>- Fisioterapia<\/span><\/p><p><span style=\"font-family: arial, sans-serif; font-weight: bold;\">Mateus Villarroel Alc\u00e2ntara Saraiva Le\u00e3o <\/span><span style=\"font-family: arial, sans-serif;\">- Psicolog\u00eda <b>REPRESENTANTE ESTUDIANTIL<\/b><\/span><\/p><\/div><div style=\"color: #222222; font-family: Arial, Helvetica, sans-serif; font-size: small;\">\u00a0<\/div><\/div>\n\t\t\t\t\t\t\t\t\t<div class=\"elementor-tab-title elementor-tab-mobile-title\" aria-selected=\"false\" data-tab=\"3\" role=\"tab\" tabindex=\"-1\" aria-controls=\"elementor-tab-content-5453\" aria-expanded=\"false\">Oficina de Investigaci\u00f3n y Estudios de Posgrado<\/div>\n\t\t\t\t\t<div id=\"elementor-tab-content-5453\" class=\"elementor-tab-content elementor-clearfix\" data-tab=\"3\" role=\"tabpanel\" aria-labelledby=\"elementor-tab-title-5453\" tabindex=\"0\" hidden=\"hidden\"><p><strong>V\u00edtor de Oliveira e Silva \u2013<\/strong> Ingeniero <b>SECRETARIA DE INVESTIGACI\u00d3N Y POSGRADO<br \/>Lidiane Lima Cardoso \u2013 ASISTENTE ADMINISTRATIVA<\/b><\/p><\/div>\n\t\t\t\t\t\t\t<\/div>\n\t\t<\/div>\n\t\t\t\t\t\t<\/div>\n\t\t\t\t<\/div>\n\t\t\t\t\t<\/div>\n\t\t<\/div>\n\t\t\t\t\t<\/div>\n\t\t<\/section>\n\t\t\t\t<\/div>","protected":false},"excerpt":{"rendered":"<p>El equipo del Programa de Postgrado en Neuroingenier\u00eda est\u00e1 conformado por el Comit\u00e9 de Postgrado (CPG) y el Comit\u00e9 Permanente de Becas (CPB), ambos secretar\u00edas de la Secretar\u00eda de Investigaci\u00f3n y Postgrado CPG CPB Secretar\u00eda de Investigaci\u00f3n y Postgrado TITULARES DEL CPG Maria Carolina Gonzalez \u2013 Biotecnolog\u00eda COORDINADOR Ram\u00f3n Hypolito Lima \u2013 Ciencias Biol\u00f3gicas VICECOORDINADOR Felipe Porto Fiuza \u2013 Ciencias Biol\u00f3gicas Denis Delisle Rodriguez \u2013 Ingenier\u00eda Iasmim [\u2026]<\/p>","protected":false},"author":15,"featured_media":0,"parent":0,"menu_order":0,"comment_status":"closed","ping_status":"closed","template":"","meta":{"_acf_changed":false,"footnotes":""},"class_list":["post-31911","page","type-page","status-publish","hentry"],"acf":[],"_links":{"self":[{"href":"https:\/\/institutosantosdumont.org.br\/es\/wp-json\/wp\/v2\/pages\/31911","targetHints":{"allow":["GET"]}}],"collection":[{"href":"https:\/\/institutosantosdumont.org.br\/es\/wp-json\/wp\/v2\/pages"}],"about":[{"href":"https:\/\/institutosantosdumont.org.br\/es\/wp-json\/wp\/v2\/types\/page"}],"author":[{"embeddable":true,"href":"https:\/\/institutosantosdumont.org.br\/es\/wp-json\/wp\/v2\/users\/15"}],"replies":[{"embeddable":true,"href":"https:\/\/institutosantosdumont.org.br\/es\/wp-json\/wp\/v2\/comments?post=31911"}],"version-history":[{"count":10,"href":"https:\/\/institutosantosdumont.org.br\/es\/wp-json\/wp\/v2\/pages\/31911\/revisions"}],"predecessor-version":[{"id":31974,"href":"https:\/\/institutosantosdumont.org.br\/es\/wp-json\/wp\/v2\/pages\/31911\/revisions\/31974"}],"wp:attachment":[{"href":"https:\/\/institutosantosdumont.org.br\/es\/wp-json\/wp\/v2\/media?parent=31911"}],"curies":[{"name":"wp","href":"https:\/\/api.w.org\/{rel}","templated":true}]}}