{"id":32164,"date":"2025-04-24T09:48:28","date_gmt":"2025-04-24T12:48:28","guid":{"rendered":"https:\/\/institutosantosdumont.org.br\/?page_id=32164"},"modified":"2025-04-24T11:29:24","modified_gmt":"2025-04-24T14:29:24","slug":"destaques-capes","status":"publish","type":"page","link":"https:\/\/institutosantosdumont.org.br\/es\/destaques-capes\/","title":{"rendered":"Lo m\u00e1s destacado de CAPES"},"content":{"rendered":"<div data-elementor-type=\"wp-post\" data-elementor-id=\"32164\" class=\"elementor elementor-32164\" data-elementor-post-type=\"page\">\n\t\t\t\t\t\t<section class=\"elementor-section elementor-top-section elementor-element elementor-element-36929ac elementor-section-boxed elementor-section-height-default elementor-section-height-default\" data-id=\"36929ac\" data-element_type=\"section\">\n\t\t\t\t\t\t<div class=\"elementor-container elementor-column-gap-default\">\n\t\t\t\t\t<div class=\"elementor-column elementor-col-100 elementor-top-column elementor-element elementor-element-0dd96df\" data-id=\"0dd96df\" data-element_type=\"column\">\n\t\t\t<div class=\"elementor-widget-wrap elementor-element-populated\">\n\t\t\t\t\t\t<div class=\"elementor-element elementor-element-84092b7 elementor-widget elementor-widget-spacer\" data-id=\"84092b7\" data-element_type=\"widget\" data-widget_type=\"spacer.default\">\n\t\t\t\t<div class=\"elementor-widget-container\">\n\t\t\t\t\t\t\t<div class=\"elementor-spacer\">\n\t\t\t<div class=\"elementor-spacer-inner\"><\/div>\n\t\t<\/div>\n\t\t\t\t\t\t<\/div>\n\t\t\t\t<\/div>\n\t\t\t\t<div class=\"elementor-element elementor-element-55255db elementor-widget elementor-widget-text-editor\" data-id=\"55255db\" data-element_type=\"widget\" data-widget_type=\"text-editor.default\">\n\t\t\t\t<div class=\"elementor-widget-container\">\n\t\t\t\t\t\t\t\t\t<h4 style=\"text-align: center;\">Descubra los aspectos m\u00e1s destacados de las disertaciones de maestr\u00eda<\/h4>\t\t\t\t\t\t\t\t<\/div>\n\t\t\t\t<\/div>\n\t\t\t\t\t<\/div>\n\t\t<\/div>\n\t\t\t\t\t<\/div>\n\t\t<\/section>\n\t\t\t\t<section class=\"elementor-section elementor-top-section elementor-element elementor-element-9cft869 elementor-section-boxed elementor-section-height-default elementor-section-height-default\" data-id=\"9cft869\" data-element_type=\"section\">\n\t\t\t\t\t\t<div class=\"elementor-container elementor-column-gap-default\">\n\t\t\t\t\t<div class=\"elementor-column elementor-col-100 elementor-top-column elementor-element elementor-element-69qcxzq\" data-id=\"69qcxzq\" data-element_type=\"column\">\n\t\t\t<div class=\"elementor-widget-wrap elementor-element-populated\">\n\t\t\t\t\t\t<div class=\"elementor-element elementor-element-7fce4db elementor-widget elementor-widget-heading\" data-id=\"7fce4db\" data-element_type=\"widget\" data-widget_type=\"heading.default\">\n\t\t\t\t<div class=\"elementor-widget-container\">\n\t\t\t\t\t<h3 class=\"elementor-heading-title elementor-size-default\">CUATRIMESTRE 2021-2024<\/h3>\t\t\t\t<\/div>\n\t\t\t\t<\/div>\n\t\t<div class=\"elementor-element elementor-element-7ea5444 e-flex e-con-boxed e-con e-parent\" data-id=\"7ea5444\" data-element_type=\"container\">\n\t\t\t\t\t<div class=\"e-con-inner\">\n\t\t\t\t<div class=\"elementor-element elementor-element-90c48da elementor-widget elementor-widget-text-editor\" data-id=\"90c48da\" data-element_type=\"widget\" data-widget_type=\"text-editor.default\">\n\t\t\t\t<div class=\"elementor-widget-container\">\n\t\t\t\t\t\t\t\t\t<h4><a href=\"https:\/\/institutosantosdumont.org.br\/wp-content\/uploads\/2025\/04\/Gilberto_Filho_Dissertacao_Mestrado_IINELS.pdf\"><span style=\"text-decoration: underline;\">Desarrollo y fabricaci\u00f3n de electrodos <\/span><span style=\"text-decoration: underline;\">Totalmente polim\u00e9rico flexible para registros <\/span><span style=\"text-decoration: underline;\">electrofisiol\u00f3gico in vivo<\/span><\/a><\/h4><p><strong>Estudiante: Gilberto Martins Filho<\/strong><br \/>Supervisor: Edgard Morya<\/p><h4><span style=\"text-decoration: underline;\"><a href=\"https:\/\/institutosantosdumont.org.br\/wp-content\/uploads\/2025\/04\/Mariane_Silva_Dissertacao_Mestrado_IINELS.pdf\">Evaluaci\u00f3n de la conectividad cerebral tras la administraci\u00f3n de pentilentetrazol y neuromodulaci\u00f3n de la m\u00e9dula espinal en convulsiones en ratas<\/a><\/span><\/h4><p><strong>Alumna: Mariane de Araujo e Silva<\/strong><br \/>Supervisor: Abner Cardoso Rodrigues Neto<\/p><h4><a href=\"https:\/\/institutosantosdumont.org.br\/wp-content\/uploads\/2025\/04\/Taina_Rego_Dissertacao_Mestrado_IINELS.pdf\"><span style=\"text-decoration: underline;\">Sistema para la identificaci\u00f3n, seguimiento y predicci\u00f3n de accidentes maternos casi fatales\u00a0<\/span><\/a><\/h4><p><strong>Estudiante: Taina dos Santos R\u00eago<\/strong><br \/>Supervisor: Reginaldo Antonio de Oliveira Freitas Jr.<\/p><h4><a href=\"https:\/\/institutosantosdumont.org.br\/wp-content\/uploads\/2025\/04\/Tamara_Nunes_Dissertacao_Mestrado_IINELS.pdf\"><span style=\"text-decoration: underline;\">CYBER DOC \u2013 Desarrollo de una plataforma de Interfaz Cerebro-M\u00e1quina basada en Electroencefalograma para el control de avatares en un sistema de Realidad Virtual gamificado<\/span><\/a><\/h4><p><strong>Estudiante: Tamara Luiza Gon\u00e7alves Magalh\u00e3es Nunes<\/strong><br \/>Supervisor: Edgard Morya\u00a0<\/p><h4><a href=\"https:\/\/institutosantosdumont.org.br\/wp-content\/uploads\/2025\/04\/Tulio_Almeida_Dissertacao_Mestrado_IINELS.pdf\"><span style=\"text-decoration: underline;\">Desarrollo de un sistema para medir y analizar \u00e1ngulos articulares<\/span><\/a><\/h4><p><strong>Estudiante: Tulio Fernandes de Almeida<\/strong><br \/>Supervisor: Andr\u00e9 Felipe Oliveira de Azevedo Dantas\u00a0<\/p>\t\t\t\t\t\t\t\t<\/div>\n\t\t\t\t<\/div>\n\t\t\t\t\t<\/div>\n\t\t\t\t<\/div>\n\t\t\t\t<div class=\"elementor-element elementor-element-yx5oh22 elementor-widget elementor-widget-spacer\" data-id=\"yx5oh22\" data-element_type=\"widget\" data-widget_type=\"spacer.default\">\n\t\t\t\t<div class=\"elementor-widget-container\">\n\t\t\t\t\t\t\t<div class=\"elementor-spacer\">\n\t\t\t<div class=\"elementor-spacer-inner\"><\/div>\n\t\t<\/div>\n\t\t\t\t\t\t<\/div>\n\t\t\t\t<\/div>\n\t\t\t\t\t<\/div>\n\t\t<\/div>\n\t\t\t\t\t<\/div>\n\t\t<\/section>\n\t\t\t\t<\/div>","protected":false},"excerpt":{"rendered":"<p>Descubra los aspectos m\u00e1s destacados de la defensa de las tesis de maestr\u00eda CUADRIENIO 2021-2024 Desarrollo y fabricaci\u00f3n de electrodos flexibles totalmente polim\u00e9ricos para registros electrofisiol\u00f3gicos in vivo Estudiante: Gilberto Martins Filho Asesor: Edgard Morya Evaluaci\u00f3n de la conectividad cerebral despu\u00e9s de la administraci\u00f3n de pentilentetrazol y neuromodulaci\u00f3n espinal en convulsiones en ratas Estudiante: Mariane de Araujo e Silva Asesor: Abner Cardoso Rodrigues [\u2026]<\/p>","protected":false},"author":15,"featured_media":0,"parent":0,"menu_order":0,"comment_status":"closed","ping_status":"closed","template":"","meta":{"_acf_changed":false,"footnotes":""},"class_list":["post-32164","page","type-page","status-publish","hentry"],"acf":[],"_links":{"self":[{"href":"https:\/\/institutosantosdumont.org.br\/es\/wp-json\/wp\/v2\/pages\/32164","targetHints":{"allow":["GET"]}}],"collection":[{"href":"https:\/\/institutosantosdumont.org.br\/es\/wp-json\/wp\/v2\/pages"}],"about":[{"href":"https:\/\/institutosantosdumont.org.br\/es\/wp-json\/wp\/v2\/types\/page"}],"author":[{"embeddable":true,"href":"https:\/\/institutosantosdumont.org.br\/es\/wp-json\/wp\/v2\/users\/15"}],"replies":[{"embeddable":true,"href":"https:\/\/institutosantosdumont.org.br\/es\/wp-json\/wp\/v2\/comments?post=32164"}],"version-history":[{"count":8,"href":"https:\/\/institutosantosdumont.org.br\/es\/wp-json\/wp\/v2\/pages\/32164\/revisions"}],"predecessor-version":[{"id":32186,"href":"https:\/\/institutosantosdumont.org.br\/es\/wp-json\/wp\/v2\/pages\/32164\/revisions\/32186"}],"wp:attachment":[{"href":"https:\/\/institutosantosdumont.org.br\/es\/wp-json\/wp\/v2\/media?parent=32164"}],"curies":[{"name":"wp","href":"https:\/\/api.w.org\/{rel}","templated":true}]}}