{"id":33232,"date":"2025-08-29T10:10:20","date_gmt":"2025-08-29T13:10:20","guid":{"rendered":"https:\/\/institutosantosdumont.org.br\/?page_id=33232"},"modified":"2025-09-22T11:30:41","modified_gmt":"2025-09-22T14:30:41","slug":"feira-de-ciencias-e-mostras-cientificas-do-isd-2025","status":"publish","type":"page","link":"https:\/\/institutosantosdumont.org.br\/es\/feira-de-ciencias-e-mostras-cientificas-do-isd-2025\/","title":{"rendered":"Feria de Ciencias y Exposiciones Cient\u00edficas del ISD 2025 \u2013 22.\u00ba SNCT"},"content":{"rendered":"<div data-elementor-type=\"wp-page\" data-elementor-id=\"33232\" class=\"elementor elementor-33232\" data-elementor-post-type=\"page\">\n\t\t\t\t<div class=\"elementor-element elementor-element-b1a08db e-flex e-con-boxed e-con e-parent\" data-id=\"b1a08db\" data-element_type=\"container\">\n\t\t\t\t\t<div class=\"e-con-inner\">\n\t\t\t\t<div class=\"elementor-element elementor-element-b93d0a4 elementor-widget elementor-widget-image\" data-id=\"b93d0a4\" data-element_type=\"widget\" data-widget_type=\"image.default\">\n\t\t\t\t<div class=\"elementor-widget-container\">\n\t\t\t\t\t\t\t\t\t\t\t\t\t\t\t<img fetchpriority=\"high\" decoding=\"async\" width=\"800\" height=\"281\" src=\"https:\/\/institutosantosdumont.org.br\/wp-content\/uploads\/2025\/09\/2808-a-1310-de-2025-1-1-1024x360.webp\" class=\"attachment-large size-large wp-image-33423\" alt=\"\" srcset=\"https:\/\/institutosantosdumont.org.br\/wp-content\/uploads\/2025\/09\/2808-a-1310-de-2025-1-1-1024x360.webp 1024w, https:\/\/institutosantosdumont.org.br\/wp-content\/uploads\/2025\/09\/2808-a-1310-de-2025-1-1-300x106.webp 300w, https:\/\/institutosantosdumont.org.br\/wp-content\/uploads\/2025\/09\/2808-a-1310-de-2025-1-1-768x270.webp 768w, https:\/\/institutosantosdumont.org.br\/wp-content\/uploads\/2025\/09\/2808-a-1310-de-2025-1-1-1536x540.webp 1536w, https:\/\/institutosantosdumont.org.br\/wp-content\/uploads\/2025\/09\/2808-a-1310-de-2025-1-1-2048x720.webp 2048w, https:\/\/institutosantosdumont.org.br\/wp-content\/uploads\/2025\/09\/2808-a-1310-de-2025-1-1-18x6.webp 18w\" sizes=\"(max-width: 800px) 100vw, 800px\" \/>\t\t\t\t\t\t\t\t\t\t\t\t\t\t\t<\/div>\n\t\t\t\t<\/div>\n\t\t\t\t<div class=\"elementor-element elementor-element-d1dce8e elementor-widget elementor-widget-text-editor\" data-id=\"d1dce8e\" data-element_type=\"widget\" data-widget_type=\"text-editor.default\">\n\t\t\t\t<div class=\"elementor-widget-container\">\n\t\t\t\t\t\t\t\t\t<p>La edici\u00f3n 2025 de la Feria de Ciencias y Exposiciones Cient\u00edficas del Instituto Santos Dumont (ISD) tendr\u00e1 lugar los d\u00edas 22, 23 y 24 de octubre, en el Instituto Internacional de Neurociencia Edmond y Lily Safra (IIN-ELS), en Maca\u00edba\/RN. <span style=\"font-weight: 400;\">Esta edici\u00f3n cuenta con el apoyo del Consejo Nacional de Desarrollo Cient\u00edfico y Tecnol\u00f3gico (CNPq); del Fondo Nacional de Desarrollo Cient\u00edfico y Tecnol\u00f3gico (FNDCT); del Ministerio de Ciencia, Tecnolog\u00eda e Innovaci\u00f3n (MCTI), en el marco del Programa Ciencia Pop; del Ministerio de Educaci\u00f3n (MEC), en el marco del Programa Escuela de Tiempo Integral; y de la Coordinaci\u00f3n de Perfeccionamiento de Personal de Nivel Superior \u2013 CAPES.<\/span><\/p><p>El evento se enmarca en la 22\u00aa Semana Nacional de Ciencia y Tecnolog\u00eda (SNCT), que este a\u00f1o tiene como tema: \u201cPlaneta Agua: cultura oce\u00e1nica para enfrentar el cambio clim\u00e1tico en mi territorio\u201d.<\/p><p>Pueden participar estudiantes de escuelas p\u00fablicas y privadas de Rio Grande do Norte. Las escuelas deben inscribirse antes del 13 de octubre mediante el formulario electr\u00f3nico disponible en la convocatoria.<\/p><p>La Feria de Ciencias est\u00e1 abierta a estudiantes de primaria, secundaria y formaci\u00f3n profesional, quienes pueden presentar sus trabajos en stands o carteles. Los temas incluyen ciencia y tecnolog\u00edas sociales, agua, alimentaci\u00f3n, clima, econom\u00eda y sociedad digitales, y salud, entre otros. Las propuestas pueden presentarse individualmente o en grupo, seg\u00fan las bases del anuncio.<\/p><p>Las presentaciones ser\u00e1n evaluadas por un comit\u00e9 cient\u00edfico. Al final de cada jornada, los mejores trabajos recibir\u00e1n trofeos y medallas en una ceremonia especial. Los estudiantes y profesores que presenten sus trabajos en la Feria de Ciencias recibir\u00e1n un certificado de participaci\u00f3n.<\/p><p>Adem\u00e1s de las presentaciones de proyectos, el programa incluye talleres de ciencias para estudiantes de preescolar, primaria y secundaria. Las actividades incluyen experimentos, juegos y pr\u00e1cticas l\u00fadicas sobre neurociencia, neuroingenier\u00eda, cultura oce\u00e1nica y la Agenda 2030 para el Desarrollo Sostenible (ODS).<\/p><p>Para participar en cualquier modalidad, el colegio debe seleccionar a los estudiantes interesados y completar el formulario de inscripci\u00f3n disponible en la convocatoria. La inscripci\u00f3n debe ser realizada por la administraci\u00f3n, el coordinador pedag\u00f3gico o el profesorado, con el consentimiento de los tutores legales en el caso de los estudiantes menores de 18 a\u00f1os.<\/p><p>El objetivo de la Semana Nacional de Ciencia y Tecnolog\u00eda es popularizar la ciencia en el pa\u00eds, especialmente entre los estudiantes de escuelas p\u00fablicas, promoviendo un espacio de reflexi\u00f3n y di\u00e1logo que re\u00fana a la comunidad cient\u00edfica, docentes, investigadores, estudiantes y p\u00fablico en general.<\/p>\t\t\t\t\t\t\t\t<\/div>\n\t\t\t\t<\/div>\n\t\t\t\t<div class=\"elementor-element elementor-element-65d751d elementor-align-center elementor-widget elementor-widget-button\" data-id=\"65d751d\" data-element_type=\"widget\" data-widget_type=\"button.default\">\n\t\t\t\t<div class=\"elementor-widget-container\">\n\t\t\t\t\t\t\t\t\t<div class=\"elementor-button-wrapper\">\n\t\t\t\t\t<a class=\"elementor-button elementor-button-link elementor-size-sm\" href=\"https:\/\/institutosantosdumont.org.br\/wp-content\/uploads\/2025\/09\/Edital-Semana-Nacional-de-Ciencia-e-Tecnologia.docx-1.pdf\">\n\t\t\t\t\t\t<span class=\"elementor-button-content-wrapper\">\n\t\t\t\t\t\t\t\t\t<span class=\"elementor-button-text\">Accede al aviso<\/span>\n\t\t\t\t\t<\/span>\n\t\t\t\t\t<\/a>\n\t\t\t\t<\/div>\n\t\t\t\t\t\t\t\t<\/div>\n\t\t\t\t<\/div>\n\t\t\t\t<div class=\"elementor-element elementor-element-a04cf81 elementor-widget elementor-widget-image\" data-id=\"a04cf81\" data-element_type=\"widget\" data-widget_type=\"image.default\">\n\t\t\t\t<div class=\"elementor-widget-container\">\n\t\t\t\t\t\t\t\t\t\t\t\t\t\t\t<img decoding=\"async\" width=\"800\" height=\"450\" src=\"https:\/\/institutosantosdumont.org.br\/wp-content\/uploads\/2025\/09\/2808-a-1310-de-2025-2-1024x576.webp\" class=\"attachment-large size-large wp-image-33435\" alt=\"\" srcset=\"https:\/\/institutosantosdumont.org.br\/wp-content\/uploads\/2025\/09\/2808-a-1310-de-2025-2-1024x576.webp 1024w, https:\/\/institutosantosdumont.org.br\/wp-content\/uploads\/2025\/09\/2808-a-1310-de-2025-2-300x169.webp 300w, https:\/\/institutosantosdumont.org.br\/wp-content\/uploads\/2025\/09\/2808-a-1310-de-2025-2-768x432.webp 768w, https:\/\/institutosantosdumont.org.br\/wp-content\/uploads\/2025\/09\/2808-a-1310-de-2025-2-1536x864.webp 1536w, https:\/\/institutosantosdumont.org.br\/wp-content\/uploads\/2025\/09\/2808-a-1310-de-2025-2-18x10.webp 18w, https:\/\/institutosantosdumont.org.br\/wp-content\/uploads\/2025\/09\/2808-a-1310-de-2025-2.webp 1920w\" sizes=\"(max-width: 800px) 100vw, 800px\" \/>\t\t\t\t\t\t\t\t\t\t\t\t\t\t\t<\/div>\n\t\t\t\t<\/div>\n\t\t\t\t\t<\/div>\n\t\t\t\t<\/div>\n\t\t<div class=\"elementor-element elementor-element-6f01298 e-grid e-con-boxed e-con e-parent\" data-id=\"6f01298\" data-element_type=\"container\">\n\t\t\t\t\t<div class=\"e-con-inner\">\n\t\t\t\t<div class=\"elementor-element elementor-element-8214af9 elementor-widget elementor-widget-image\" data-id=\"8214af9\" data-element_type=\"widget\" data-widget_type=\"image.default\">\n\t\t\t\t<div class=\"elementor-widget-container\">\n\t\t\t\t\t\t\t\t\t\t\t\t\t\t\t<img decoding=\"async\" width=\"800\" height=\"566\" src=\"https:\/\/institutosantosdumont.org.br\/wp-content\/uploads\/2025\/08\/feira-1024x724.png\" class=\"attachment-large size-large wp-image-33236\" alt=\"\" srcset=\"https:\/\/institutosantosdumont.org.br\/wp-content\/uploads\/2025\/08\/feira-1024x724.png 1024w, https:\/\/institutosantosdumont.org.br\/wp-content\/uploads\/2025\/08\/feira-300x212.png 300w, https:\/\/institutosantosdumont.org.br\/wp-content\/uploads\/2025\/08\/feira-768x543.png 768w, https:\/\/institutosantosdumont.org.br\/wp-content\/uploads\/2025\/08\/feira-1536x1086.png 1536w, https:\/\/institutosantosdumont.org.br\/wp-content\/uploads\/2025\/08\/feira-18x12.png 18w, https:\/\/institutosantosdumont.org.br\/wp-content\/uploads\/2025\/08\/feira.png 2000w\" sizes=\"(max-width: 800px) 100vw, 800px\" \/>\t\t\t\t\t\t\t\t\t\t\t\t\t\t\t<\/div>\n\t\t\t\t<\/div>\n\t\t\t\t\t<\/div>\n\t\t\t\t<\/div>\n\t\t\t\t<\/div>","protected":false},"excerpt":{"rendered":"<p>La edici\u00f3n 2025 de la Feria de Ciencias y Exposiciones Cient\u00edficas del Instituto Santos Dumont (ISD) se llevar\u00e1 a cabo los d\u00edas 22, 23 y 24 de octubre en el Instituto Internacional de Neurociencia Edmond y Lily Safra (IIN-ELS) en Maca\u00edba, Rio Grande do Norte. Esta edici\u00f3n cuenta con el apoyo del Consejo Nacional de Desarrollo Cient\u00edfico y Tecnol\u00f3gico (CNPq) y del Fondo Nacional para la Investigaci\u00f3n Cient\u00edfica y Tecnol\u00f3gica (FNIC).<\/p>","protected":false},"author":10,"featured_media":0,"parent":0,"menu_order":0,"comment_status":"closed","ping_status":"closed","template":"","meta":{"_acf_changed":false,"footnotes":""},"class_list":["post-33232","page","type-page","status-publish","hentry"],"acf":[],"_links":{"self":[{"href":"https:\/\/institutosantosdumont.org.br\/es\/wp-json\/wp\/v2\/pages\/33232","targetHints":{"allow":["GET"]}}],"collection":[{"href":"https:\/\/institutosantosdumont.org.br\/es\/wp-json\/wp\/v2\/pages"}],"about":[{"href":"https:\/\/institutosantosdumont.org.br\/es\/wp-json\/wp\/v2\/types\/page"}],"author":[{"embeddable":true,"href":"https:\/\/institutosantosdumont.org.br\/es\/wp-json\/wp\/v2\/users\/10"}],"replies":[{"embeddable":true,"href":"https:\/\/institutosantosdumont.org.br\/es\/wp-json\/wp\/v2\/comments?post=33232"}],"version-history":[{"count":34,"href":"https:\/\/institutosantosdumont.org.br\/es\/wp-json\/wp\/v2\/pages\/33232\/revisions"}],"predecessor-version":[{"id":33438,"href":"https:\/\/institutosantosdumont.org.br\/es\/wp-json\/wp\/v2\/pages\/33232\/revisions\/33438"}],"wp:attachment":[{"href":"https:\/\/institutosantosdumont.org.br\/es\/wp-json\/wp\/v2\/media?parent=33232"}],"curies":[{"name":"wp","href":"https:\/\/api.w.org\/{rel}","templated":true}]}}