{"id":33468,"date":"2025-09-24T16:04:36","date_gmt":"2025-09-24T19:04:36","guid":{"rendered":"https:\/\/institutosantosdumont.org.br\/?page_id=33468"},"modified":"2025-09-25T11:01:09","modified_gmt":"2025-09-25T14:01:09","slug":"eventos","status":"publish","type":"page","link":"https:\/\/institutosantosdumont.org.br\/es\/eventos\/","title":{"rendered":"Eventos"},"content":{"rendered":"<div data-elementor-type=\"wp-page\" data-elementor-id=\"33468\" class=\"elementor elementor-33468\" data-elementor-post-type=\"page\">\n\t\t\t\t<div class=\"elementor-element elementor-element-aa7a284 e-flex e-con-boxed e-con e-parent\" data-id=\"aa7a284\" data-element_type=\"container\">\n\t\t\t\t\t<div class=\"e-con-inner\">\n\t\t\t\t<div class=\"elementor-element elementor-element-9e1a8f1 elementor-pagination-position-inside elementor-arrows-position-inside elementor-widget elementor-widget-image-carousel\" data-id=\"9e1a8f1\" data-element_type=\"widget\" data-settings=\"{&quot;navigation&quot;:&quot;both&quot;,&quot;autoplay&quot;:&quot;yes&quot;,&quot;pause_on_hover&quot;:&quot;yes&quot;,&quot;pause_on_interaction&quot;:&quot;yes&quot;,&quot;autoplay_speed&quot;:5000,&quot;infinite&quot;:&quot;yes&quot;,&quot;speed&quot;:500}\" data-widget_type=\"image-carousel.default\">\n\t\t\t\t<div class=\"elementor-widget-container\">\n\t\t\t\t\t\t\t<div class=\"elementor-image-carousel-wrapper swiper\" role=\"region\" aria-roledescription=\"carousel\" aria-label=\"Carrusel de im\u00e1genes\" dir=\"ltr\">\n\t\t\t<div class=\"elementor-image-carousel swiper-wrapper\" aria-live=\"off\">\n\t\t\t\t\t\t\t\t<div class=\"swiper-slide\" role=\"group\" aria-roledescription=\"slide\" aria-label=\"1 de 7\" data-no-translation-aria-label=\"\"><figure class=\"swiper-slide-inner\"><img decoding=\"async\" class=\"swiper-slide-image\" src=\"https:\/\/institutosantosdumont.org.br\/wp-content\/uploads\/2025\/08\/Abertas-as-inscricoes-para-a-Feira-de-Ciencias-e-Mostras-Cientificas-do-ISD-escolas-de-todo-o-RN-podem-participar-Foto_Ascom_ISD-1-300x225.jpg\" alt=\"Abertas as inscri\u00e7\u00f5es para a Feira de Ci\u00eancias e Mostras Cient\u00edficas do ISD; escolas de todo o RN podem participar - Foto_Ascom_ISD (1)\" \/><\/figure><\/div><div class=\"swiper-slide\" role=\"group\" aria-roledescription=\"slide\" aria-label=\"2 de 7\" data-no-translation-aria-label=\"\"><figure class=\"swiper-slide-inner\"><img decoding=\"async\" class=\"swiper-slide-image\" src=\"https:\/\/institutosantosdumont.org.br\/wp-content\/uploads\/2025\/06\/IMG_6265-300x225.jpeg\" alt=\"IMG_6265\" \/><\/figure><\/div><div class=\"swiper-slide\" role=\"group\" aria-roledescription=\"slide\" aria-label=\"3 de 7\" data-no-translation-aria-label=\"\"><figure class=\"swiper-slide-inner\"><img decoding=\"async\" class=\"swiper-slide-image\" src=\"https:\/\/institutosantosdumont.org.br\/wp-content\/uploads\/2025\/06\/II-Jornada-da-Rede-de-Cuidados-do-RN-reune-autoridades-e-destaca-papel-do-PTS-na-transformacao-do-cuidado-a-pessoa-com-deficiencia-Foto_Ascom_ISD-300x169.jpeg\" alt=\"II Jornada da Rede de Cuidados do RN re\u00fane autoridades e destaca papel do PTS na transforma\u00e7\u00e3o do cuidado \u00e0 pessoa com defici\u00eancia - Foto_Ascom_ISD\" \/><\/figure><\/div><div class=\"swiper-slide\" role=\"group\" aria-roledescription=\"slide\" aria-label=\"4 de 7\" data-no-translation-aria-label=\"\"><figure class=\"swiper-slide-inner\"><img decoding=\"async\" class=\"swiper-slide-image\" src=\"https:\/\/institutosantosdumont.org.br\/wp-content\/uploads\/2025\/05\/O-evento-reune-estudantes-pesquisadores-profissionais-e-demais-interessados-nas-areas-de-neuromodulacao-e-neuroengenharia.-Foto-Ascom-ISD-300x225.jpeg\" alt=\"O evento re\u00fane estudantes, pesquisadores, profissionais e demais interessados nas \u00e1reas de neuromodula\u00e7\u00e3o e neuroengenharia. Foto - Ascom ISD\" \/><\/figure><\/div><div class=\"swiper-slide\" role=\"group\" aria-roledescription=\"slide\" aria-label=\"5 de 7\" data-no-translation-aria-label=\"\"><figure class=\"swiper-slide-inner\"><img decoding=\"async\" class=\"swiper-slide-image\" src=\"https:\/\/institutosantosdumont.org.br\/wp-content\/uploads\/2025\/03\/Brain-Week-6-300x225.jpeg\" alt=\"Brain Week (6)\" \/><\/figure><\/div><div class=\"swiper-slide\" role=\"group\" aria-roledescription=\"slide\" aria-label=\"6 de 7\" data-no-translation-aria-label=\"\"><figure class=\"swiper-slide-inner\"><img decoding=\"async\" class=\"swiper-slide-image\" src=\"https:\/\/institutosantosdumont.org.br\/wp-content\/uploads\/2025\/03\/IMG_2393-300x225.jpg\" alt=\"IMG_2393\" \/><\/figure><\/div><div class=\"swiper-slide\" role=\"group\" aria-roledescription=\"slide\" aria-label=\"7 de 7\" data-no-translation-aria-label=\"\"><figure class=\"swiper-slide-inner\"><img decoding=\"async\" class=\"swiper-slide-image\" src=\"https:\/\/institutosantosdumont.org.br\/wp-content\/uploads\/2025\/02\/IMG_4391-300x225.jpg\" alt=\"IMG_4391\" \/><\/figure><\/div>\t\t\t<\/div>\n\t\t\t\t\t\t\t\t\t\t\t\t<div class=\"elementor-swiper-button elementor-swiper-button-prev\" role=\"button\" tabindex=\"0\">\n\t\t\t\t\t\t<i aria-hidden=\"true\" class=\"eicon-chevron-left\"><\/i>\t\t\t\t\t<\/div>\n\t\t\t\t\t<div class=\"elementor-swiper-button elementor-swiper-button-next\" role=\"button\" tabindex=\"0\">\n\t\t\t\t\t\t<i aria-hidden=\"true\" class=\"eicon-chevron-right\"><\/i>\t\t\t\t\t<\/div>\n\t\t\t\t\n\t\t\t\t\t\t\t\t\t<div class=\"swiper-pagination\"><\/div>\n\t\t\t\t\t\t\t\t\t<\/div>\n\t\t\t\t\t\t<\/div>\n\t\t\t\t<\/div>\n\t\t\t\t\t<\/div>\n\t\t\t\t<\/div>\n\t\t<div class=\"elementor-element elementor-element-422f15a e-flex e-con-boxed e-con e-parent\" data-id=\"422f15a\" data-element_type=\"container\">\n\t\t\t\t\t<div class=\"e-con-inner\">\n\t\t\t\t<div class=\"elementor-element elementor-element-36a7965 elementor-widget elementor-widget-heading\" data-id=\"36a7965\" data-element_type=\"widget\" data-widget_type=\"heading.default\">\n\t\t\t\t<div class=\"elementor-widget-container\">\n\t\t\t\t\t<h2 class=\"elementor-heading-title elementor-size-default\"><div data-id=\"10ba852d\" data-element_type=\"widget\" data-widget_type=\"heading.default\" style=\"align-self: auto;flex: 0 1 auto;align-items: normal;flex-flow: row;gap: normal;--widgets-spacing: 20px 20px;--widgets-spacing-row: 20px;--widgets-spacing-column: 20px;width: 1120.8px;margin-bottom: 20px;margin-block-end: 20px;font-size: 16px\"><div><h3><b><span style=\"font-family: Raleway, sans-serif;font-size: 2rem\">Simposio de Neuroingenier\u00eda<\/span><span style=\"font-family: Raleway, sans-serif;font-size: 2rem\"><\/span><\/b><\/h3><\/div><\/div><\/h2>\t\t\t\t<\/div>\n\t\t\t\t<\/div>\n\t\t\t\t<div class=\"elementor-element elementor-element-aa9e1d9 elementor-widget elementor-widget-text-editor\" data-id=\"aa9e1d9\" data-element_type=\"widget\" data-widget_type=\"text-editor.default\">\n\t\t\t\t<div class=\"elementor-widget-container\">\n\t\t\t\t\t\t\t\t\t<p style=\"color: #216161; text-align: justify;\">EL\u00a0<span style=\"font-weight: bolder;\">Simposio de Neuroingenier\u00eda<\/span>\u00a0tiene como objetivo estimular y ampliar la producci\u00f3n cient\u00edfica, tecnol\u00f3gica y de extensi\u00f3n en la investigaci\u00f3n traslacional e interdisciplinaria; y proporcionar y estimular la cooperaci\u00f3n t\u00e9cnica, cient\u00edfica y acad\u00e9mica en la regi\u00f3n NE, principalmente a trav\u00e9s del suministro de una estructura de laboratorio interdisciplinaria abierta a programas de posgrado en Brasil y en el exterior. Adem\u00e1s de su car\u00e1cter cient\u00edfico y tecnol\u00f3gico, este simposio tambi\u00e9n ha sido un importante agente para estimular la participaci\u00f3n de estudiantes de secundaria de escuelas p\u00fablicas de la regi\u00f3n.<\/p>\t\t\t\t\t\t\t\t<\/div>\n\t\t\t\t<\/div>\n\t\t\t\t<div class=\"elementor-element elementor-element-b2aa057 elementor-align-center elementor-widget elementor-widget-button\" data-id=\"b2aa057\" data-element_type=\"widget\" data-widget_type=\"button.default\">\n\t\t\t\t<div class=\"elementor-widget-container\">\n\t\t\t\t\t\t\t\t\t<div class=\"elementor-button-wrapper\">\n\t\t\t\t\t<a class=\"elementor-button elementor-button-link elementor-size-sm\" href=\"https:\/\/institutosantosdumont.org.br\/es\/simposio-de-neuroengenharia\/\">\n\t\t\t\t\t\t<span class=\"elementor-button-content-wrapper\">\n\t\t\t\t\t\t<span class=\"elementor-button-icon\">\n\t\t\t\t<i aria-hidden=\"true\" class=\"fas fa-chevron-circle-right\"><\/i>\t\t\t<\/span>\n\t\t\t\t\t\t\t\t\t<span class=\"elementor-button-text\">Accede a la \u00faltima edici\u00f3n<\/span>\n\t\t\t\t\t<\/span>\n\t\t\t\t\t<\/a>\n\t\t\t\t<\/div>\n\t\t\t\t\t\t\t\t<\/div>\n\t\t\t\t<\/div>\n\t\t<div class=\"elementor-element elementor-element-50acad6 e-con-full e-flex e-con e-child\" data-id=\"50acad6\" data-element_type=\"container\">\n\t\t\t\t<div class=\"elementor-element elementor-element-8250233 elementor-widget elementor-widget-heading\" data-id=\"8250233\" data-element_type=\"widget\" data-widget_type=\"heading.default\">\n\t\t\t\t<div class=\"elementor-widget-container\">\n\t\t\t\t\t<h2 class=\"elementor-heading-title elementor-size-default\"><div data-id=\"10ba852d\" data-element_type=\"widget\" data-widget_type=\"heading.default\" style=\"align-self: auto;flex: 0 1 auto;align-items: normal;flex-flow: row;gap: normal;--widgets-spacing: 20px 20px;--widgets-spacing-row: 20px;--widgets-spacing-column: 20px;width: 1120.8px;margin-bottom: 20px;margin-block-end: 20px\"><div><h3><b><span style=\"font-size: 32px\">Viaje de la red de atenci\u00f3n <\/span><\/b><b style=\"color: inherit;font-family: inherit;font-size: 1.75rem\"><span style=\"font-size: 32px\">el <\/span><span style=\"color: inherit;font-family: inherit;font-size: 32px\">Persona con discapacidad<\/span><\/b><\/h3><\/div><\/div><\/h2>\t\t\t\t<\/div>\n\t\t\t\t<\/div>\n\t\t\t\t<div class=\"elementor-element elementor-element-52fbe30 elementor-widget elementor-widget-text-editor\" data-id=\"52fbe30\" data-element_type=\"widget\" data-widget_type=\"text-editor.default\">\n\t\t\t\t<div class=\"elementor-widget-container\">\n\t\t\t\t\t\t\t\t\t<p style=\"text-align: justify;\"><span style=\"color: #216161;\">EL <strong>Conferencia de la Red de Atenci\u00f3n a Personas con Discapacidad de Rio Grande do Norte<\/strong> es un evento anual de extensi\u00f3n organizado por el ISD, cuyo principal objetivo es promover acciones asistenciales centradas en el paciente y la familia con car\u00e1cter investigativo, docente y extensionista, as\u00ed como fortalecer la integraci\u00f3n entre usuarios y trabajadores que trabajan en la rehabilitaci\u00f3n de pacientes.\u00a0<\/span><\/p>\t\t\t\t\t\t\t\t<\/div>\n\t\t\t\t<\/div>\n\t\t\t\t<div class=\"elementor-element elementor-element-a15ce6e elementor-align-center elementor-widget elementor-widget-button\" data-id=\"a15ce6e\" data-element_type=\"widget\" data-widget_type=\"button.default\">\n\t\t\t\t<div class=\"elementor-widget-container\">\n\t\t\t\t\t\t\t\t\t<div class=\"elementor-button-wrapper\">\n\t\t\t\t\t<a class=\"elementor-button elementor-button-link elementor-size-sm\" href=\"https:\/\/institutosantosdumont.org.br\/es\/jornada-da-rede-de-cuidados-pcd\/\">\n\t\t\t\t\t\t<span class=\"elementor-button-content-wrapper\">\n\t\t\t\t\t\t<span class=\"elementor-button-icon\">\n\t\t\t\t<i aria-hidden=\"true\" class=\"fas fa-chevron-circle-right\"><\/i>\t\t\t<\/span>\n\t\t\t\t\t\t\t\t\t<span class=\"elementor-button-text\">Accede a la \u00faltima edici\u00f3n<\/span>\n\t\t\t\t\t<\/span>\n\t\t\t\t\t<\/a>\n\t\t\t\t<\/div>\n\t\t\t\t\t\t\t\t<\/div>\n\t\t\t\t<\/div>\n\t\t\t\t<\/div>\n\t\t<div class=\"elementor-element elementor-element-c703d4c e-con-full e-flex e-con e-child\" data-id=\"c703d4c\" data-element_type=\"container\">\n\t\t\t\t<div class=\"elementor-element elementor-element-ebc5dbb elementor-widget elementor-widget-heading\" data-id=\"ebc5dbb\" data-element_type=\"widget\" data-widget_type=\"heading.default\">\n\t\t\t\t<div class=\"elementor-widget-container\">\n\t\t\t\t\t<h2 class=\"elementor-heading-title elementor-size-default\">Jornada de Intervenci\u00f3n Multidisciplinar en Vejiga Neurog\u00e9nica<\/h2>\t\t\t\t<\/div>\n\t\t\t\t<\/div>\n\t\t\t\t<div class=\"elementor-element elementor-element-80b8a35 elementor-widget elementor-widget-text-editor\" data-id=\"80b8a35\" data-element_type=\"widget\" data-widget_type=\"text-editor.default\">\n\t\t\t\t<div class=\"elementor-widget-container\">\n\t\t\t\t\t\t\t\t\t<p style=\"text-align: justify;\">La primera edici\u00f3n de <b>Jornada de Intervenci\u00f3n Multidisciplinar en Vejiga Neurog\u00e9nica <\/b>El evento se llev\u00f3 a cabo en 2017 en colaboraci\u00f3n con la Universidad Federal de Rio Grande do Norte (UFRN). Se centr\u00f3 en la atenci\u00f3n multidisciplinaria a ni\u00f1os con Vejiga Neurog\u00e9nica (VN) en general, analizando las iniciativas actuales para atender a estos pacientes y c\u00f3mo se pueden mejorar las estrategias de atenci\u00f3n. Tambi\u00e9n se centr\u00f3 en el marco de la Clasificaci\u00f3n Internacional del Funcionamiento, la Discapacidad y la Salud (CIF) para la VN, la disfunci\u00f3n vesical e intestinal en pacientes con Lesi\u00f3n Medular, y se brind\u00f3 apoyo psicol\u00f3gico a las familias de ni\u00f1os con VN.<\/p>\t\t\t\t\t\t\t\t<\/div>\n\t\t\t\t<\/div>\n\t\t\t\t<div class=\"elementor-element elementor-element-0e5982c elementor-align-center elementor-widget elementor-widget-button\" data-id=\"0e5982c\" data-element_type=\"widget\" data-widget_type=\"button.default\">\n\t\t\t\t<div class=\"elementor-widget-container\">\n\t\t\t\t\t\t\t\t\t<div class=\"elementor-button-wrapper\">\n\t\t\t\t\t<a class=\"elementor-button elementor-button-link elementor-size-sm\" href=\"https:\/\/www.sympla.com.br\/evento\/iv-jornada-de-urologia-do-rn-e-vii-jornada-de-intervencao-multiprofissional-na-bexiga-neurogenica\/2897911\" target=\"_blank\" rel=\"noopener noreferrer nofollow\">\n\t\t\t\t\t\t<span class=\"elementor-button-content-wrapper\">\n\t\t\t\t\t\t<span class=\"elementor-button-icon\">\n\t\t\t\t<i aria-hidden=\"true\" class=\"fas fa-chevron-circle-right\"><\/i>\t\t\t<\/span>\n\t\t\t\t\t\t\t\t\t<span class=\"elementor-button-text\">Accede a la \u00faltima edici\u00f3n<\/span>\n\t\t\t\t\t<\/span>\n\t\t\t\t\t<\/a>\n\t\t\t\t<\/div>\n\t\t\t\t\t\t\t\t<\/div>\n\t\t\t\t<\/div>\n\t\t\t\t<\/div>\n\t\t<div class=\"elementor-element elementor-element-0d1d247 e-con-full e-flex e-con e-child\" data-id=\"0d1d247\" data-element_type=\"container\">\n\t\t\t\t<div class=\"elementor-element elementor-element-3efc6ed elementor-widget elementor-widget-heading\" data-id=\"3efc6ed\" data-element_type=\"widget\" data-widget_type=\"heading.default\">\n\t\t\t\t<div class=\"elementor-widget-container\">\n\t\t\t\t\t<h2 class=\"elementor-heading-title elementor-size-default\">Feria de Ciencias y Exposiciones Cient\u00edficas de ISD<\/h2>\t\t\t\t<\/div>\n\t\t\t\t<\/div>\n\t\t\t\t<div class=\"elementor-element elementor-element-61916ea elementor-widget elementor-widget-text-editor\" data-id=\"61916ea\" data-element_type=\"widget\" data-widget_type=\"text-editor.default\">\n\t\t\t\t<div class=\"elementor-widget-container\">\n\t\t\t\t\t\t\t\t\t<p>EL <b>Feria de Ciencias y Exposiciones Cient\u00edficas<\/b> Se realiza con el apoyo del Consejo Nacional de Desarrollo Cient\u00edfico y Tecnol\u00f3gico (CNPq) y el Ministerio de Ciencia, Tecnolog\u00eda e Innovaci\u00f3n, y forma parte de la Semana Nacional de Ciencia y Tecnolog\u00eda. El evento se celebra anualmente en el Instituto Internacional de Neurociencias Edmond y Lily Safra (IIN-ELS), una unidad del Instituto Santos Dumont en Maca\u00edba.<\/p><p>\u00a0<\/p>\t\t\t\t\t\t\t\t<\/div>\n\t\t\t\t<\/div>\n\t\t\t\t<div class=\"elementor-element elementor-element-113ace9 elementor-align-center elementor-widget elementor-widget-button\" data-id=\"113ace9\" data-element_type=\"widget\" data-widget_type=\"button.default\">\n\t\t\t\t<div class=\"elementor-widget-container\">\n\t\t\t\t\t\t\t\t\t<div class=\"elementor-button-wrapper\">\n\t\t\t\t\t<a class=\"elementor-button elementor-button-link elementor-size-sm\" href=\"https:\/\/institutosantosdumont.org.br\/es\/feira-de-ciencias-mostras-cientificas-do-isd\/\">\n\t\t\t\t\t\t<span class=\"elementor-button-content-wrapper\">\n\t\t\t\t\t\t<span class=\"elementor-button-icon\">\n\t\t\t\t<i aria-hidden=\"true\" class=\"fas fa-chevron-circle-right\"><\/i>\t\t\t<\/span>\n\t\t\t\t\t\t\t\t\t<span class=\"elementor-button-text\">Accede a la \u00faltima edici\u00f3n<\/span>\n\t\t\t\t\t<\/span>\n\t\t\t\t\t<\/a>\n\t\t\t\t<\/div>\n\t\t\t\t\t\t\t\t<\/div>\n\t\t\t\t<\/div>\n\t\t<div class=\"elementor-element elementor-element-3b649d5 e-con-full e-flex e-con e-child\" data-id=\"3b649d5\" data-element_type=\"container\">\n\t\t\t\t<div class=\"elementor-element elementor-element-8e4a434 elementor-widget elementor-widget-heading\" data-id=\"8e4a434\" data-element_type=\"widget\" data-widget_type=\"heading.default\">\n\t\t\t\t<div class=\"elementor-widget-container\">\n\t\t\t\t\t<h2 class=\"elementor-heading-title elementor-size-default\">Semana del cerebro<\/h2>\t\t\t\t<\/div>\n\t\t\t\t<\/div>\n\t\t\t\t<div class=\"elementor-element elementor-element-fe57b09 elementor-widget elementor-widget-text-editor\" data-id=\"fe57b09\" data-element_type=\"widget\" data-widget_type=\"text-editor.default\">\n\t\t\t\t<div class=\"elementor-widget-container\">\n\t\t\t\t\t\t\t\t\t<p>EL <b>Semana del Cerebro de ISD <\/b>Ofrece a estudiantes de primaria y secundaria la oportunidad de desentra\u00f1ar los misterios del cerebro y aprender sobre el mundo de la neurociencia. Con el apoyo de la Organizaci\u00f3n de Investigaci\u00f3n Cerebral (IBRO) y la Fundaci\u00f3n Dana, el objetivo principal del evento es ampliar y presentar el conocimiento cient\u00edfico al p\u00fablico general, con actividades que abarcan diversos temas. En ISD, la programaci\u00f3n incluye interfaces cerebro-computadora, control de computadoras y mucho m\u00e1s.<\/p>\t\t\t\t\t\t\t\t<\/div>\n\t\t\t\t<\/div>\n\t\t\t\t<div class=\"elementor-element elementor-element-46ca7a6 elementor-align-center elementor-widget elementor-widget-button\" data-id=\"46ca7a6\" data-element_type=\"widget\" data-widget_type=\"button.default\">\n\t\t\t\t<div class=\"elementor-widget-container\">\n\t\t\t\t\t\t\t\t\t<div class=\"elementor-button-wrapper\">\n\t\t\t\t\t<a class=\"elementor-button elementor-button-link elementor-size-sm\" href=\"https:\/\/institutosantosdumont.org.br\/es\/semana-do-cerebro-brain-week-2024\/\">\n\t\t\t\t\t\t<span class=\"elementor-button-content-wrapper\">\n\t\t\t\t\t\t<span class=\"elementor-button-icon\">\n\t\t\t\t<i aria-hidden=\"true\" class=\"fas fa-chevron-circle-right\"><\/i>\t\t\t<\/span>\n\t\t\t\t\t\t\t\t\t<span class=\"elementor-button-text\">Accede a la \u00faltima edici\u00f3n<\/span>\n\t\t\t\t\t<\/span>\n\t\t\t\t\t<\/a>\n\t\t\t\t<\/div>\n\t\t\t\t\t\t\t\t<\/div>\n\t\t\t\t<\/div>\n\t\t\t\t<\/div>\n\t\t<div class=\"elementor-element elementor-element-84312fd e-con-full e-flex e-con e-child\" data-id=\"84312fd\" data-element_type=\"container\">\n\t\t\t\t<div class=\"elementor-element elementor-element-6a4a8b8 elementor-widget elementor-widget-heading\" data-id=\"6a4a8b8\" data-element_type=\"widget\" data-widget_type=\"heading.default\">\n\t\t\t\t<div class=\"elementor-widget-container\">\n\t\t\t\t\t<h2 class=\"elementor-heading-title elementor-size-default\">Mecanismos neuronales de la funci\u00f3n cognitiva\n<\/h2>\t\t\t\t<\/div>\n\t\t\t\t<\/div>\n\t\t\t\t<div class=\"elementor-element elementor-element-d1fba07 elementor-widget elementor-widget-text-editor\" data-id=\"d1fba07\" data-element_type=\"widget\" data-widget_type=\"text-editor.default\">\n\t\t\t\t<div class=\"elementor-widget-container\">\n\t\t\t\t\t\t\t\t\t<p data-start=\"54\" data-end=\"959\">Este evento busca promover un debate integrador sobre los mecanismos neuronales fisiol\u00f3gicos y los estados internos que dan lugar a las funciones cognitivas. En su primera edici\u00f3n, el evento cont\u00f3 con ponencias de reconocidos investigadores de diferentes campos y pa\u00edses, garantizando la representaci\u00f3n de la diversidad de g\u00e9nero, cultural y acad\u00e9mica. Los temas abordados incluyeron la circuiter\u00eda y la base celular de las funciones cognitivas, los modelos computacionales y las oscilaciones cerebrales.<\/p>\t\t\t\t\t\t\t\t<\/div>\n\t\t\t\t<\/div>\n\t\t\t\t<div class=\"elementor-element elementor-element-0ff94d6 elementor-align-center elementor-widget elementor-widget-button\" data-id=\"0ff94d6\" data-element_type=\"widget\" data-widget_type=\"button.default\">\n\t\t\t\t<div class=\"elementor-widget-container\">\n\t\t\t\t\t\t\t\t\t<div class=\"elementor-button-wrapper\">\n\t\t\t\t\t<a class=\"elementor-button elementor-button-link elementor-size-sm\" href=\"https:\/\/institutosantosdumont.org.br\/es\/semana-do-cerebro-brain-week-2024\/\">\n\t\t\t\t\t\t<span class=\"elementor-button-content-wrapper\">\n\t\t\t\t\t\t<span class=\"elementor-button-icon\">\n\t\t\t\t<i aria-hidden=\"true\" class=\"fas fa-chevron-circle-right\"><\/i>\t\t\t<\/span>\n\t\t\t\t\t\t\t\t\t<span class=\"elementor-button-text\">Accede a la \u00faltima edici\u00f3n<\/span>\n\t\t\t\t\t<\/span>\n\t\t\t\t\t<\/a>\n\t\t\t\t<\/div>\n\t\t\t\t\t\t\t\t<\/div>\n\t\t\t\t<\/div>\n\t\t\t\t<\/div>\n\t\t<div class=\"elementor-element elementor-element-55821a3 e-con-full e-flex e-con e-child\" data-id=\"55821a3\" data-element_type=\"container\">\n\t\t\t\t<div class=\"elementor-element elementor-element-becc2c2 elementor-widget elementor-widget-heading\" data-id=\"becc2c2\" data-element_type=\"widget\" data-widget_type=\"heading.default\">\n\t\t\t\t<div class=\"elementor-widget-container\">\n\t\t\t\t\t<h2 class=\"elementor-heading-title elementor-size-default\">Reuni\u00f3n de los Comit\u00e9s de \u00c9tica para la Investigaci\u00f3n con Seres Humanos\n<\/h2>\t\t\t\t<\/div>\n\t\t\t\t<\/div>\n\t\t\t\t<div class=\"elementor-element elementor-element-52a6c37 elementor-widget elementor-widget-text-editor\" data-id=\"52a6c37\" data-element_type=\"widget\" data-widget_type=\"text-editor.default\">\n\t\t\t\t<div class=\"elementor-widget-container\">\n\t\t\t\t\t\t\t\t\t<p data-start=\"54\" data-end=\"959\">El p\u00fablico objetivo son investigadores, miembros de comit\u00e9s de investigaci\u00f3n (CEI), participantes de investigaci\u00f3n y personas interesadas en la investigaci\u00f3n con seres humanos. Profesionales de todo Brasil participan en el programa, construyendo un di\u00e1logo colectivo y enriquecedor.<\/p>\t\t\t\t\t\t\t\t<\/div>\n\t\t\t\t<\/div>\n\t\t\t\t<div class=\"elementor-element elementor-element-d8708a6 elementor-align-center elementor-widget elementor-widget-button\" data-id=\"d8708a6\" data-element_type=\"widget\" data-widget_type=\"button.default\">\n\t\t\t\t<div class=\"elementor-widget-container\">\n\t\t\t\t\t\t\t\t\t<div class=\"elementor-button-wrapper\">\n\t\t\t\t\t<a class=\"elementor-button elementor-button-link elementor-size-sm\" href=\"https:\/\/institutosantosdumont.org.br\/es\/encontro-dos-comites-de-etica-em-pesquisa-com-seres-humanos\/\">\n\t\t\t\t\t\t<span class=\"elementor-button-content-wrapper\">\n\t\t\t\t\t\t<span class=\"elementor-button-icon\">\n\t\t\t\t<i aria-hidden=\"true\" class=\"fas fa-chevron-circle-right\"><\/i>\t\t\t<\/span>\n\t\t\t\t\t\t\t\t\t<span class=\"elementor-button-text\">Accede a la \u00faltima edici\u00f3n<\/span>\n\t\t\t\t\t<\/span>\n\t\t\t\t\t<\/a>\n\t\t\t\t<\/div>\n\t\t\t\t\t\t\t\t<\/div>\n\t\t\t\t<\/div>\n\t\t\t\t<\/div>\n\t\t\t\t<\/div>\n\t\t\t\t\t<\/div>\n\t\t\t\t<\/div>\n\t\t\t\t<\/div>","protected":false},"excerpt":{"rendered":"<p>Simposio de Neuroingenier\u00eda El Simposio de Neuroingenier\u00eda tiene como objetivo estimular y ampliar la producci\u00f3n cient\u00edfica, tecnol\u00f3gica y de extensi\u00f3n en la investigaci\u00f3n traslacional e interdisciplinaria; y proporcionar y fomentar la cooperaci\u00f3n t\u00e9cnica, cient\u00edfica y acad\u00e9mica en la regi\u00f3n Noreste, principalmente mediante la puesta a disposici\u00f3n de una estructura de laboratorio interdisciplinaria abierta a programas de posgrado de Brasil y del extranjero. [\u2026]<\/p>","protected":false},"author":10,"featured_media":0,"parent":0,"menu_order":0,"comment_status":"closed","ping_status":"closed","template":"","meta":{"_acf_changed":false,"footnotes":""},"class_list":["post-33468","page","type-page","status-publish","hentry"],"acf":[],"_links":{"self":[{"href":"https:\/\/institutosantosdumont.org.br\/es\/wp-json\/wp\/v2\/pages\/33468","targetHints":{"allow":["GET"]}}],"collection":[{"href":"https:\/\/institutosantosdumont.org.br\/es\/wp-json\/wp\/v2\/pages"}],"about":[{"href":"https:\/\/institutosantosdumont.org.br\/es\/wp-json\/wp\/v2\/types\/page"}],"author":[{"embeddable":true,"href":"https:\/\/institutosantosdumont.org.br\/es\/wp-json\/wp\/v2\/users\/10"}],"replies":[{"embeddable":true,"href":"https:\/\/institutosantosdumont.org.br\/es\/wp-json\/wp\/v2\/comments?post=33468"}],"version-history":[{"count":25,"href":"https:\/\/institutosantosdumont.org.br\/es\/wp-json\/wp\/v2\/pages\/33468\/revisions"}],"predecessor-version":[{"id":33509,"href":"https:\/\/institutosantosdumont.org.br\/es\/wp-json\/wp\/v2\/pages\/33468\/revisions\/33509"}],"wp:attachment":[{"href":"https:\/\/institutosantosdumont.org.br\/es\/wp-json\/wp\/v2\/media?parent=33468"}],"curies":[{"name":"wp","href":"https:\/\/api.w.org\/{rel}","templated":true}]}}