{"id":33495,"date":"2025-09-25T10:51:53","date_gmt":"2025-09-25T13:51:53","guid":{"rendered":"https:\/\/institutosantosdumont.org.br\/?page_id=33495"},"modified":"2025-09-25T15:29:29","modified_gmt":"2025-09-25T18:29:29","slug":"encontro-dos-comites-de-etica-em-pesquisa-com-seres-humanos","status":"publish","type":"page","link":"https:\/\/institutosantosdumont.org.br\/es\/encontro-dos-comites-de-etica-em-pesquisa-com-seres-humanos\/","title":{"rendered":"Reuni\u00f3n de los Comit\u00e9s de \u00c9tica para la Investigaci\u00f3n con Seres Humanos"},"content":{"rendered":"<div data-elementor-type=\"wp-page\" data-elementor-id=\"33495\" class=\"elementor elementor-33495\" data-elementor-post-type=\"page\">\n\t\t\t\t<div class=\"elementor-element elementor-element-f5c8bce e-flex e-con-boxed e-con e-parent\" data-id=\"f5c8bce\" data-element_type=\"container\">\n\t\t\t\t\t<div class=\"e-con-inner\">\n\t\t\t\t<div class=\"elementor-element elementor-element-a2a07bd elementor-widget elementor-widget-image\" data-id=\"a2a07bd\" data-element_type=\"widget\" data-widget_type=\"image.default\">\n\t\t\t\t<div class=\"elementor-widget-container\">\n\t\t\t\t\t\t\t\t\t\t\t\t\t\t\t<img fetchpriority=\"high\" decoding=\"async\" width=\"768\" height=\"348\" src=\"https:\/\/institutosantosdumont.org.br\/wp-content\/uploads\/2025\/09\/ECEP-RN-768x348.webp\" class=\"attachment-medium_large size-medium_large wp-image-33496\" alt=\"\" srcset=\"https:\/\/institutosantosdumont.org.br\/wp-content\/uploads\/2025\/09\/ECEP-RN-768x348.webp 768w, https:\/\/institutosantosdumont.org.br\/wp-content\/uploads\/2025\/09\/ECEP-RN-300x136.webp 300w, https:\/\/institutosantosdumont.org.br\/wp-content\/uploads\/2025\/09\/ECEP-RN-1024x464.webp 1024w, https:\/\/institutosantosdumont.org.br\/wp-content\/uploads\/2025\/09\/ECEP-RN-1536x696.webp 1536w, https:\/\/institutosantosdumont.org.br\/wp-content\/uploads\/2025\/09\/ECEP-RN-18x8.webp 18w, https:\/\/institutosantosdumont.org.br\/wp-content\/uploads\/2025\/09\/ECEP-RN.webp 1620w\" sizes=\"(max-width: 768px) 100vw, 768px\" \/>\t\t\t\t\t\t\t\t\t\t\t\t\t\t\t<\/div>\n\t\t\t\t<\/div>\n\t\t\t\t\t<\/div>\n\t\t\t\t<\/div>\n\t\t<div class=\"elementor-element elementor-element-6a79ea4 e-flex e-con-boxed e-con e-parent\" data-id=\"6a79ea4\" data-element_type=\"container\">\n\t\t\t\t\t<div class=\"e-con-inner\">\n\t\t\t\t<div class=\"elementor-element elementor-element-1d0c830 elementor-widget elementor-widget-text-editor\" data-id=\"1d0c830\" data-element_type=\"widget\" data-widget_type=\"text-editor.default\">\n\t\t\t\t<div class=\"elementor-widget-container\">\n\t\t\t\t\t\t\t\t\t<p>El Instituto Santos Dumont ser\u00e1 sede de la 1.\u00aa Reuni\u00f3n de los Comit\u00e9s de \u00c9tica para la Investigaci\u00f3n con Seres Humanos de Rio Grande do Norte (ECEP-RN) los d\u00edas 30 y 31 de octubre. El evento se llevar\u00e1 a cabo en el Instituto Internacional de Neurociencias Edmond y Lily Safra (IIN-ELS), una unidad del ISD en Maca\u00edba, Rio Grande do Norte.<\/p>\n<p>El p\u00fablico objetivo son investigadores, miembros de Comit\u00e9s de \u00c9tica de la Investigaci\u00f3n con Seres Humanos, participantes de investigaciones y personas interesadas en la investigaci\u00f3n con seres humanos. El programa incluir\u00e1 conferencias impartidas por representantes de la Comisi\u00f3n Nacional de \u00c9tica de la Investigaci\u00f3n (CONEP), investigadores e invitados.<\/p>\n<p>Con el objetivo de promover discusiones que contribuyan al avance y superaci\u00f3n de los desaf\u00edos que diariamente enfrentan los Comit\u00e9s de \u00c9tica en Investigaci\u00f3n, el encuentro ser\u00e1 un espacio de intercambio de experiencias y enriquecimiento del an\u00e1lisis \u00e9tico de las investigaciones que involucran seres humanos, reforzando el compromiso con la protecci\u00f3n de los participantes de investigaci\u00f3n en Brasil.<\/p><p>El evento ser\u00e1 presencial, con posibilidad de asistir a distancia.<\/p>\n<p>La inscripci\u00f3n es gratuita y puede completarse mediante el formulario disponible en el siguiente enlace.<\/p>\t\t\t\t\t\t\t\t<\/div>\n\t\t\t\t<\/div>\n\t\t\t\t<div class=\"elementor-element elementor-element-ec6f277 elementor-align-center elementor-widget elementor-widget-button\" data-id=\"ec6f277\" data-element_type=\"widget\" data-widget_type=\"button.default\">\n\t\t\t\t<div class=\"elementor-widget-container\">\n\t\t\t\t\t\t\t\t\t<div class=\"elementor-button-wrapper\">\n\t\t\t\t\t<a class=\"elementor-button elementor-button-link elementor-size-sm\" href=\"https:\/\/docs.google.com\/forms\/d\/e\/1FAIpQLScPoU6VOnaXzkhXX6fDKwM-KEaXeg8s_Fhi8SK6-eFoAMNKSA\/viewform?usp=send_form\" target=\"_blank\" rel=\"noopener noreferrer nofollow\">\n\t\t\t\t\t\t<span class=\"elementor-button-content-wrapper\">\n\t\t\t\t\t\t\t\t\t<span class=\"elementor-button-text\">Registro<\/span>\n\t\t\t\t\t<\/span>\n\t\t\t\t\t<\/a>\n\t\t\t\t<\/div>\n\t\t\t\t\t\t\t\t<\/div>\n\t\t\t\t<\/div>\n\t\t\t\t\t<\/div>\n\t\t\t\t<\/div>\n\t\t\t\t<\/div>","protected":false},"excerpt":{"rendered":"<p>El Instituto Santos Dumont organiza la 1.\u00aa Reuni\u00f3n de Comit\u00e9s de \u00c9tica en Investigaci\u00f3n con Seres Humanos de Rio Grande do Norte (ECEP RN) los d\u00edas 30 y 31 de octubre. El evento tendr\u00e1 lugar en el Instituto Internacional de Neurociencia Edmond y Lily Safra (IIN-ELS), una unidad del ISD ubicada en Maca\u00edba, Rio Grande do Norte. El p\u00fablico objetivo incluye investigadores, miembros de comit\u00e9s de \u00e9tica y otros profesionales.<\/p>","protected":false},"author":10,"featured_media":0,"parent":0,"menu_order":0,"comment_status":"closed","ping_status":"closed","template":"","meta":{"_acf_changed":false,"footnotes":""},"class_list":["post-33495","page","type-page","status-publish","hentry"],"acf":[],"_links":{"self":[{"href":"https:\/\/institutosantosdumont.org.br\/es\/wp-json\/wp\/v2\/pages\/33495","targetHints":{"allow":["GET"]}}],"collection":[{"href":"https:\/\/institutosantosdumont.org.br\/es\/wp-json\/wp\/v2\/pages"}],"about":[{"href":"https:\/\/institutosantosdumont.org.br\/es\/wp-json\/wp\/v2\/types\/page"}],"author":[{"embeddable":true,"href":"https:\/\/institutosantosdumont.org.br\/es\/wp-json\/wp\/v2\/users\/10"}],"replies":[{"embeddable":true,"href":"https:\/\/institutosantosdumont.org.br\/es\/wp-json\/wp\/v2\/comments?post=33495"}],"version-history":[{"count":9,"href":"https:\/\/institutosantosdumont.org.br\/es\/wp-json\/wp\/v2\/pages\/33495\/revisions"}],"predecessor-version":[{"id":33528,"href":"https:\/\/institutosantosdumont.org.br\/es\/wp-json\/wp\/v2\/pages\/33495\/revisions\/33528"}],"wp:attachment":[{"href":"https:\/\/institutosantosdumont.org.br\/es\/wp-json\/wp\/v2\/media?parent=33495"}],"curies":[{"name":"wp","href":"https:\/\/api.w.org\/{rel}","templated":true}]}}